{"id":6367,"date":"2021-02-16T00:24:49","date_gmt":"2021-02-15T23:24:49","guid":{"rendered":"https:\/\/bontoux.com\/site2021\/?page_id=6367"},"modified":"2021-12-08T09:59:55","modified_gmt":"2021-12-08T08:59:55","slug":"accueil","status":"publish","type":"page","link":"https:\/\/bontoux.com\/site2021\/fr\/","title":{"rendered":"accueil2021"},"content":{"rendered":"<p>[vc_row content_type=&#8221;full&#8221; padding_top=&#8221;0&#8243; padding_bottom=&#8221;0&#8243; background_image=&#8221;0&#8243; el_class=&#8221;homeslider_home&#8221;][vc_column][rev_slider_vc alias=&#8221;homeslider_final&#8221;][\/vc_column][\/vc_row][vc_row background_image=&#8221;29&#8243; background_position=&#8221;left bottom&#8221; background_size=&#8221;default&#8221; el_class=&#8221;personnage&#8221;][vc_column]<h3  style='line-height:1;font-weight:400;letter-spacing:0px;text-transform:uppercase;color:#43367f;' class='titre-section fittext text-center clearfix' data-max-font-size='0'>BIENVENUE DANS L'UNIVERS BONTOUX<\/h3>[vc_row_inner][vc_column_inner width=&#8221;1\/2&#8243;][vc_empty_space height=&#8221;1px&#8221;][\/vc_column_inner][vc_column_inner el_class=&#8221;contenu-texte&#8221; width=&#8221;1\/2&#8243;][vc_empty_space height=&#8221;60px&#8221;][vc_column_text el_class=&#8221;texte-bontoux&#8221;]Producteur d\u2019huiles essentielles depuis 1898 en Haute Provence, nous sommes aujourd\u2019hui un fournisseur d\u2019ingr\u00e9dients aromatiques naturels et d\u2019huiles essentielles, reconnu \u00e0 l\u2019international.[\/vc_column_text]<span class='button-container'><a  class='bouton-section wolf-button medium square icon_after border-button-accent-hover' href='https:\/\/bontoux.com\/site2021\/le-groupe-bontoux\/' target='_self'>D\u00c9COUVREZ NOTRE ENTREPRISE<\/a><\/span>[\/vc_column_inner][\/vc_row_inner][\/vc_column][\/vc_row][vc_row content_type=&#8221;full&#8221; background_color=&#8221;#ffffff&#8221; background_image=&#8221;0&#8243; el_class=&#8221;section_diapo_fond&#8221;][vc_column][rev_slider_vc alias=&#8221;citrus_partner&#8221; el_class=&#8221;slider_cycle_citrus&#8221;][vc_row_inner content_placement=&#8221;middle&#8221; el_class=&#8221;section_sur_slider&#8221;][vc_column_inner el_class=&#8221;bloc-bontoux citrus2&#8243; width=&#8221;1\/3&#8243;][vc_empty_space height=&#8221;10px&#8221;]<div class='wolf-single-image text-center hover-none default'><span class='image-item'><img src='https:\/\/bontoux.com\/site2021\/wp-content\/uploads\/2020\/04\/bon_citrus_mini_picto.png' alt=''  class=''><\/span><\/div>[vc_empty_space height=&#8221;10px&#8221;][vc_column_text]<\/p>\n<h3 style=\"text-align: center; line-height: 1.3em;\"><b>Notre partenariat exclusif \u00e0 la source<\/b><\/h3>\n<p>[\/vc_column_text][vc_empty_space height=&#8221;10px&#8221;][vc_column_text]<\/p>\n<p style=\"text-align: center;\">Partenariat exclusif pour\u00a0la <strong>bergamote biologique<\/strong>\u00a0en Calabre avec\u00a0<strong>l\u2019entreprise familiale Patea Azienda Agricola.<\/strong><\/p>\n<p><iframe title=\"BONTOUX PATEA EXCLUSIVE PARTNERSHIP ORGANIC CERTIFIED BERGAMOT\" width=\"740\" height=\"416\" src=\"https:\/\/www.youtube.com\/embed\/FHnVzkTkQQE?feature=oembed\" frameborder=\"0\" allow=\"accelerometer; autoplay; clipboard-write; encrypted-media; gyroscope; picture-in-picture\" allowfullscreen><\/iframe><\/p>\n<p style=\"text-align: center;\"><strong>Nous nous sommes engag\u00e9s sur des bergamotiers cultiv\u00e9s en agriculture biologique, et nos produits sont certifi\u00e9s par ECOCERT\u00ae.<\/strong><\/p>\n<p>[\/vc_column_text][vc_empty_space height=&#8221;20px&#8221;]<span class='button-container'><a  class='bouton-section-citrus wolf-button medium square icon_after border-button-accent-hover' href='\/site2021\/fr\/notre-offre\/nos-produits\/citrus\/' target='_blank'>En savoir plus<\/a><\/span>[\/vc_column_inner][vc_column_inner width=&#8221;1\/3&#8243;][vc_empty_space height=&#8221;1px&#8221;][\/vc_column_inner][vc_column_inner width=&#8221;1\/3&#8243;][vc_empty_space height=&#8221;1px&#8221;][\/vc_column_inner][\/vc_row_inner][\/vc_column][\/vc_row][vc_row background_color=&#8221;#ffffff&#8221; background_image=&#8221;4386&#8243; background_position=&#8221;left center&#8221; el_class=&#8221;section-bloc-bontoux section-trusthome&#8221;][vc_column][vc_empty_space height=&#8221;40px&#8221;][vc_row_inner][vc_column_inner width=&#8221;2\/3&#8243;][vc_empty_space height=&#8221;1px&#8221;][\/vc_column_inner][vc_column_inner el_class=&#8221;bloc-bontoux special&#8221; width=&#8221;1\/3&#8243;][vc_column_text el_class=&#8221;picto-bontoux&#8221;]<img loading=\"lazy\" class=\"aligncenter wp-image-355\" src=\"https:\/\/bontoux.com\/site2021\/wp-content\/uploads\/2017\/02\/bon_pictos_B_violet-300x300.png\" width=\"50\" height=\"50\" srcset=\"https:\/\/bontoux.com\/site2021\/wp-content\/uploads\/2017\/02\/bon_pictos_B_violet-300x300.png 300w, https:\/\/bontoux.com\/site2021\/wp-content\/uploads\/2017\/02\/bon_pictos_B_violet-150x150.png 150w, https:\/\/bontoux.com\/site2021\/wp-content\/uploads\/2017\/02\/bon_pictos_B_violet-370x370.png 370w, https:\/\/bontoux.com\/site2021\/wp-content\/uploads\/2017\/02\/bon_pictos_B_violet-360x360.png 360w, https:\/\/bontoux.com\/site2021\/wp-content\/uploads\/2017\/02\/bon_pictos_B_violet-80x80.png 80w, https:\/\/bontoux.com\/site2021\/wp-content\/uploads\/2017\/02\/bon_pictos_B_violet.png 400w\" sizes=\"(max-width: 50px) 100vw, 50px\" \/>[\/vc_column_text]<h4  style='line-height:1;font-weight:0;letter-spacing:0px;text-transform:none;' class='texte-bontoux taille2 fittext text-center clearfix' data-max-font-size='0'>Notre offre<\/h4>[vc_column_text]Fournisseur international reconnu de mati\u00e8res premi\u00e8res aromatiques, nous \u0153uvrons pour des industries diverses telles que la parfumerie, la cosm\u00e9tique, l\u2019aromath\u00e9rapie, la parapharmacie et l\u2019agro-alimentaire.[\/vc_column_text][vc_empty_space height=&#8221;40px&#8221;]<span class='button-container'><a  class='bouton-section wolf-button medium square icon_after border-button-accent-hover' href='https:\/\/bontoux.com\/site2021\/notre-offre\/nos-produits\/' target='_self'>d\u00e9couvrez nos produits<\/a><\/span>[\/vc_column_inner][\/vc_row_inner][\/vc_column][\/vc_row][vc_row background_image=&#8221;5501&#8243; background_position=&#8221;center bottom&#8221; el_class=&#8221;section-citation&#8221;][vc_column][vc_empty_space height=&#8221;40px&#8221;]<div class='wolf-single-image text-center hover-none default'><span class='image-item'><img src='https:\/\/bontoux.com\/site2021\/wp-content\/uploads\/2017\/01\/bon_macarons_bontoux_sengage-300x300.png' alt=''  style='max-width:140px !important;' class=''><\/span><\/div><h4  style='line-height:1;font-weight:0;letter-spacing:0px;text-transform:none;' class='texte-bontoux taille3 fittext text-center clearfix' data-max-font-size='0'>Nous soutenons le pacte mondial<\/h4><span class='button-container'><a  class='bouton-section blanc wolf-button medium square icon_after border-button-accent-hover' href='https:\/\/fr.calameo.com\/read\/006340191b00b2720e014' target='_blank'>En savoir plus<\/a><\/span>[\/vc_column][\/vc_row][vc_row background_color=&#8221;#ffffff&#8221; background_image=&#8221;0&#8243; background_position=&#8221;left bottom&#8221; background_size=&#8221;default&#8221; el_class=&#8221;visu-2tiers&#8221;][vc_column]<h3  style='line-height:1;font-weight:400;letter-spacing:0px;text-transform:uppercase;color:#43367f;' class='titre-section fittext text-center clearfix' data-max-font-size='0'>Bontoux worldwide<\/h3>[vc_row_inner][vc_column_inner width=&#8221;2\/3&#8243;]<div class='wolf-single-image text-left hover-none default'><span class='image-item'><img src='https:\/\/bontoux.com\/site2021\/wp-content\/uploads\/2020\/04\/Carte-Bontoux-avec-GUEDANT-FRANCAIS-02-1024x556.png' alt=''  class=''><\/span><\/div>[\/vc_column_inner][vc_column_inner width=&#8221;1\/3&#8243;][vc_column_text el_class=&#8221;texte-bontoux&#8221;]Entreprise internationale nous r\u00e9pondons aux exigences de nos clients sur les 5 continents, en respectant au plus pr\u00e8s nos engagements envers les producteurs et la nature.[\/vc_column_text]<span class='button-container'><a  class='bouton-section wolf-button medium square icon_after border-button-accent-hover' href='https:\/\/bontoux.com\/site2021\/fr\/le-groupe-bontoux\/' target='_self'>d\u00e9couvrez notre groupe<\/a><\/span>[\/vc_column_inner][\/vc_row_inner][\/vc_column][\/vc_row][vc_row background_image=&#8221;5212&#8243; background_position=&#8221;left center&#8221; el_class=&#8221;personnagev2&#8243;][vc_column][vc_row_inner][vc_column_inner width=&#8221;7\/12&#8243;][vc_empty_space height=&#8221;1px&#8221;][\/vc_column_inner][vc_column_inner el_class=&#8221;contenu-texte&#8221; width=&#8221;5\/12&#8243;][vc_column_text el_class=&#8221;texte-bontoux&#8221;]&#8221;C\u2019est en entretenant l\u2019\u00e9quilibre fragile entre les besoins producteurs et les besoins clients que nous p\u00e9rennisons un savoir-faire et une qualit\u00e9 unique.&#8221;[\/vc_column_text][vc_column_text el_class=&#8221;texte-courant&#8221;]R\u00e9my Bontoux[\/vc_column_text][\/vc_column_inner][\/vc_row_inner][\/vc_column][\/vc_row][vc_row background_image=&#8221;1071&#8243; el_class=&#8221;section-bloc-bontoux&#8221;][vc_column][vc_row_inner][vc_column_inner width=&#8221;2\/3&#8243;][vc_empty_space height=&#8221;1px&#8221;][\/vc_column_inner][vc_column_inner el_class=&#8221;bloc-bontoux special&#8221; width=&#8221;1\/3&#8243;][vc_column_text el_class=&#8221;picto-bontoux&#8221;]<img loading=\"lazy\" class=\"aligncenter wp-image-355\" src=\"https:\/\/bontoux.com\/site2021\/wp-content\/uploads\/2017\/02\/bon_pictos_B_violet-300x300.png\" width=\"50\" height=\"50\" srcset=\"https:\/\/bontoux.com\/site2021\/wp-content\/uploads\/2017\/02\/bon_pictos_B_violet-300x300.png 300w, https:\/\/bontoux.com\/site2021\/wp-content\/uploads\/2017\/02\/bon_pictos_B_violet-150x150.png 150w, https:\/\/bontoux.com\/site2021\/wp-content\/uploads\/2017\/02\/bon_pictos_B_violet-370x370.png 370w, https:\/\/bontoux.com\/site2021\/wp-content\/uploads\/2017\/02\/bon_pictos_B_violet-360x360.png 360w, https:\/\/bontoux.com\/site2021\/wp-content\/uploads\/2017\/02\/bon_pictos_B_violet-80x80.png 80w, https:\/\/bontoux.com\/site2021\/wp-content\/uploads\/2017\/02\/bon_pictos_B_violet.png 400w\" sizes=\"(max-width: 50px) 100vw, 50px\" \/>[\/vc_column_text]<h4  style='line-height:1;font-weight:0;letter-spacing:0px;text-transform:none;' class='texte-bontoux taille2 fittext text-center clearfix' data-max-font-size='0'>L'essentiel sur mesure<\/h4>[vc_column_text]Exigence, obsession de la qualit\u00e9 sont les bases de notre vocabulaire. Nous d\u00e9clinons notre savoir-faire \u00e0 travers le choix plus large d&#8217;essences naturelles, des plus pures aux plus pointues.[\/vc_column_text][vc_empty_space height=&#8221;40px&#8221;]<span class='button-container'><a  class='bouton-section wolf-button medium square icon_after border-button-accent-hover' href='https:\/\/bontoux.com\/site2021\/notre-offre\/' target='_self'>d\u00e9couvrez notre offre<\/a><\/span>[\/vc_column_inner][\/vc_row_inner][\/vc_column][\/vc_row][vc_row background_image=&#8221;1579&#8243; el_class=&#8221;section-bloc-bontoux&#8221;][vc_column][vc_row_inner][vc_column_inner el_class=&#8221;bloc-bontoux special&#8221; width=&#8221;1\/3&#8243;][vc_column_text el_class=&#8221;picto-bontoux&#8221;]<img loading=\"lazy\" class=\"aligncenter wp-image-355\" src=\"https:\/\/bontoux.com\/site2021\/wp-content\/uploads\/2017\/02\/bon_pictos_B_violet-300x300.png\" width=\"50\" height=\"50\" srcset=\"https:\/\/bontoux.com\/site2021\/wp-content\/uploads\/2017\/02\/bon_pictos_B_violet-300x300.png 300w, https:\/\/bontoux.com\/site2021\/wp-content\/uploads\/2017\/02\/bon_pictos_B_violet-150x150.png 150w, https:\/\/bontoux.com\/site2021\/wp-content\/uploads\/2017\/02\/bon_pictos_B_violet-370x370.png 370w, https:\/\/bontoux.com\/site2021\/wp-content\/uploads\/2017\/02\/bon_pictos_B_violet-360x360.png 360w, https:\/\/bontoux.com\/site2021\/wp-content\/uploads\/2017\/02\/bon_pictos_B_violet-80x80.png 80w, https:\/\/bontoux.com\/site2021\/wp-content\/uploads\/2017\/02\/bon_pictos_B_violet.png 400w\" sizes=\"(max-width: 50px) 100vw, 50px\" \/>[\/vc_column_text]<h4  style='line-height:1;font-weight:0;letter-spacing:0px;text-transform:none;' class='texte-bontoux taille2 fittext text-center clearfix' data-max-font-size='0'>Bontoux, la French touch essentielle<\/h4>[vc_column_text]Exigence, obsession de la qualit\u00e9<br \/>\nsont les bases de notre<br \/>\nvocabulaire. Nous d\u00e9clinons notre<br \/>\nsavoir-faire \u00e0 travers le choix plus<br \/>\nlarge d&#8217;essences naturelles, des<br \/>\nplus pures aux plus pointues.[\/vc_column_text][vc_empty_space height=&#8221;40px&#8221;]<span class='button-container'><a  class='bouton-section wolf-button medium square icon_after border-button-accent-hover' href='https:\/\/bontoux.com\/site2021\/nos-savoir-faire\/' target='_self'>NOS savoir-faire<\/a><\/span>[\/vc_column_inner][vc_column_inner width=&#8221;2\/3&#8243;][vc_empty_space height=&#8221;1px&#8221;][\/vc_column_inner][\/vc_row_inner][\/vc_column][\/vc_row][vc_row content_type=&#8221;large&#8221; padding_top=&#8221;40&#8243; padding_bottom=&#8221;10&#8243; background_color=&#8221;#ffffff&#8221; background_image=&#8221;0&#8243; el_class=&#8221;section-galerie&#8221;][vc_column el_class=&#8221;contenu-gallerie&#8221;][vc_column_text]<div class='wolf-images-gallery clearfix hover-default mosaic-gallery' id='gallery-793'>\n<div class=\"slide block\">\n<span class='image-item'>\n<img src='https:\/\/bontoux.com\/site2021\/wp-content\/uploads\/2017\/10\/bon_persos_mosaique_03.jpg' alt='bon_persos_mosaique_03'>\n<\/span>\n<span class='image-item'>\n<img src='https:\/\/bontoux.com\/site2021\/wp-content\/uploads\/2020\/03\/Krystel-carre-900-900-900x480.jpg' alt='Krystel-carre-900-900'>\n<\/span>\n<span class='image-item'>\n<img src='https:\/\/bontoux.com\/site2021\/wp-content\/uploads\/2017\/10\/bon_persos_mosaique_18-480x900.jpg' alt='bon_persos_mosaique_18'>\n<\/span>\n<span class='image-item'>\n<img src='https:\/\/bontoux.com\/site2021\/wp-content\/uploads\/2017\/10\/bon_persos_mosaique_10-900x480.jpg' alt='bon_persos_mosaique_10'>\n<\/span>\n<\/div><!--.block-->\n<div class=\"slide block\">\n<span class='image-item'>\n<img src='https:\/\/bontoux.com\/site2021\/wp-content\/uploads\/2017\/10\/bon_persos_mosaique_16-900x480.jpg' alt='bon_persos_mosaique_16'>\n<\/span>\n<span class='image-item'>\n<img src='https:\/\/bontoux.com\/site2021\/wp-content\/uploads\/2017\/10\/bon_persos_mosaique_07.jpg' alt='bon_persos_mosaique_07'>\n<\/span>\n<span class='image-item'>\n<img src='https:\/\/bontoux.com\/site2021\/wp-content\/uploads\/2020\/03\/PPG-carre-900-900-480x900.jpg' alt='PPG-carre-900-900'>\n<\/span>\n<span class='image-item'>\n<img src='https:\/\/bontoux.com\/site2021\/wp-content\/uploads\/2021\/12\/jeremy.jpg' alt='jeremy'>\n<\/span>\n<span class='image-item'>\n<img src='https:\/\/bontoux.com\/site2021\/wp-content\/uploads\/2017\/10\/bon_persos_mosaique_21-900x480.jpg' alt='bon_persos_mosaique_21'>\n<\/span>\n<\/div><!--.block-->\n<\/div><!--.wolf-images-gallery-->[\/vc_column_text][vc_row_inner][vc_column_inner el_class=&#8221;bloc-bontoux&#8221;][vc_empty_space height=&#8221;10px&#8221;]<h4  style='line-height:1;font-weight:0;letter-spacing:0px;text-transform:none;' class='texte-bontoux taille2 fittext text-center clearfix' data-max-font-size='0'>Histoire de passionn\u00e9s<\/h4>[vc_column_text]Les femmes et les hommes de Bontoux sont anim\u00e9s par la m\u00eame fiert\u00e9 de participer tous les jours \u00e0 la cr\u00e9ation d&#8217;un produit d&#8217;exception, naturellement.[\/vc_column_text][vc_empty_space height=&#8221;10px&#8221;]<span class='button-container'><a  class='bouton-section_histoire wolf-button medium square icon_after border-button-accent-hover' href='https:\/\/bontoux.com\/site2021\/506-2\/' target='_blank'>NOUS REJOINDRE<\/a><\/span>[vc_empty_space height=&#8221;10px&#8221;][\/vc_column_inner][\/vc_row_inner][\/vc_column][\/vc_row][vc_row css_animation=&#8221;none&#8221; content_type=&#8221;large&#8221; background_color=&#8221;#43367f&#8221; background_image=&#8221;1836&#8243; background_position=&#8221;left center&#8221; el_class=&#8221;section-savoir-plus&#8221;][vc_column width=&#8221;2\/3&#8243;]<h3  style='line-height:1;font-weight:0;letter-spacing:0px;text-transform:none;' class='texte-bontoux taille3 fittext text-center clearfix' data-max-font-size='0'>Retrouvez-nous sur les r\u00e9seaux sociaux<\/h3>[\/vc_column][vc_column width=&#8221;1\/3&#8243;][vc_column_text]<a href=\"https:\/\/www.facebook.com\/bontoux1898\/\"><img loading=\"lazy\" class=\"alignnone wp-image-719 picto_social\" src=\"https:\/\/bontoux.com\/site2021\/wp-content\/uploads\/2017\/01\/bon_pictos_facebook_blanc-300x300.png\" alt=\"\" width=\"70\" height=\"70\" srcset=\"https:\/\/bontoux.com\/site2021\/wp-content\/uploads\/2017\/01\/bon_pictos_facebook_blanc-300x300.png 300w, https:\/\/bontoux.com\/site2021\/wp-content\/uploads\/2017\/01\/bon_pictos_facebook_blanc-150x150.png 150w, https:\/\/bontoux.com\/site2021\/wp-content\/uploads\/2017\/01\/bon_pictos_facebook_blanc-370x370.png 370w, https:\/\/bontoux.com\/site2021\/wp-content\/uploads\/2017\/01\/bon_pictos_facebook_blanc-360x360.png 360w, https:\/\/bontoux.com\/site2021\/wp-content\/uploads\/2017\/01\/bon_pictos_facebook_blanc-80x80.png 80w, https:\/\/bontoux.com\/site2021\/wp-content\/uploads\/2017\/01\/bon_pictos_facebook_blanc.png 400w\" sizes=\"(max-width: 70px) 100vw, 70px\" \/><\/a><a href=\"https:\/\/www.linkedin.com\/company\/bontoux-s-a-?originalSubdomain=fr\"><img loading=\"lazy\" class=\"alignnone wp-image-718 picto_social\" src=\"https:\/\/bontoux.com\/site2021\/wp-content\/uploads\/2017\/01\/bon_pictos_linkedin_blanc-300x300.png\" alt=\"\" width=\"70\" height=\"70\" srcset=\"https:\/\/bontoux.com\/site2021\/wp-content\/uploads\/2017\/01\/bon_pictos_linkedin_blanc-300x300.png 300w, https:\/\/bontoux.com\/site2021\/wp-content\/uploads\/2017\/01\/bon_pictos_linkedin_blanc-150x150.png 150w, https:\/\/bontoux.com\/site2021\/wp-content\/uploads\/2017\/01\/bon_pictos_linkedin_blanc-370x370.png 370w, https:\/\/bontoux.com\/site2021\/wp-content\/uploads\/2017\/01\/bon_pictos_linkedin_blanc-360x360.png 360w, https:\/\/bontoux.com\/site2021\/wp-content\/uploads\/2017\/01\/bon_pictos_linkedin_blanc-80x80.png 80w, https:\/\/bontoux.com\/site2021\/wp-content\/uploads\/2017\/01\/bon_pictos_linkedin_blanc.png 400w\" sizes=\"(max-width: 70px) 100vw, 70px\" \/><\/a><a href=\"https:\/\/www.instagram.com\/bontoux1898\/\"><img loading=\"lazy\" class=\"alignnone wp-image-719 picto_social\" src=\"https:\/\/bontoux.com\/site2021\/wp-content\/uploads\/2018\/05\/bon_pictos_insta_blanc.png\" alt=\"\" width=\"70\" height=\"70\" \/><\/a>[\/vc_column_text][\/vc_column][\/vc_row]<\/p>\n","protected":false},"excerpt":{"rendered":"<p>[vc_row content_type=&#8221;full&#8221; padding_top=&#8221;0&#8243; padding_bottom=&#8221;0&#8243; background_image=&#8221;0&#8243; el_class=&#8221;homeslider_home&#8221;][vc_column][rev_slider_vc alias=&#8221;homeslider_final&#8221;][\/vc_column][\/vc_row][vc_row background_image=&#8221;29&#8243; background_position=&#8221;left bottom&#8221; background_size=&#8221;default&#8221; el_class=&#8221;personnage&#8221;][vc_column][vc_row_inner][vc_column_inner width=&#8221;1\/2&#8243;][vc_empty_space height=&#8221;1px&#8221;][\/vc_column_inner][vc_column_inner el_class=&#8221;contenu-texte&#8221; width=&#8221;1\/2&#8243;][vc_empty_space height=&#8221;60px&#8221;][vc_column_text el_class=&#8221;texte-bontoux&#8221;]Producteur d\u2019huiles essentielles depuis 1898 en Haute Provence, nous sommes aujourd\u2019hui un fournisseur&#8230;<\/p>\n<p><a rel=\"bookmark\" class=\"more-link wolf-button border-button-accent-hover\" href=\"https:\/\/bontoux.com\/site2021\/fr\/\">Continuer la lecture \u2192<\/a><\/p>\n","protected":false},"author":1,"featured_media":0,"parent":0,"menu_order":0,"comment_status":"closed","ping_status":"closed","template":"","meta":[],"_links":{"self":[{"href":"https:\/\/bontoux.com\/site2021\/wp-json\/wp\/v2\/pages\/6367"}],"collection":[{"href":"https:\/\/bontoux.com\/site2021\/wp-json\/wp\/v2\/pages"}],"about":[{"href":"https:\/\/bontoux.com\/site2021\/wp-json\/wp\/v2\/types\/page"}],"author":[{"embeddable":true,"href":"https:\/\/bontoux.com\/site2021\/wp-json\/wp\/v2\/users\/1"}],"replies":[{"embeddable":true,"href":"https:\/\/bontoux.com\/site2021\/wp-json\/wp\/v2\/comments?post=6367"}],"version-history":[{"count":14,"href":"https:\/\/bontoux.com\/site2021\/wp-json\/wp\/v2\/pages\/6367\/revisions"}],"predecessor-version":[{"id":6528,"href":"https:\/\/bontoux.com\/site2021\/wp-json\/wp\/v2\/pages\/6367\/revisions\/6528"}],"wp:attachment":[{"href":"https:\/\/bontoux.com\/site2021\/wp-json\/wp\/v2\/media?parent=6367"}],"curies":[{"name":"wp","href":"https:\/\/api.w.org\/{rel}","templated":true}]}}