{"id":6035,"date":"2020-04-01T12:20:08","date_gmt":"2020-04-01T10:20:08","guid":{"rendered":"https:\/\/bontoux.com\/?page_id=6035"},"modified":"2021-04-05T14:48:03","modified_gmt":"2021-04-05T12:48:03","slug":"citrus","status":"publish","type":"page","link":"https:\/\/bontoux.com\/site2021\/fr\/notre-offre\/nos-produits\/citrus\/","title":{"rendered":"Citrus"},"content":{"rendered":"<p>[vc_row content_type=&#8221;full&#8221; padding_top=&#8221;0&#8243; padding_bottom=&#8221;0&#8243; background_color=&#8221;#ffffff&#8221; background_image=&#8221;0&#8243;][vc_column][rev_slider_vc alias=&#8221;citrus_intro_fr&#8221;][\/vc_column][\/vc_row][vc_row content_type=&#8221;full&#8221; background_color=&#8221;#ffffff&#8221; background_image=&#8221;0&#8243; el_class=&#8221;section_diapo_fond&#8221;][vc_column][rev_slider_vc alias=&#8221;citrus_partner&#8221; el_class=&#8221;slider_cycle_citrus&#8221;][vc_row_inner content_placement=&#8221;middle&#8221; el_class=&#8221;section_sur_slider&#8221;][vc_column_inner el_class=&#8221;bloc-bontoux citrus2&#8243; width=&#8221;1\/3&#8243;][vc_empty_space height=&#8221;10px&#8221;]<div class='wolf-single-image text-center hover-none default'><span class='image-item'><img src='https:\/\/bontoux.com\/site2021\/wp-content\/uploads\/2020\/04\/bon_citrus_mini_picto.png' alt=''  class=''><\/span><\/div>[vc_empty_space height=&#8221;10px&#8221;][vc_column_text]<\/p>\n<h3 style=\"text-align: center; line-height: 1.3em;\"><b>Notre partenariat exclusif \u00e0 la source<\/b><\/h3>\n<p>[\/vc_column_text][vc_empty_space height=&#8221;10px&#8221;][vc_column_text]<\/p>\n<p style=\"text-align: center;\">Partenariat exclusif pour\u00a0la <strong>bergamote biologique<\/strong>\u00a0en Calabre avec\u00a0<strong>l\u2019entreprise familiale Patea Azienda Agricola.<\/strong><\/p>\n<p>Ce partenariat exclusif nous offre la possibilit\u00e9 d\u2019unir nos comp\u00e9tences et savoir-faire respectifs et compl\u00e9mentaires, depuis la culture de ce bel agrume jusqu\u2019\u00e0 la valorisation en huile essentielle, en respectant les r\u00e9glementations en vigueur pour une utilisation en alimentaire et\/ou en parfumerie.<\/p>\n<p style=\"text-align: center;\"><strong>Nous nous sommes engag\u00e9s sur des bergamotiers cultiv\u00e9s en agriculture biologique, et nos produits sont certifi\u00e9s par ECOCERT\u00ae.<\/strong><\/p>\n<p>[\/vc_column_text][vc_empty_space height=&#8221;20px&#8221;]<span class='button-container'><a  class='bouton-section-citrus wolf-button medium square icon_after border-button-accent-hover' href='https:\/\/www.youtube.com\/watch?v=FHnVzkTkQQE' target='_blank'>Notre expertise citrus en vid\u00e9o<\/a><\/span>[\/vc_column_inner][vc_column_inner width=&#8221;1\/3&#8243;][vc_empty_space height=&#8221;1px&#8221;][\/vc_column_inner][vc_column_inner width=&#8221;1\/3&#8243;][vc_empty_space height=&#8221;1px&#8221;][\/vc_column_inner][\/vc_row_inner][\/vc_column][\/vc_row][vc_row padding_bottom=&#8221;0px&#8221; background_color=&#8221;#ffffff&#8221; background_image=&#8221;0&#8243; el_class=&#8221;section-height-auto&#8221;][vc_column]<h3  style='line-height:1;font-weight:400;letter-spacing:0px;text-transform:uppercase;' class='titre-section fittext text-center clearfix' data-max-font-size='0'>Le savoir-faire Bontoux<\/h3>[vc_row_inner][vc_column_inner el_class=&#8221;ecusson_citrus&#8221; width=&#8221;1\/3&#8243;]<div class='wolf-single-image text-center hover-none default'><span class='image-item'><img src='https:\/\/bontoux.com\/site2021\/wp-content\/uploads\/2020\/04\/bon_citrus_rond_band2_700x700.jpg' alt=''  class=''><\/span><\/div>[\/vc_column_inner][vc_column_inner width=&#8221;2\/3&#8243;][vc_column_text el_class=&#8221;bloc_text_citrus&#8221;]<strong>Tout au long des 30 derni\u00e8res ann\u00e9es, Bontoux a construit de solides partenariats avec des producteurs italiens et espagnols de Citrus.<\/strong><br \/>\nCe lien, au plus proche du fruit et de la production de son huile essentielle, nous a permis d&#8217;acqu\u00e9rir et perfectionner notre expertise globale citrus : tant au niveau analytique que sur les caract\u00e9ristiques sp\u00e9ci\ufb01ques produit li\u00e9es \u00e0 la vari\u00e9t\u00e9, au mode de production, \u00e0 l&#8217;impact du terroir et du climat sur la qualit\u00e9 des huiles essentielles.<\/p>\n<p>Fort de ces connaissances, nous avons d\u00e9velopp\u00e9 des techniques de pointes innovantes pour rendre l&#8217;huile essentielle crue conforme aux r\u00e9glementations sp\u00e9ci\ufb01ques actuelles en parfumerie, cosm\u00e9tique ou encore en alimentaire.[\/vc_column_text][\/vc_column_inner][\/vc_row_inner][vc_empty_space height=&#8221;60px&#8221;][\/vc_column][\/vc_row][vc_row background_image=&#8221;6075&#8243; background_position=&#8221;center top&#8221; el_class=&#8221;section-citation center_content&#8221;][vc_column][vc_column_text]<img loading=\"lazy\" class=\"aligncenter wp-image-1325\" src=\"https:\/\/bontoux.com\/site2021\/wp-content\/uploads\/2017\/01\/bon_pictos_petite_fleur_blanc-300x300.png\" alt=\"\" width=\"30\" height=\"30\" srcset=\"https:\/\/bontoux.com\/site2021\/wp-content\/uploads\/2017\/01\/bon_pictos_petite_fleur_blanc-300x300.png 300w, https:\/\/bontoux.com\/site2021\/wp-content\/uploads\/2017\/01\/bon_pictos_petite_fleur_blanc-150x150.png 150w, https:\/\/bontoux.com\/site2021\/wp-content\/uploads\/2017\/01\/bon_pictos_petite_fleur_blanc-370x370.png 370w, https:\/\/bontoux.com\/site2021\/wp-content\/uploads\/2017\/01\/bon_pictos_petite_fleur_blanc-360x360.png 360w, https:\/\/bontoux.com\/site2021\/wp-content\/uploads\/2017\/01\/bon_pictos_petite_fleur_blanc-80x80.png 80w, https:\/\/bontoux.com\/site2021\/wp-content\/uploads\/2017\/01\/bon_pictos_petite_fleur_blanc.png 400w\" sizes=\"(max-width: 30px) 100vw, 30px\" \/>[\/vc_column_text]<h4  style='line-height:1;font-weight:0;letter-spacing:0px;text-transform:none;' class='texte-bontoux taille3 shadow_h4 fittext text-center clearfix' data-max-font-size='0'>Nos extraits naturels de Citrus<\/h4>[\/vc_column][\/vc_row][vc_row background_color=&#8221;#ffffff&#8221; background_image=&#8221;6163&#8243; el_class=&#8221;center_content&#8221;][vc_column][vc_row_inner][vc_column_inner width=&#8221;1\/3&#8243;][vc_empty_space height=&#8221;1px&#8221;][\/vc_column_inner][vc_column_inner el_class=&#8221;bloc-bontoux citrus&#8221; width=&#8221;1\/3&#8243;][vc_empty_space height=&#8221;20px&#8221;][vc_column_text]<\/p>\n<h4 style=\"text-align: center;\">D\u00e9couvrez ici notre brochure<\/h4>\n<p>[\/vc_column_text][vc_empty_space height=&#8221;20px&#8221;]<span class='button-container'><a  class='bouton-section-citrus wolf-button medium square icon_after border-button-accent-hover' href='https:\/\/fr.calameo.com\/read\/00634019102345830fc18' target='_blank'>T\u00e9l\u00e9charger<\/a><\/span>[vc_empty_space height=&#8221;20px&#8221;][\/vc_column_inner][vc_column_inner width=&#8221;1\/3&#8243;][\/vc_column_inner][\/vc_row_inner][\/vc_column][\/vc_row][vc_row background_color=&#8221;#f2f2f2&#8243; background_image=&#8221;0&#8243; background_position=&#8221;center bottom&#8221; background_size=&#8221;default&#8221; el_class=&#8221;section-height-auto&#8221;][vc_column width=&#8221;1\/2&#8243;]<div class='wolf-single-image text-center hover-none default'><span class='image-item'><img src='https:\/\/bontoux.com\/site2021\/wp-content\/uploads\/2017\/01\/bon_web_FR_04-09-300x254.png' alt=''  class=''><\/span><\/div>[\/vc_column][vc_column width=&#8221;1\/2&#8243;][vc_column_text]<\/p>\n<h4>CONTACT US<\/h4>\n<p>Pour toute demande de renseignement veuillez nous contacter \u00e0 l&#8217;adresse :<br \/>\n<a style=\"color: #43367f;\" href=\"mailto:sales@bontoux.com\">sales@bontoux.com<\/a>[\/vc_column_text][vc_empty_space height=&#8221;40px&#8221;][\/vc_column][\/vc_row]<\/p>\n","protected":false},"excerpt":{"rendered":"<p>[vc_row content_type=&#8221;full&#8221; padding_top=&#8221;0&#8243; padding_bottom=&#8221;0&#8243; background_color=&#8221;#ffffff&#8221; background_image=&#8221;0&#8243;][vc_column][rev_slider_vc alias=&#8221;citrus_intro_fr&#8221;][\/vc_column][\/vc_row][vc_row content_type=&#8221;full&#8221; background_color=&#8221;#ffffff&#8221; background_image=&#8221;0&#8243; el_class=&#8221;section_diapo_fond&#8221;][vc_column][rev_slider_vc alias=&#8221;citrus_partner&#8221; el_class=&#8221;slider_cycle_citrus&#8221;][vc_row_inner content_placement=&#8221;middle&#8221; el_class=&#8221;section_sur_slider&#8221;][vc_column_inner el_class=&#8221;bloc-bontoux citrus2&#8243; width=&#8221;1\/3&#8243;][vc_empty_space height=&#8221;10px&#8221;][vc_empty_space height=&#8221;10px&#8221;][vc_column_text] Notre partenariat exclusif \u00e0 la source [\/vc_column_text][vc_empty_space height=&#8221;10px&#8221;][vc_column_text] Partenariat exclusif&#8230;<\/p>\n<p><a rel=\"bookmark\" class=\"more-link wolf-button border-button-accent-hover\" href=\"https:\/\/bontoux.com\/site2021\/fr\/notre-offre\/nos-produits\/citrus\/\">Continuer la lecture \u2192<\/a><\/p>\n","protected":false},"author":1,"featured_media":0,"parent":129,"menu_order":0,"comment_status":"closed","ping_status":"closed","template":"","meta":[],"_links":{"self":[{"href":"https:\/\/bontoux.com\/site2021\/wp-json\/wp\/v2\/pages\/6035"}],"collection":[{"href":"https:\/\/bontoux.com\/site2021\/wp-json\/wp\/v2\/pages"}],"about":[{"href":"https:\/\/bontoux.com\/site2021\/wp-json\/wp\/v2\/types\/page"}],"author":[{"embeddable":true,"href":"https:\/\/bontoux.com\/site2021\/wp-json\/wp\/v2\/users\/1"}],"replies":[{"embeddable":true,"href":"https:\/\/bontoux.com\/site2021\/wp-json\/wp\/v2\/comments?post=6035"}],"version-history":[{"count":40,"href":"https:\/\/bontoux.com\/site2021\/wp-json\/wp\/v2\/pages\/6035\/revisions"}],"predecessor-version":[{"id":6411,"href":"https:\/\/bontoux.com\/site2021\/wp-json\/wp\/v2\/pages\/6035\/revisions\/6411"}],"up":[{"embeddable":true,"href":"https:\/\/bontoux.com\/site2021\/wp-json\/wp\/v2\/pages\/129"}],"wp:attachment":[{"href":"https:\/\/bontoux.com\/site2021\/wp-json\/wp\/v2\/media?parent=6035"}],"curies":[{"name":"wp","href":"https:\/\/api.w.org\/{rel}","templated":true}]}}