{"id":5537,"date":"2019-07-04T11:25:52","date_gmt":"2019-07-04T09:25:52","guid":{"rendered":"https:\/\/bontoux.com\/?page_id=5537"},"modified":"2020-07-21T11:49:35","modified_gmt":"2020-07-21T09:49:35","slug":"vanille","status":"publish","type":"page","link":"https:\/\/bontoux.com\/site2021\/fr\/notre-offre\/nos-produits\/vanille\/","title":{"rendered":"Vanille"},"content":{"rendered":"<p>[vc_row content_type=&#8221;full&#8221; padding_top=&#8221;0&#8243; padding_bottom=&#8221;0&#8243; background_color=&#8221;#ffffff&#8221; background_image=&#8221;0&#8243;][vc_column][rev_slider_vc alias=&#8221;vanille_intro_fr&#8221;][\/vc_column][\/vc_row][vc_row padding_bottom=&#8221;0px&#8221; background_color=&#8221;#ffffff&#8221; background_image=&#8221;0&#8243; el_class=&#8221;section-height-auto&#8221;][vc_column]<h3  style='line-height:1;font-weight:400;letter-spacing:0px;text-transform:uppercase;' class='titre-section fittext text-center clearfix' data-max-font-size='0'>Madagascar, le plus grand producteur mondial de Vanille<\/h3>[vc_row_inner][vc_column_inner width=&#8221;1\/2&#8243;]<div class='wolf-single-image text-center hover-none default'><span class='image-item'><img src='https:\/\/bontoux.com\/site2021\/wp-content\/uploads\/2019\/07\/bon_carte_vanilleV2_retrace.png' alt=''  class='padding_img'><\/span><\/div>[\/vc_column_inner][vc_column_inner width=&#8221;1\/2&#8243;][vc_column_text el_class=&#8221;bloc_text_vanille&#8221;]La r\u00e9gion principale de culture de la vanille regroupe Sambava, Antalaha, Vohemar et Andapa, dans le Nord Est de Madagascar, o\u00f9 les conditions de culture sont optimales.<br \/>\nLa seconde r\u00e9gion de culture est autour de Mananjary dans la zone sud-est. C\u2019est au c\u0153ur de cette r\u00e9gion que se situe notre nouvelle installation de production et d\u2019extraction, acquise fin 2017.<\/p>\n<p>Notre structure Bontoux Oc\u00e9an Indien rassemble nos premi\u00e8res activit\u00e9s localis\u00e9es \u00e0 Ampangab\u00e9 et cette nouvelle acquisition.[\/vc_column_text][\/vc_column_inner][\/vc_row_inner][vc_empty_space height=&#8221;60px&#8221;][\/vc_column][\/vc_row][vc_row background_image=&#8221;5618&#8243; background_position=&#8221;center bottom&#8221; el_class=&#8221;section-citation center_content&#8221;][vc_column][vc_column_text]<img loading=\"lazy\" class=\"aligncenter wp-image-1325\" src=\"https:\/\/bontoux.com\/site2021\/wp-content\/uploads\/2017\/01\/bon_pictos_petite_fleur_blanc-300x300.png\" alt=\"\" width=\"30\" height=\"30\" srcset=\"https:\/\/bontoux.com\/site2021\/wp-content\/uploads\/2017\/01\/bon_pictos_petite_fleur_blanc-300x300.png 300w, https:\/\/bontoux.com\/site2021\/wp-content\/uploads\/2017\/01\/bon_pictos_petite_fleur_blanc-150x150.png 150w, https:\/\/bontoux.com\/site2021\/wp-content\/uploads\/2017\/01\/bon_pictos_petite_fleur_blanc-370x370.png 370w, https:\/\/bontoux.com\/site2021\/wp-content\/uploads\/2017\/01\/bon_pictos_petite_fleur_blanc-360x360.png 360w, https:\/\/bontoux.com\/site2021\/wp-content\/uploads\/2017\/01\/bon_pictos_petite_fleur_blanc-80x80.png 80w, https:\/\/bontoux.com\/site2021\/wp-content\/uploads\/2017\/01\/bon_pictos_petite_fleur_blanc.png 400w\" sizes=\"(max-width: 30px) 100vw, 30px\" \/>[\/vc_column_text]<h4  style='line-height:1;font-weight:0;letter-spacing:0px;text-transform:none;' class='texte-bontoux taille3 shadow_h4 fittext text-center clearfix' data-max-font-size='0'>Nos extraits naturels de Vanille<\/h4>[\/vc_column][\/vc_row][vc_row padding_bottom=&#8221;0px&#8221; background_color=&#8221;#ffffff&#8221; background_image=&#8221;0&#8243; el_class=&#8221;section-height-auto&#8221;][vc_column]<h3  style='line-height:1;font-weight:400;letter-spacing:0px;text-transform:uppercase;' class='titre-section fittext text-center clearfix' data-max-font-size='0'>Un savoir-faire de longue date de Mananjary \u00e0 Saint Auban sur l'Ouv\u00e8ze<\/h3>[vc_empty_space][vc_row_inner][vc_column_inner el_class=&#8221;ecusson_vanille&#8221; width=&#8221;1\/3&#8243;]<div class='wolf-single-image text-center hover-none round'><span class='image-item'><img src='https:\/\/bontoux.com\/site2021\/wp-content\/uploads\/2019\/07\/bon_vanille_imgs_1440x900_0015_AdobeStock_80641880-360x360.jpg' alt=''  class=''><\/span><\/div>[\/vc_column_inner][vc_column_inner width=&#8221;1\/3&#8243;][vc_column_text el_class=&#8221;bloc_text_vanille&#8221;]<strong>Nos extraits de vanille sont issus de notre propre site de production situ\u00e9 \u00e0 Mananjary.<\/strong><\/p>\n<p>Produits \u00e0 partir de gousses de vanille r\u00e9colt\u00e9es, tri\u00e9es, \u00e9chaud\u00e9es, \u00e9tuv\u00e9es et s\u00e9ch\u00e9es de mani\u00e8re traditionnelle sur notre site de Mananjary, nos extraits sont \u00e9labor\u00e9s dans nos installations de Saint-Auban par des experts passionn\u00e9s.<\/p>\n<p>Forts de plus de 20 ans d\u2019exp\u00e9rience \u00e0 la source et d\u2019expertise d\u00e9velopp\u00e9e autour de l\u2019extraction \u00e0 Madagascar, nous garantissons une tra\u00e7abilit\u00e9 totale de la fili\u00e8re et r\u00e9alisons diff\u00e9rentes qualit\u00e9s d\u2019extraits certifi\u00e9s biologiques et conventionnels.[\/vc_column_text][\/vc_column_inner][vc_column_inner width=&#8221;1\/3&#8243;][vc_column_text el_class=&#8221;bloc_text_vanille liste_extraits&#8221;]Nos produits :<br \/>\n<strong>L&#8217;absolue<\/strong><\/p>\n<p><strong>Les autres extraits<\/strong><\/p>\n<ul>Avec support\u00a0:<\/p>\n<li>Eau + Ethanol<\/li>\n<li>Glycerine<\/li>\n<li>Propylene Glycol<\/li>\n<\/ul>\n<ul>Diff\u00e9rentes qualit\u00e9s :<\/p>\n<li>1X<\/li>\n<li>5X<\/li>\n<li>10X<\/li>\n<li>20X<\/li>\n<\/ul>\n<p>[\/vc_column_text][\/vc_column_inner][\/vc_row_inner][vc_empty_space height=&#8221;60px&#8221;][\/vc_column][\/vc_row][vc_row content_type=&#8221;full&#8221; background_color=&#8221;#ffffff&#8221; background_image=&#8221;0&#8243; el_class=&#8221;section_diapo_fond&#8221;][vc_column][rev_slider_vc alias=&#8221;vanille_cycle&#8221; el_class=&#8221;slider_cycle_vanille&#8221;][vc_row_inner content_placement=&#8221;middle&#8221; el_class=&#8221;section_sur_slider&#8221;][vc_column_inner el_class=&#8221;bloc-bontoux vanille2&#8243; width=&#8221;1\/3&#8243;][vc_empty_space height=&#8221;10px&#8221;]<div class='wolf-single-image text-center hover-none default'><span class='image-item'><img src='https:\/\/bontoux.com\/site2021\/wp-content\/uploads\/2019\/07\/bon_vanille_mini_picto.png' alt=''  class=''><\/span><\/div>[vc_empty_space height=&#8221;10px&#8221;][vc_column_text]<\/p>\n<h3 style=\"text-align: center; line-height: 1.3em;\"><b>Un cycle de croissance lent et exigeant \u00e0 chaque \u00e9tape de la production<\/b><\/h3>\n<p>[\/vc_column_text][vc_empty_space height=&#8221;10px&#8221;][vc_column_text]<\/p>\n<p style=\"text-align: center;\">La vanille demande une attention de tous les instants durant son cycle de croissance et mobilise de nombreux acteurs sur le terrain.<\/p>\n<p style=\"text-align: center;\">C\u2019est en particulier lors de la phase de pr\u00e9paration que l\u2019ar\u00f4me subtil et complexe de la vanille pourra se d\u00e9velopper.<\/p>\n<p style=\"text-align: center;\"><strong>Toutes les \u00e9tapes de pr\u00e9paration des gousses sont manuelles chez Bontoux Oc\u00e9an Indien pour garantir une qualit\u00e9 exceptionnelle.<\/strong><\/p>\n<p>[\/vc_column_text][vc_empty_space height=&#8221;20px&#8221;]<span class='button-container'><a  class='bouton-section-vanille wolf-button medium square icon_after border-button-accent-hover' href='https:\/\/bontoux.com\/site2021\/wp-content\/uploads\/2019\/07\/bon_vanille_cycle_V2.jpg' target='_blank'>en savoir plus<\/a><\/span>[\/vc_column_inner][vc_column_inner width=&#8221;1\/3&#8243;][vc_empty_space height=&#8221;1px&#8221;][\/vc_column_inner][vc_column_inner width=&#8221;1\/3&#8243;][vc_empty_space height=&#8221;1px&#8221;][\/vc_column_inner][\/vc_row_inner][\/vc_column][\/vc_row][vc_row background_color=&#8221;#ffffff&#8221; background_image=&#8221;5606&#8243; el_class=&#8221;center_content&#8221;][vc_column][vc_row_inner][vc_column_inner width=&#8221;1\/3&#8243;][vc_empty_space height=&#8221;1px&#8221;][\/vc_column_inner][vc_column_inner el_class=&#8221;bloc-bontoux vanille&#8221; width=&#8221;1\/3&#8243;][vc_empty_space height=&#8221;20px&#8221;][vc_column_text]<\/p>\n<h4 style=\"text-align: center;\">D\u00e9couvrez ici notre brochure<\/h4>\n<p>[\/vc_column_text][vc_empty_space height=&#8221;20px&#8221;]<span class='button-container'><a  class='bouton-section-vanille wolf-button medium square icon_after border-button-accent-hover' href='https:\/\/fr.calameo.com\/read\/006340191f4d59209f0bd' target='_blank'>T\u00e9l\u00e9charger<\/a><\/span>[vc_empty_space height=&#8221;20px&#8221;][\/vc_column_inner][vc_column_inner width=&#8221;1\/3&#8243;][\/vc_column_inner][\/vc_row_inner][\/vc_column][\/vc_row][vc_row background_color=&#8221;#f2f2f2&#8243; background_image=&#8221;0&#8243; background_position=&#8221;center bottom&#8221; background_size=&#8221;default&#8221; el_class=&#8221;section-height-auto&#8221;][vc_column width=&#8221;1\/2&#8243;]<div class='wolf-single-image text-center hover-none default'><span class='image-item'><img src='https:\/\/bontoux.com\/site2021\/wp-content\/uploads\/2017\/01\/bon_web_FR_04-09-300x254.png' alt=''  class=''><\/span><\/div>[\/vc_column][vc_column width=&#8221;1\/2&#8243;][vc_column_text]<\/p>\n<h4>CONTACT US<\/h4>\n<p>Pour toute demande de renseignement veuillez nous contacter \u00e0 l&#8217;adresse :<br \/>\n<a style=\"color: #43367f;\" href=\"mailto:sales@bontoux.com\">sales@bontoux.com<\/a>[\/vc_column_text][vc_empty_space height=&#8221;40px&#8221;][\/vc_column][\/vc_row]<\/p>\n","protected":false},"excerpt":{"rendered":"<p>[vc_row content_type=&#8221;full&#8221; padding_top=&#8221;0&#8243; padding_bottom=&#8221;0&#8243; background_color=&#8221;#ffffff&#8221; background_image=&#8221;0&#8243;][vc_column][rev_slider_vc alias=&#8221;vanille_intro_fr&#8221;][\/vc_column][\/vc_row][vc_row padding_bottom=&#8221;0px&#8221; background_color=&#8221;#ffffff&#8221; background_image=&#8221;0&#8243; el_class=&#8221;section-height-auto&#8221;][vc_column][vc_row_inner][vc_column_inner width=&#8221;1\/2&#8243;][\/vc_column_inner][vc_column_inner width=&#8221;1\/2&#8243;][vc_column_text el_class=&#8221;bloc_text_vanille&#8221;]La r\u00e9gion principale de culture de la vanille regroupe Sambava, Antalaha, Vohemar et Andapa, dans le Nord&#8230;<\/p>\n<p><a rel=\"bookmark\" class=\"more-link wolf-button border-button-accent-hover\" href=\"https:\/\/bontoux.com\/site2021\/fr\/notre-offre\/nos-produits\/vanille\/\">Continuer la lecture \u2192<\/a><\/p>\n","protected":false},"author":1,"featured_media":0,"parent":129,"menu_order":0,"comment_status":"closed","ping_status":"closed","template":"","meta":[],"_links":{"self":[{"href":"https:\/\/bontoux.com\/site2021\/wp-json\/wp\/v2\/pages\/5537"}],"collection":[{"href":"https:\/\/bontoux.com\/site2021\/wp-json\/wp\/v2\/pages"}],"about":[{"href":"https:\/\/bontoux.com\/site2021\/wp-json\/wp\/v2\/types\/page"}],"author":[{"embeddable":true,"href":"https:\/\/bontoux.com\/site2021\/wp-json\/wp\/v2\/users\/1"}],"replies":[{"embeddable":true,"href":"https:\/\/bontoux.com\/site2021\/wp-json\/wp\/v2\/comments?post=5537"}],"version-history":[{"count":72,"href":"https:\/\/bontoux.com\/site2021\/wp-json\/wp\/v2\/pages\/5537\/revisions"}],"predecessor-version":[{"id":6268,"href":"https:\/\/bontoux.com\/site2021\/wp-json\/wp\/v2\/pages\/5537\/revisions\/6268"}],"up":[{"embeddable":true,"href":"https:\/\/bontoux.com\/site2021\/wp-json\/wp\/v2\/pages\/129"}],"wp:attachment":[{"href":"https:\/\/bontoux.com\/site2021\/wp-json\/wp\/v2\/media?parent=5537"}],"curies":[{"name":"wp","href":"https:\/\/api.w.org\/{rel}","templated":true}]}}