{"id":5407,"date":"2019-04-19T11:35:30","date_gmt":"2019-04-19T09:35:30","guid":{"rendered":"https:\/\/bontoux.com\/?page_id=5407"},"modified":"2021-03-08T15:28:43","modified_gmt":"2021-03-08T14:28:43","slug":"guedant","status":"publish","type":"page","link":"https:\/\/bontoux.com\/site2021\/fr\/notre-offre\/guedant\/","title":{"rendered":"GUEDANT"},"content":{"rendered":"<p>[vc_row content_type=&#8221;full&#8221; padding_top=&#8221;0&#8243; padding_bottom=&#8221;0&#8243; background_image=&#8221;0&#8243; el_class=&#8221;section_guedant_references&#8221;][vc_column][rev_slider_vc alias=&#8221;guedant_head&#8221;][\/vc_column][\/vc_row][vc_row background_color=&#8221;#ffffff&#8221; background_image=&#8221;0&#8243; background_position=&#8221;left center&#8221; el_class=&#8221;section_guedant_carte section_guedant_references&#8221;][vc_column][vc_row_inner content_placement=&#8221;middle&#8221;][vc_column_inner width=&#8221;1\/2&#8243;]<div class='wolf-single-image text-center hover-none default'><span class='image-item'><img src='https:\/\/bontoux.com\/site2021\/wp-content\/uploads\/2019\/10\/logo_flavour_ingredients-1024x378.png' alt=''  class=''><\/span><\/div>[vc_empty_space height=&#8221;20px&#8221;][\/vc_column_inner][vc_column_inner el_class=&#8221;center_verti_content&#8221; width=&#8221;1\/2&#8243;][vc_column_text el_class=&#8221;textes-verts&#8221;]<\/p>\n<p style=\"text-align: left;\"><b>GUEDANT est une entreprise sp\u00e9cialis\u00e9e dans la conception, la production et la commercialisation\u00a0d\u2019ingr\u00e9dients naturels aromatiques.<\/b><\/p>\n<p>[\/vc_column_text][vc_column_text]Bas\u00e9e en r\u00e9gion parisienne \u00e0 Poigny (77), GUEDANT commercialise ses produits dans plus de 25 pays et est une filiale de BONTOUX SAS, groupe familial et international sp\u00e9cialis\u00e9 dans les huiles essentielles et les ingr\u00e9dients aromatiques naturels.<br \/>\nDot\u00e9s d\u2019un grand savoir-faire\u00a0dans\u00a0l\u2019extraction aromatique, GUEDANT\u00a0commercialise une gamme \u00e9tendue de produits naturels de haute technicit\u00e9 destin\u00e9s \u00e0 une client\u00e8le industrielle et internationale de la cha\u00eene alimentaire.<br \/>\nGUEDANT a rejoint le groupe Bontoux en 2018.[\/vc_column_text][vc_empty_space height=&#8221;20px&#8221;][\/vc_column_inner][\/vc_row_inner][\/vc_column][\/vc_row][vc_row content_type=&#8221;full&#8221; padding_top=&#8221;190px&#8221; padding_bottom=&#8221;0&#8243; background_color=&#8221;#ffffff&#8221; background_image=&#8221;5830&#8243; background_size=&#8221;default&#8221; overlay=&#8221;yes&#8221; overlay_image=&#8221;0&#8243; overlay_opacity=&#8221;40&#8243; el_class=&#8221;section_guedant_references produits_guedant&#8221;][vc_column el_class=&#8221;center&#8221;]<h3  style='line-height:1;font-weight:400;letter-spacing:0px;text-transform:uppercase;color:#43367f;' class='titre-section titre-blanc fittext text-center clearfix' data-max-font-size='0'>Les produits GUEDANT<\/h3>[vc_column_text]<\/p>\n<p class=\"textes_blancs\" style=\"text-align: center;\"><span style=\"font-size: 1.6em;\">+ de 80 extraits<\/span><\/p>\n<p>[\/vc_column_text][vc_empty_space height=&#8221;20px&#8221;]<span class='button-container'><a  class='bouton-section blanc wolf-button medium square icon_after border-button' href='https:\/\/fr.calameo.com\/read\/00634019114841c9822e1' target='_blank'>t\u00e9l\u00e9chargez la liste produits<\/a><\/span>[vc_empty_space height=&#8221;90px&#8221;][\/vc_column][\/vc_row][vc_row padding_bottom=&#8221;0px&#8221; background_color=&#8221;#ffffff&#8221; background_image=&#8221;0&#8243; background_position=&#8221;left center&#8221; el_class=&#8221;section_guedant_carte section_guedant_references&#8221;][vc_column][vc_row_inner el_class=&#8221;center_verti_content&#8221;][vc_column_inner width=&#8221;2\/3&#8243;][vc_empty_space height=&#8221;20px&#8221;]<div class='wolf-single-image text-center hover-none default'><a href='https:\/\/bontoux.com\/site2021\/wp-content\/uploads\/2020\/04\/Carte-Bontoux-avec-GUEDANT-FRANCAIS-02-2560x1389.png' class='lightbox image-item'><img src='https:\/\/bontoux.com\/site2021\/wp-content\/uploads\/2020\/04\/Carte-Bontoux-avec-GUEDANT-FRANCAIS-02-1024x556.png' alt=''  class=''><\/a><\/div>[\/vc_column_inner][vc_column_inner el_class=&#8221;contenu_centrer_verti&#8221; width=&#8221;1\/3&#8243;][vc_column_text el_class=&#8221;textes-verts&#8221;]<\/p>\n<p style=\"text-align: left;\"><b>Les produits GUEDANT sont distribu\u00e9s par les filiales du groupe Bontoux situ\u00e9es aux Etats-Unis, en Inde, en Chine et en Australie.<\/b><\/p>\n<p>[\/vc_column_text][vc_empty_space height=&#8221;20px&#8221;][\/vc_column_inner][\/vc_row_inner][vc_separator][\/vc_column][\/vc_row][vc_row padding_top=&#8221;40px&#8221; background_color=&#8221;#ffffff&#8221; background_image=&#8221;0&#8243; background_position=&#8221;center bottom&#8221; background_size=&#8221;default&#8221; el_class=&#8221;section-height-auto&#8221;][vc_column width=&#8221;1\/2&#8243;]<div class='wolf-single-image text-center hover-none default'><span class='image-item'><img src='https:\/\/bontoux.com\/site2021\/wp-content\/uploads\/2019\/10\/GUEDANT-A-COMPANY-FOND-ROSE-300x300.jpg' alt=''  class=''><\/span><\/div>[\/vc_column][vc_column width=&#8221;1\/2&#8243;][vc_column_text]<\/p>\n<h4 class=\"darkgreen\">Contactez-nous<\/h4>\n<p>ZI\u00a0 de Poigny<br \/>\nAvenue du Parc<br \/>\n77160 Poigny<\/p>\n<p class=\"tel\">T. +33(0)1 64 08 95 24<\/p>\n<p class=\"tel\" style=\"margin-top: 0px !important;\">F. +33(0)1 60 67 74 55<\/p>\n<p><a style=\"color: #6e575f;\" href=\"mailto:contact@guedant.com\">contact@guedant.com<\/a>[\/vc_column_text][vc_empty_space height=&#8221;40px&#8221;][\/vc_column][\/vc_row][vc_row content_type=&#8221;full&#8221; padding_top=&#8221;0&#8243; padding_bottom=&#8221;0&#8243; background_image=&#8221;0&#8243; el_class=&#8221;section_guedant_references&#8221;][vc_column][rev_slider_vc alias=&#8221;slide_guedant_bandeau_bas&#8221;][\/vc_column][\/vc_row]<\/p>\n","protected":false},"excerpt":{"rendered":"<p>[vc_row content_type=&#8221;full&#8221; padding_top=&#8221;0&#8243; padding_bottom=&#8221;0&#8243; background_image=&#8221;0&#8243; el_class=&#8221;section_guedant_references&#8221;][vc_column][rev_slider_vc alias=&#8221;guedant_head&#8221;][\/vc_column][\/vc_row][vc_row background_color=&#8221;#ffffff&#8221; background_image=&#8221;0&#8243; background_position=&#8221;left center&#8221; el_class=&#8221;section_guedant_carte section_guedant_references&#8221;][vc_column][vc_row_inner content_placement=&#8221;middle&#8221;][vc_column_inner width=&#8221;1\/2&#8243;][vc_empty_space height=&#8221;20px&#8221;][\/vc_column_inner][vc_column_inner el_class=&#8221;center_verti_content&#8221; width=&#8221;1\/2&#8243;][vc_column_text el_class=&#8221;textes-verts&#8221;] GUEDANT est une entreprise sp\u00e9cialis\u00e9e dans la conception, la production et&#8230;<\/p>\n<p><a rel=\"bookmark\" class=\"more-link wolf-button border-button-accent-hover\" href=\"https:\/\/bontoux.com\/site2021\/fr\/notre-offre\/guedant\/\">Continuer la lecture \u2192<\/a><\/p>\n","protected":false},"author":1,"featured_media":0,"parent":115,"menu_order":0,"comment_status":"closed","ping_status":"closed","template":"","meta":[],"_links":{"self":[{"href":"https:\/\/bontoux.com\/site2021\/wp-json\/wp\/v2\/pages\/5407"}],"collection":[{"href":"https:\/\/bontoux.com\/site2021\/wp-json\/wp\/v2\/pages"}],"about":[{"href":"https:\/\/bontoux.com\/site2021\/wp-json\/wp\/v2\/types\/page"}],"author":[{"embeddable":true,"href":"https:\/\/bontoux.com\/site2021\/wp-json\/wp\/v2\/users\/1"}],"replies":[{"embeddable":true,"href":"https:\/\/bontoux.com\/site2021\/wp-json\/wp\/v2\/comments?post=5407"}],"version-history":[{"count":75,"href":"https:\/\/bontoux.com\/site2021\/wp-json\/wp\/v2\/pages\/5407\/revisions"}],"predecessor-version":[{"id":6401,"href":"https:\/\/bontoux.com\/site2021\/wp-json\/wp\/v2\/pages\/5407\/revisions\/6401"}],"up":[{"embeddable":true,"href":"https:\/\/bontoux.com\/site2021\/wp-json\/wp\/v2\/pages\/115"}],"wp:attachment":[{"href":"https:\/\/bontoux.com\/site2021\/wp-json\/wp\/v2\/media?parent=5407"}],"curies":[{"name":"wp","href":"https:\/\/api.w.org\/{rel}","templated":true}]}}