{"id":3823,"date":"2018-04-09T13:02:51","date_gmt":"2018-04-09T11:02:51","guid":{"rendered":"https:\/\/bontoux.com\/site2021\/?page_id=3823"},"modified":"2019-09-13T11:13:49","modified_gmt":"2019-09-13T09:13:49","slug":"mentions-legales","status":"publish","type":"page","link":"https:\/\/bontoux.com\/site2021\/fr\/mentions-legales\/","title":{"rendered":"Mentions l\u00e9gales"},"content":{"rendered":"<p>[vc_row background_image=&#8221;0&#8243; el_class=&#8221;section-height-auto&#8221;][vc_column][vc_column_text]<\/p>\n<div class=\"wrap\">\n<div class=\"col-12 wolf-col alpha\">\n<div class=\"wpb_wrapper\">\n<div class=\"wpb_text_column wpb_content_element \">\n<div class=\"wpb_wrapper\">\n<p><strong>Mentions l\u00e9gales<\/strong><\/p>\n<p><strong>SAS BONTOUX<\/strong><br \/>\n<strong>Si\u00e8ge social : BONTOUX SAS 583 Route du Col de Peyruergue &#8211; Quartier Aguzon &#8211; 26170 Saint-Auban-sur-l\u2019Ouv\u00e8ze &#8211; FRANCE<br \/>\nT. +33 (0)4 75 28 64 64 &#8211; F. +33 (0)4 75 28 60 32<\/strong><br \/>\nEmail: <a href=\"contact@bontoux.com\">contact@bontoux.com<\/a><br \/>\nH\u00e9bergement du site internet : Ce site est h\u00e9berg\u00e9 par One and One<br \/>\nConception \/ R\u00e9alisation : <a href=\"http:\/\/neway.partners\" target=\"_blank\" rel=\"noopener noreferrer\">Neway Partners<\/a><br \/>\nDirecteur de publication : R\u00e9my Bontoux<\/p>\n<p><strong>Usage du site internet \/ Cause d\u2019exclusion de responsabilit\u00e9<br \/>\n<\/strong><br \/>\nBontoux ne pourra, en aucun cas, \u00eatre tenue pour responsable de quelconques dommages, directs ou indirects, qui r\u00e9sulteraient, \u00e9ventuellement, de l\u2019usage ou de l\u2019acc\u00e8s \u00e0 ce site internet, ou de l\u2019acc\u00e8s \u00e0 partir de ce site via d\u2019autres sites internet et leur utilisation. Ces dommages incluant, notamment et non limitativement, tout pr\u00e9judice mat\u00e9riel, financier ou commercial, pertes d\u2019exploitation, perte de donn\u00e9es ou de programmes au sein de votre syst\u00e8me d\u2019exploitation, quand bien m\u00eame Bontoux a \u00e9t\u00e9 averti de la survenance de tels dommages. Toute information est r\u00e9put\u00e9e fournie \u00ab en l\u2019\u00e9tat \u00bb par Bontoux.<br \/>\nBontoux peut \u00e0 tout moment revoir ces informations en mettant \u00e0 jour cette page et son site internet. En utilisant ce site internet, vous acceptez \u00eatre li\u00e9 par toute r\u00e9vision de ces informations.<\/p>\n<p><strong>Utilisation de la marque, logo, et liens hypertextes<br \/>\n<\/strong><br \/>\nToute utilisation quelle qu\u2019elle soit des noms de marques et logos de ce site est interdite sans l\u2019autorisation de Bontoux. De m\u00eame tous liens hypertextes visant ce site sont soumis \u00e0 une autorisation pr\u00e9alable.<\/p>\n<p><strong>Donn\u00e9es personnelles<br \/>\n<\/strong><br \/>\nToute information personnelle que vous renseignerez sur notre site est soumise aux dispositions de la Loi n\u00b0 78-17 Informatique et Libert\u00e9s du 6 janvier 1978. Bontoux pourra les utiliser en interne pour vous informer ou vous faire part d\u2019offres promotionnelles. Vous disposez d\u2019un droit d\u2019acc\u00e8s, de rectification et de suppression des informations personnelles vous concernant que vous pouvez exercer \u00e0 tout moment par \u00e9crit \u00e0 l\u2019adresse suivante : BONTOUX SAS\u00a0Quartier Aguzon \u2013 Lieu dit Le Clot &#8211; 26170 Saint-Auban-sur-l\u2019Ouv\u00e8ze &#8211; FRANCE ou bien par mail \u00e0 l\u2019adresse : <a href=\"contact@bontoux.com\">contact@bontoux.com<\/a><\/p>\n<p>Le Site utilise des Cookies. Les Cookies sont des petits fichiers qui sont d\u00e9pos\u00e9s sur l\u2019ordinateur de l\u2019Utilisateur dans le seul but de faciliter sa navigation sur le Site et de personnaliser le service qui lui est propos\u00e9.<br \/>\n\u00c0 chaque connexion sur le Site, Bontoux re\u00e7oit et enregistre certains types d\u2019informations (par exemple: le type et la version du navigateur du Client, son syst\u00e8me d\u2019exploitation et sa plate-forme, la liste des solutions consult\u00e9es, les dates et heures de visite\u2026).<br \/>\nCes informations sont con\u00e7ues pour \u00eatre utilis\u00e9es uniquement par Bontoux.<br \/>\nAfin de b\u00e9n\u00e9ficier de l\u2019ensemble des fonctionnalit\u00e9s du Site, il est donc pr\u00e9f\u00e9rable que l\u2019Utilisateur param\u00e8tre son navigateur Internet (Chrome, Firefox, Edge, Internet Explorer \u2026) pour que celui-ci accepte les cookies.<br \/>\nToutefois, l\u2019utilisateur est enti\u00e8rement libre de s\u2019opposer \u00e0 l\u2019enregistrement de ces cookies s\u2019il ne souhaite pas que Bontoux recueille ses donn\u00e9es de navigation. En effet, La plupart des navigateurs Internet indique comment refuser et d\u00e9sactiver les cookies ou comment obtenir un message qui signalera \u00e0 l\u2019utilisateur l\u2019envoi de cookies.<br \/>\nLes fonctionnalit\u00e9s de Google Analytics pour les annonceurs display sont activ\u00e9es pour sur ce site (Remarketing).<br \/>\nGoogle utilise des cookies pour diffuser nos annonces sur les sites de son r\u00e9seau Display.<\/p>\n<p>Gr\u00e2ce au cookie DoubleClick, Google adapte les annonces diffus\u00e9es aux utilisateurs en fonction de leur navigation sur notre site.<br \/>\nVous pouvez d\u00e9sactiver l\u2019utilisation de cette fonctionnalit\u00e9 en vous rendant sur le gestionnaire de pr\u00e9f\u00e9rences pour les annonces.<\/p>\n<\/div>\n<\/div>\n<\/div>\n<\/div>\n<\/div>\n<p>[\/vc_column_text][vc_empty_space][\/vc_column][\/vc_row]<\/p>\n","protected":false},"excerpt":{"rendered":"<p>[vc_row background_image=&#8221;0&#8243; el_class=&#8221;section-height-auto&#8221;][vc_column][vc_column_text] Mentions l\u00e9gales SAS BONTOUX Si\u00e8ge social : BONTOUX SAS 583 Route du Col de Peyruergue &#8211; Quartier Aguzon &#8211; 26170 Saint-Auban-sur-l\u2019Ouv\u00e8ze &#8211; FRANCE T. +33 (0)4 75&#8230;<\/p>\n<p><a rel=\"bookmark\" class=\"more-link wolf-button border-button-accent-hover\" href=\"https:\/\/bontoux.com\/site2021\/fr\/mentions-legales\/\">Continuer la lecture \u2192<\/a><\/p>\n","protected":false},"author":1,"featured_media":0,"parent":0,"menu_order":0,"comment_status":"closed","ping_status":"closed","template":"","meta":[],"_links":{"self":[{"href":"https:\/\/bontoux.com\/site2021\/wp-json\/wp\/v2\/pages\/3823"}],"collection":[{"href":"https:\/\/bontoux.com\/site2021\/wp-json\/wp\/v2\/pages"}],"about":[{"href":"https:\/\/bontoux.com\/site2021\/wp-json\/wp\/v2\/types\/page"}],"author":[{"embeddable":true,"href":"https:\/\/bontoux.com\/site2021\/wp-json\/wp\/v2\/users\/1"}],"replies":[{"embeddable":true,"href":"https:\/\/bontoux.com\/site2021\/wp-json\/wp\/v2\/comments?post=3823"}],"version-history":[{"count":6,"href":"https:\/\/bontoux.com\/site2021\/wp-json\/wp\/v2\/pages\/3823\/revisions"}],"predecessor-version":[{"id":5712,"href":"https:\/\/bontoux.com\/site2021\/wp-json\/wp\/v2\/pages\/3823\/revisions\/5712"}],"wp:attachment":[{"href":"https:\/\/bontoux.com\/site2021\/wp-json\/wp\/v2\/media?parent=3823"}],"curies":[{"name":"wp","href":"https:\/\/api.w.org\/{rel}","templated":true}]}}