{"id":2772,"date":"2018-02-27T09:25:38","date_gmt":"2018-02-27T08:25:38","guid":{"rendered":"https:\/\/bontoux.com\/site2021\/?page_id=2772"},"modified":"2020-07-21T11:30:35","modified_gmt":"2020-07-21T09:30:35","slug":"bontoux-organics-2","status":"publish","type":"page","link":"https:\/\/bontoux.com\/site2021\/fr\/notre-offre\/bontoux-organics-2\/","title":{"rendered":"Bontoux Organics"},"content":{"rendered":"<p>[vc_row content_type=&#8221;full&#8221; padding_top=&#8221;0&#8243; padding_bottom=&#8221;0&#8243; background_image=&#8221;0&#8243;][vc_column][rev_slider_vc alias=&#8221;box_organics_head&#8221;][\/vc_column][\/vc_row][vc_row background_color=&#8221;#f2f2f2&#8243; background_image=&#8221;0&#8243; background_position=&#8221;left center&#8221;][vc_column][vc_row_inner][vc_column_inner width=&#8221;1\/2&#8243;][vc_empty_space height=&#8221;20px&#8221;]<div class='wolf-single-image text-center hover-none default'><span class='image-item'><img src='https:\/\/bontoux.com\/site2021\/wp-content\/uploads\/2018\/02\/bon_Carte_bontouxOrganics-1024x499.png' alt=''  class=''><\/span><\/div>[\/vc_column_inner][vc_column_inner width=&#8221;1\/2&#8243;][vc_column_text el_class=&#8221;textes-verts&#8221;]<\/p>\n<p style=\"text-align: left;\">Bontoux Organics est notre distributeur d\u2019huiles essentielles bio aux USA, Canada et Mexique.<\/p>\n<p>[\/vc_column_text][vc_column_text]<\/p>\n<p style=\"text-align: left; font-size: 0.8em;\">Cr\u00e9\u00e9e en 2013, Bontoux Organics est le relais du groupe Bontoux pour soutenir le march\u00e9 croissant des huiles essentielles biologiques en Am\u00e9rique du Nord.<\/p>\n<p style=\"text-align: left; font-size: 0.8em;\">Bontoux Organics est certifi\u00e9 en tant que manutentionnaire (selon les normes du National Organic Program (NOP) par le D\u00e9partement de l&#8217;Agriculture des \u00c9tats-Unis et par le California Certified Organic Farmers (CCOF).<\/p>\n<p>[\/vc_column_text][vc_empty_space height=&#8221;10px&#8221;][vc_column_text]<img loading=\"lazy\" class=\"wp-image-1458 alignnone\" src=\"https:\/\/bontoux.com\/site2021\/wp-content\/uploads\/2017\/07\/bon_gab_label_ccof_400x400-300x300.png\" alt=\"\" width=\"80\" height=\"80\" srcset=\"https:\/\/bontoux.com\/site2021\/wp-content\/uploads\/2017\/07\/bon_gab_label_ccof_400x400-300x300.png 300w, https:\/\/bontoux.com\/site2021\/wp-content\/uploads\/2017\/07\/bon_gab_label_ccof_400x400-150x150.png 150w, https:\/\/bontoux.com\/site2021\/wp-content\/uploads\/2017\/07\/bon_gab_label_ccof_400x400-370x370.png 370w, https:\/\/bontoux.com\/site2021\/wp-content\/uploads\/2017\/07\/bon_gab_label_ccof_400x400-360x360.png 360w, https:\/\/bontoux.com\/site2021\/wp-content\/uploads\/2017\/07\/bon_gab_label_ccof_400x400-80x80.png 80w, https:\/\/bontoux.com\/site2021\/wp-content\/uploads\/2017\/07\/bon_gab_label_ccof_400x400.png 400w\" sizes=\"(max-width: 80px) 100vw, 80px\" \/><img loading=\"lazy\" class=\"wp-image-1459 alignnone\" src=\"https:\/\/bontoux.com\/site2021\/wp-content\/uploads\/2017\/07\/bon_gab_label_usda_400x400-300x300.png\" alt=\"\" width=\"80\" height=\"80\" srcset=\"https:\/\/bontoux.com\/site2021\/wp-content\/uploads\/2017\/07\/bon_gab_label_usda_400x400-300x300.png 300w, https:\/\/bontoux.com\/site2021\/wp-content\/uploads\/2017\/07\/bon_gab_label_usda_400x400-150x150.png 150w, https:\/\/bontoux.com\/site2021\/wp-content\/uploads\/2017\/07\/bon_gab_label_usda_400x400-370x370.png 370w, https:\/\/bontoux.com\/site2021\/wp-content\/uploads\/2017\/07\/bon_gab_label_usda_400x400-360x360.png 360w, https:\/\/bontoux.com\/site2021\/wp-content\/uploads\/2017\/07\/bon_gab_label_usda_400x400-80x80.png 80w, https:\/\/bontoux.com\/site2021\/wp-content\/uploads\/2017\/07\/bon_gab_label_usda_400x400.png 400w\" sizes=\"(max-width: 80px) 100vw, 80px\" \/>[\/vc_column_text][vc_empty_space height=&#8221;20px&#8221;][\/vc_column_inner][\/vc_row_inner][\/vc_column][\/vc_row][vc_row content_type=&#8221;full&#8221; padding_bottom=&#8221;0&#8243; background_color=&#8221;#ffffff&#8221; background_image=&#8221;1580&#8243; background_size=&#8221;default&#8221; overlay=&#8221;yes&#8221; overlay_image=&#8221;0&#8243; overlay_opacity=&#8221;40&#8243;][vc_column el_class=&#8221;center&#8221;]<h3  style='line-height:1;font-weight:400;letter-spacing:0px;text-transform:uppercase;color:#43367f;' class='titre-section titre-blanc fittext text-center clearfix' data-max-font-size='0'>Les produits Bontoux Organics<\/h3>[vc_column_text]<\/p>\n<p class=\"textes_blancs\" style=\"text-align: center;\"><span style=\"font-size: 1.6em;\">+ de 150 huiles essentielles<\/span><\/p>\n<p>[\/vc_column_text][vc_empty_space height=&#8221;20px&#8221;]<span class='button-container'><a  class='bouton-section blanc wolf-button medium square icon_after border-button' href='https:\/\/fr.calameo.com\/read\/0063401917323a5ed50c7' target='_blank'>t\u00e9l\u00e9chargez la liste produits<\/a><\/span>[vc_separator width=&#8221;5%&#8221; color=&#8221;#ffffff&#8221;][vc_column_text]<\/p>\n<p class=\"textes_blancs\" style=\"text-align: center;\"><span style=\"font-weight: bold;\">Attention<\/span><br \/>\nCette liste de produits n\u2019est disponible qu\u2019\u00e0 partir des \u00c9tats-Unis<br \/>\npour les \u00c9tats-Unis, le Canada et le Mexique.<\/p>\n<p>[\/vc_column_text][\/vc_column][\/vc_row][vc_row background_color=&#8221;#00a13a&#8221; background_image=&#8221;0&#8243; background_position=&#8221;center top&#8221;][vc_column][vc_empty_space height=&#8221;20px&#8221;][vc_row_inner][vc_column_inner width=&#8221;1\/2&#8243;]<div class='wolf-single-image text-center hover-none default'><span class='image-item'><img src='https:\/\/bontoux.com\/site2021\/wp-content\/uploads\/2017\/07\/bon_macaron_organics.png' alt=''  class='img-macaron'><\/span><\/div>[\/vc_column_inner][vc_column_inner width=&#8221;1\/2&#8243;][vc_column_text el_class=&#8221;gris-clair&#8221;]Chez Bontoux, nous sommes fiers de la qualit\u00e9 et de la s\u00e9curit\u00e9 de nos produits, de notre expertise en R &amp; D et de la transparence de notre r\u00e9glementation.<\/p>\n<p>Nos portes sont toujours ouvertes que ce soit pour visiter nos installations \u00e0 Saint Auban, en France, \u00e0 Edison, au New Jersey ou \u00e0 Madagascar.<\/p>\n<p>En tant que producteur responsable d\u2019ingr\u00e9dients naturels aromatiques, nous nous engageons \u00e0 fournir \u00e0 nos clients des produits de la plus haute qualit\u00e9, conformes aussi bien aux sp\u00e9cifications qu\u2019aux r\u00e9glementations internes et gouvernementales appropri\u00e9es.[\/vc_column_text][vc_column_text el_class=&#8221;gris-clair&#8221;]Vous satisfaire et cr\u00e9er des partenariats durables et strat\u00e9giques avec vous. [\/vc_column_text][\/vc_column_inner][\/vc_row_inner][\/vc_column][\/vc_row][vc_row background_color=&#8221;#f2f2f2&#8243; background_image=&#8221;0&#8243; background_position=&#8221;center bottom&#8221; background_size=&#8221;default&#8221; el_class=&#8221;section-height-auto&#8221;][vc_column width=&#8221;1\/2&#8243;]<div class='wolf-single-image text-center hover-none default'><span class='image-item'><img src='https:\/\/bontoux.com\/site2021\/wp-content\/uploads\/2018\/02\/bon_lo_ORGANICS_RVB-300x243.png' alt=''  class=''><\/span><\/div>[\/vc_column][vc_column width=&#8221;1\/2&#8243;][vc_column_text]<\/p>\n<h4 class=\"darkgreen\">Contactez-nous<\/h4>\n<p>21 Progress Street<br \/>\nEDISON, New Jersey 08820<\/p>\n<p class=\"tel\">T. +1 908 444 7022<br \/>\nF. +1 908 755 4844<\/p>\n<p><a class=\"titre-vert\" href=\"mailto:Bontouxorganics@bontoux.com\">Bontouxorganics@bontoux.com<\/a>[\/vc_column_text][vc_empty_space height=&#8221;40px&#8221;][\/vc_column][\/vc_row]<\/p>\n","protected":false},"excerpt":{"rendered":"<p>[vc_row content_type=&#8221;full&#8221; padding_top=&#8221;0&#8243; padding_bottom=&#8221;0&#8243; background_image=&#8221;0&#8243;][vc_column][rev_slider_vc alias=&#8221;box_organics_head&#8221;][\/vc_column][\/vc_row][vc_row background_color=&#8221;#f2f2f2&#8243; background_image=&#8221;0&#8243; background_position=&#8221;left center&#8221;][vc_column][vc_row_inner][vc_column_inner width=&#8221;1\/2&#8243;][vc_empty_space height=&#8221;20px&#8221;][\/vc_column_inner][vc_column_inner width=&#8221;1\/2&#8243;][vc_column_text el_class=&#8221;textes-verts&#8221;] Bontoux Organics est notre distributeur d\u2019huiles essentielles bio aux USA, Canada et Mexique. [\/vc_column_text][vc_column_text] Cr\u00e9\u00e9e en&#8230;<\/p>\n<p><a rel=\"bookmark\" class=\"more-link wolf-button border-button-accent-hover\" href=\"https:\/\/bontoux.com\/site2021\/fr\/notre-offre\/bontoux-organics-2\/\">Continuer la lecture \u2192<\/a><\/p>\n","protected":false},"author":1,"featured_media":0,"parent":115,"menu_order":0,"comment_status":"closed","ping_status":"closed","template":"","meta":[],"_links":{"self":[{"href":"https:\/\/bontoux.com\/site2021\/wp-json\/wp\/v2\/pages\/2772"}],"collection":[{"href":"https:\/\/bontoux.com\/site2021\/wp-json\/wp\/v2\/pages"}],"about":[{"href":"https:\/\/bontoux.com\/site2021\/wp-json\/wp\/v2\/types\/page"}],"author":[{"embeddable":true,"href":"https:\/\/bontoux.com\/site2021\/wp-json\/wp\/v2\/users\/1"}],"replies":[{"embeddable":true,"href":"https:\/\/bontoux.com\/site2021\/wp-json\/wp\/v2\/comments?post=2772"}],"version-history":[{"count":104,"href":"https:\/\/bontoux.com\/site2021\/wp-json\/wp\/v2\/pages\/2772\/revisions"}],"predecessor-version":[{"id":6263,"href":"https:\/\/bontoux.com\/site2021\/wp-json\/wp\/v2\/pages\/2772\/revisions\/6263"}],"up":[{"embeddable":true,"href":"https:\/\/bontoux.com\/site2021\/wp-json\/wp\/v2\/pages\/115"}],"wp:attachment":[{"href":"https:\/\/bontoux.com\/site2021\/wp-json\/wp\/v2\/media?parent=2772"}],"curies":[{"name":"wp","href":"https:\/\/api.w.org\/{rel}","templated":true}]}}