{"id":2666,"date":"2018-02-23T09:57:47","date_gmt":"2018-02-23T08:57:47","guid":{"rendered":"https:\/\/bontoux.com\/site2021\/?page_id=2666"},"modified":"2018-05-30T11:21:08","modified_gmt":"2018-05-30T09:21:08","slug":"travail-a-facon","status":"publish","type":"page","link":"https:\/\/bontoux.com\/site2021\/fr\/notre-offre\/travail-a-facon\/","title":{"rendered":"Travail \u00e0 fa\u00e7on"},"content":{"rendered":"<p>[vc_row content_type=&#8221;full&#8221; padding_top=&#8221;0&#8243; padding_bottom=&#8221;0&#8243; background_position=&#8221;center top&#8221;][vc_column][rev_slider_vc alias=&#8221;taf_intro&#8221;][\/vc_column][\/vc_row][vc_row background_image=&#8221;3521&#8243; el_class=&#8221;section-bloc-bontoux&#8221;][vc_column][vc_row_inner][vc_column_inner el_class=&#8221;bloc-bontoux&#8221; width=&#8221;1\/3&#8243;][vc_empty_space height=&#8221;30px&#8221;]<h5  style='line-height:1;font-weight:400;letter-spacing:0px;text-transform:uppercase;color:#43367f;' class='titre-section fittext text-center clearfix' data-max-font-size='20'>TRAVAIL \u00c0 FA\u00c7ON<\/h5>[vc_column_text]Forts de notre m\u00e9tier de producteur et distributeur de mati\u00e8res premi\u00e8res aromatiques et de notre longue exp\u00e9rience sur notre site industriel de Saint-Auban sur l\u2019Ouv\u00e8ze,nous pouvons vous proposer des comp\u00e9tences de transformateur de produits naturels.<\/p>\n<p>Habitu\u00e9s \u00e0 manipuler des produits fragiles aux probl\u00e9matiques complexes, nous mettons aussi \u00e0 disposition nos ressources sous forme de partenariat dans le cadre de travail \u00e0 fa\u00e7on.[\/vc_column_text][vc_empty_space height=&#8221;30px&#8221;][\/vc_column_inner][vc_column_inner width=&#8221;2\/3&#8243;][vc_empty_space height=&#8221;1px&#8221;][\/vc_column_inner][\/vc_row_inner][\/vc_column][\/vc_row][vc_row background_color=&#8221;#f4f4f4&#8243; background_image=&#8221;0&#8243; el_class=&#8221;section-taf section-height-auto&#8221;][vc_column]<h3  style='line-height:1;font-weight:400;letter-spacing:0px;text-transform:uppercase;color:#43367f;' class='titre-section fittext text-center clearfix' data-max-font-size='0'>services propos\u00e9s<\/h3>[vc_empty_space height=&#8221;30px&#8221;][vc_row_inner][vc_column_inner width=&#8221;1\/4&#8243;][vc_column_text el_class=&#8221;puces-taf picto-projet-left&#8221;]<\/p>\n<div id=\"hover-distilvap\" class=\"taf-hover\">\n<p>&nbsp;<\/p>\n<h4>DISTILLATION<br \/>\n\u00c0 LA VAPEUR<\/h4>\n<\/div>\n<p style=\"text-align: center; line-height: 1.2em; font-size: calc(7px + .5vw);\">Notre distillerie regroupe toutes les techniques.<\/p>\n<p style=\"text-align: center; line-height: 1.2em; font-size: calc(7px + .5vw);\"><img loading=\"lazy\" class=\"aligncenter wp-image-2875\" src=\"https:\/\/bontoux.com\/site2021\/wp-content\/uploads\/2018\/03\/BON_valid_violet.png\" alt=\"\" width=\"15\" height=\"15\" srcset=\"https:\/\/bontoux.com\/site2021\/wp-content\/uploads\/2018\/03\/BON_valid_violet.png 85w, https:\/\/bontoux.com\/site2021\/wp-content\/uploads\/2018\/03\/BON_valid_violet-80x80.png 80w\" sizes=\"(max-width: 15px) 100vw, 15px\" \/>Vapeur directe ou hydro distillation<\/p>\n<p style=\"text-align: center; line-height: 1.2em; font-size: calc(7px + .5vw);\"><img loading=\"lazy\" class=\"aligncenter wp-image-2875\" src=\"https:\/\/bontoux.com\/site2021\/wp-content\/uploads\/2018\/03\/BON_valid_violet.png\" alt=\"\" width=\"15\" height=\"15\" srcset=\"https:\/\/bontoux.com\/site2021\/wp-content\/uploads\/2018\/03\/BON_valid_violet.png 85w, https:\/\/bontoux.com\/site2021\/wp-content\/uploads\/2018\/03\/BON_valid_violet-80x80.png 80w\" sizes=\"(max-width: 15px) 100vw, 15px\" \/>Pression atmosph\u00e9rique ou forte pression<\/p>\n<p style=\"text-align: center; line-height: 1.2em; font-size: calc(7px + .5vw);\"><img loading=\"lazy\" class=\"aligncenter wp-image-2875\" src=\"https:\/\/bontoux.com\/site2021\/wp-content\/uploads\/2018\/03\/BON_valid_violet.png\" alt=\"\" width=\"15\" height=\"15\" srcset=\"https:\/\/bontoux.com\/site2021\/wp-content\/uploads\/2018\/03\/BON_valid_violet.png 85w, https:\/\/bontoux.com\/site2021\/wp-content\/uploads\/2018\/03\/BON_valid_violet-80x80.png 80w\" sizes=\"(max-width: 15px) 100vw, 15px\" \/>Pr\u00e9paration particuli\u00e8re du v\u00e9g\u00e9tal (broyage, mac\u00e9ration, etc&#8230;)<\/p>\n<p>[\/vc_column_text][\/vc_column_inner][vc_column_inner width=&#8221;1\/4&#8243;][vc_column_text el_class=&#8221;puces-taf&#8221;]<\/p>\n<div id=\"hover-extract\" class=\"taf-hover\">\n<h4>EXTRACTION<\/h4>\n<\/div>\n<p style=\"text-align: center;\">Notre unit\u00e9 d&#8217;extraction ATEX nous permet de\u00a0manipuler une gamme large de solvants.<\/p>\n<p>[\/vc_column_text][\/vc_column_inner][vc_column_inner width=&#8221;1\/4&#8243;][vc_column_text el_class=&#8221;puces-taf&#8221;]<\/p>\n<div id=\"hover-distilmol\" class=\"taf-hover\">\n<h4>DISTILLATION MOL\u00c9CULAIRE<\/h4>\n<\/div>\n<p style=\"text-align: center;\">Nos appareils de distillation mol\u00e9culaire abordent toutes les \u00e9chelles, de quelques centaines de grammes en laboratoire jusqu&#8217;\u00e0 des tonnes en atelier.<\/p>\n<p>[\/vc_column_text][\/vc_column_inner][vc_column_inner width=&#8221;1\/4&#8243;][vc_column_text el_class=&#8221;puces-taf&#8221;]<\/p>\n<div id=\"hover-fraction\" class=\"taf-hover\">\n<h4>FRACTIONNEMENT SOUS VIDE<\/h4>\n<\/div>\n<p style=\"text-align: center;\">Nos colonnes de capacit\u00e9s tr\u00e8s vari\u00e9es nous permettent des s\u00e9parations audacieuses. Atteignant 100 plateaux th\u00e9oriques pour des gammes de vide allant jusqu&#8217;\u00e0 0.1 mbar.<\/p>\n<p>[\/vc_column_text][\/vc_column_inner][\/vc_row_inner][vc_empty_space height=&#8221;60px&#8221;][\/vc_column][\/vc_row][vc_row padding_bottom=&#8221;0&#8243; background_color=&#8221;#43367f&#8221; background_image=&#8221;0&#8243; el_class=&#8221;section-height-auto&#8221;][vc_column]<h3  style='line-height:1;font-weight:400;letter-spacing:0px;text-transform:uppercase;color:#43367f;' class='titre-section-blanc fittext text-center clearfix' data-max-font-size='0'>nous nous adaptons \u00e0 votre projet<\/h3>[vc_empty_space][vc_row_inner el_class=&#8221;trait-vertical&#8221;][vc_column_inner width=&#8221;1\/3&#8243;]<h3  style='line-height:1;font-weight:400;letter-spacing:0px;text-transform:none;color:#ffffff;' class='textes_blancs titre-services fittext text-center clearfix' data-max-font-size='0'>Vous connaissez votre process ?<\/h3>[vc_separator width=&#8221;5%&#8221; color=&#8221;#ffffff&#8221;][vc_column_text el_class=&#8221;gris-clair&#8221;]<\/p>\n<p style=\"text-align: center;\">Alors nous le respecterons \u00e0 la lettre selon vos instructions de travail pour rejoindre vos sp\u00e9cifications.<\/p>\n<p>[\/vc_column_text][vc_empty_space][\/vc_column_inner][vc_column_inner width=&#8221;1\/3&#8243;]<h3  style='line-height:1;font-weight:400;letter-spacing:0px;text-transform:none;color:#ffffff;' class='textes_blancs titre-services fittext text-center clearfix' data-max-font-size='0'>Vous souhaitez nous confier le suivi analytique tout au long de l\u2019op\u00e9ration ?<\/h3>[vc_separator width=&#8221;5%&#8221; color=&#8221;#ffffff&#8221;][vc_column_text el_class=&#8221;gris-clair&#8221;]<\/p>\n<p style=\"text-align: center;\">Notre laboratoire d\u2019analyse prend le relais en adoptant vos m\u00e9thodes.<\/p>\n<p>[\/vc_column_text][vc_empty_space][\/vc_column_inner][vc_column_inner width=&#8221;1\/3&#8243;]<h3  style='line-height:1;font-weight:400;letter-spacing:0px;text-transform:none;color:#ffffff;' class='textes_blancs titre-services fittext text-center clearfix' data-max-font-size='0'>Vous h\u00e9sitez et vous souhaitez une mise \u00e0 l\u2019essai pr\u00e9alable ?<\/h3>[vc_separator width=&#8221;5%&#8221; color=&#8221;#ffffff&#8221;][vc_column_text el_class=&#8221;gris-clair&#8221;]<\/p>\n<p style=\"text-align: center;\">Nous pouvons le faire ensemble dans notre laboratoire de d\u00e9veloppement.<\/p>\n<p>[\/vc_column_text][vc_empty_space][\/vc_column_inner][\/vc_row_inner][vc_empty_space height=&#8221;60px&#8221;][\/vc_column][\/vc_row][vc_row padding_top=&#8221;0&#8243; padding_bottom=&#8221;0&#8243; background_image=&#8221;1717&#8243; el_class=&#8221;section-atout&#8221;][vc_column width=&#8221;1\/12&#8243;][\/vc_column][vc_column width=&#8221;1\/3&#8243; el_class=&#8221;colonne_blanche&#8221;][vc_empty_space height=&#8221;30px&#8221;]<h4  style='line-height:1;font-weight:0;letter-spacing:0px;text-transform:none;color:#43367f;' class='titre-section fittext text-center clearfix' data-max-font-size='0'>NOS ATOUTS<\/h4>[vc_tta_accordion active_section=&#8221;6&#8243; no_fill=&#8221;true&#8221; collapsible_all=&#8221;true&#8221;][vc_tta_section title=&#8221;Laboratoire d\u2019analyses&#8221; tab_id=&#8221;1519682356832-0bdc42c1-37ec&#8221;][vc_column_text]L\u2019\u00e9quipement de notre laboratoire d\u2019analyses nous permet d\u2019offrir en compl\u00e9ment la possibilit\u00e9 du suivi rigoureux pendant et apr\u00e8s les op\u00e9rations, en chromatographie gazeuse comme en chromatographie liquide.[\/vc_column_text][\/vc_tta_section][vc_tta_section title=&#8221;capacit\u00e9s de gestion de dechets biomasse&#8221; tab_id=&#8221;1519682356911-6e625a14-783c&#8221;][vc_column_text]Au milieu d\u2019une nature qui est souvent notre fournisseur, notre environnement est un atout fort que nous pr\u00e9servons. Un espace large et d\u00e9gag\u00e9 nous permet de g\u00e9rer des quantit\u00e9s importantes de d\u00e9chets verts. Par ailleurs habitu\u00e9s aux contraintes d\u2019un site ICPE, nous g\u00e9rons vos d\u00e9chets dans le respect de la r\u00e8glementation mais surtout en optimisant les voies de valorisation et en vous fournissant tous les \u00e9l\u00e9ments de tra\u00e7abilit\u00e9.<\/p>\n<p>Nous savons \u00e9galement g\u00e9rer un proc\u00e9d\u00e9 bio.<\/p>\n<p>Le service r\u00e8glementaire peut vous conseiller dans vos choix techniques.[\/vc_column_text][\/vc_tta_section][\/vc_tta_accordion][\/vc_column][vc_column width=&#8221;1\/6&#8243;][\/vc_column][vc_column width=&#8221;1\/6&#8243;][\/vc_column][vc_column width=&#8221;1\/6&#8243;][\/vc_column][vc_column width=&#8221;1\/12&#8243;][\/vc_column][\/vc_row]<\/p>\n","protected":false},"excerpt":{"rendered":"<p>[vc_row content_type=&#8221;full&#8221; padding_top=&#8221;0&#8243; padding_bottom=&#8221;0&#8243; background_position=&#8221;center top&#8221;][vc_column][rev_slider_vc alias=&#8221;taf_intro&#8221;][\/vc_column][\/vc_row][vc_row background_image=&#8221;3521&#8243; el_class=&#8221;section-bloc-bontoux&#8221;][vc_column][vc_row_inner][vc_column_inner el_class=&#8221;bloc-bontoux&#8221; width=&#8221;1\/3&#8243;][vc_empty_space height=&#8221;30px&#8221;][vc_column_text]Forts de notre m\u00e9tier de producteur et distributeur de mati\u00e8res premi\u00e8res aromatiques et de notre longue exp\u00e9rience sur notre&#8230;<\/p>\n<p><a rel=\"bookmark\" class=\"more-link wolf-button border-button-accent-hover\" href=\"https:\/\/bontoux.com\/site2021\/fr\/notre-offre\/travail-a-facon\/\">Continuer la lecture \u2192<\/a><\/p>\n","protected":false},"author":1,"featured_media":0,"parent":115,"menu_order":0,"comment_status":"closed","ping_status":"closed","template":"","meta":[],"_links":{"self":[{"href":"https:\/\/bontoux.com\/site2021\/wp-json\/wp\/v2\/pages\/2666"}],"collection":[{"href":"https:\/\/bontoux.com\/site2021\/wp-json\/wp\/v2\/pages"}],"about":[{"href":"https:\/\/bontoux.com\/site2021\/wp-json\/wp\/v2\/types\/page"}],"author":[{"embeddable":true,"href":"https:\/\/bontoux.com\/site2021\/wp-json\/wp\/v2\/users\/1"}],"replies":[{"embeddable":true,"href":"https:\/\/bontoux.com\/site2021\/wp-json\/wp\/v2\/comments?post=2666"}],"version-history":[{"count":155,"href":"https:\/\/bontoux.com\/site2021\/wp-json\/wp\/v2\/pages\/2666\/revisions"}],"predecessor-version":[{"id":5087,"href":"https:\/\/bontoux.com\/site2021\/wp-json\/wp\/v2\/pages\/2666\/revisions\/5087"}],"up":[{"embeddable":true,"href":"https:\/\/bontoux.com\/site2021\/wp-json\/wp\/v2\/pages\/115"}],"wp:attachment":[{"href":"https:\/\/bontoux.com\/site2021\/wp-json\/wp\/v2\/media?parent=2666"}],"curies":[{"name":"wp","href":"https:\/\/api.w.org\/{rel}","templated":true}]}}