{"id":2563,"date":"2018-02-21T12:40:06","date_gmt":"2018-02-21T11:40:06","guid":{"rendered":"https:\/\/bontoux.com\/site2021\/?page_id=2563"},"modified":"2026-04-03T08:48:15","modified_gmt":"2026-04-03T06:48:15","slug":"carriere","status":"publish","type":"page","link":"https:\/\/bontoux.com\/site2021\/en\/carriere\/","title":{"rendered":"Carri\u00e8re"},"content":{"rendered":"<p>[vc_row content_type=&#8221;large&#8221; padding_top=&#8221;40&#8243; padding_bottom=&#8221;10&#8243; background_color=&#8221;#ffffff&#8221; background_image=&#8221;0&#8243; el_class=&#8221;section-galerie&#8221;][vc_column el_class=&#8221;contenu-gallerie&#8221;][vc_column_text][\/vc_column_text][vc_row_inner][vc_column_inner el_class=&#8221;bloc-bontoux&#8221;][vc_empty_space height=&#8221;10px&#8221;]<h4  style='line-height:1;font-weight:0;letter-spacing:0px;text-transform:none;' class='texte-bontoux taille2 fittext text-center clearfix' data-max-font-size='0'>Histoire de passionn\u00e9s<\/h4>[vc_column_text]Les femmes et les hommes de Bontoux sont anim\u00e9s par la m\u00eame fiert\u00e9 de participer tous les jours \u00e0 la cr\u00e9ation d&#8217;un produit d&#8217;exception, naturellement.[\/vc_column_text][vc_empty_space height=&#8221;10px&#8221;]<span class='button-container'><a  class='bouton-section_histoire wolf-button medium square icon_after border-button-accent-hover' href='https:\/\/bontoux.com\/site2021\/506-2\/' target='_blank'>NOUS REJOINDRE<\/a><\/span>[vc_empty_space height=&#8221;10px&#8221;][\/vc_column_inner][\/vc_row_inner][\/vc_column][\/vc_row][vc_row padding_top=&#8221;0&#8243; padding_bottom=&#8221;0&#8243; background_image=&#8221;0&#8243; el_class=&#8221;section-height-auto&#8221;][vc_column][vc_raw_html el_class=&#8221;anchor&#8221;]JTNDYSUyMGlkJTNEJTIyNHJhaXNvbnMlMjIlM0UlM0MlMkZhJTNF[\/vc_raw_html][\/vc_column][\/vc_row][vc_row background_color=&#8221;#f4f4f4&#8243; background_image=&#8221;0&#8243; el_class=&#8221;section-raisons&#8221;][vc_column]<h3  style='line-height:1;font-weight:400;letter-spacing:0px;text-transform:uppercase;color:#43367f;' class='titre-section fittext text-center clearfix' data-max-font-size='0'>Les raisons de nous rejoindre<\/h3>[vc_empty_space height=&#8221;30px&#8221;][vc_row_inner][vc_column_inner width=&#8221;1\/4&#8243;][vc_column_text el_class=&#8221;puces-carriere&#8221;]<\/p>\n<div id=\"hover-travail\" class=\"carriere-hover\">\n<h4>Un environnement de travail exceptionnel<\/h4>\n<\/div>\n<p style=\"text-align: center;\">Nich\u00e9e en pleine Dr\u00f4me proven\u00e7ale, la soci\u00e9t\u00e9 Bontoux est implant\u00e9e au c\u0153ur de la nature, entre montagne et campagne et offre un cadre de travail rare et exceptionnel.<br \/>\nEntreprise \u00e0 taille humaine, nous offrons un environnement o\u00f9 les conditions et m\u00e9thodes de travail participent au bien \u00eatre de chacun et au d\u00e9veloppement professionnel de nos collaborateurs.<\/p>\n<p>[\/vc_column_text][\/vc_column_inner][vc_column_inner width=&#8221;1\/4&#8243;][vc_column_text el_class=&#8221;puces-carriere&#8221;]<\/p>\n<div id=\"hover-famille\" class=\"carriere-hover\">\n<h4>Une entreprise familiale et ambitieuse<\/h4>\n<\/div>\n<p style=\"text-align: center;\">Notre histoire et notre go\u00fbt des d\u00e9fis nous portent vers le futur avec la responsabilit\u00e9 de grandir sans perdre notre attachement \u00e0 la terre et \u00e0 nos valeurs que sont le respect, le partage l\u2019excellence, la passion.<br \/>\nLa dimension humaine de notre structure et notre envie d\u2019entreprendre conduisent \u00e0 mettre l\u2019humain au c\u0153ur de notre organisation, bas\u00e9e sur le partage du savoir et de l\u2019exp\u00e9rience.<\/p>\n<p>[\/vc_column_text][\/vc_column_inner][vc_column_inner width=&#8221;1\/4&#8243;][vc_column_text el_class=&#8221;puces-carriere&#8221;]<\/p>\n<div id=\"hover-partage\" class=\"carriere-hover\">\n<h4>Une entreprise engag\u00e9e et responsable<\/h4>\n<\/div>\n<p style=\"text-align: center;\">La Responsabilit\u00e9 sociale et environnementale a toujours \u00e9t\u00e9 ancr\u00e9e au niveau local et dans les pays o\u00f9 nous sommes implant\u00e9s. Nous renfor\u00e7ons nos actions en ce sens pour r\u00e9pondre aux d\u00e9fis environnementaux et contribuer \u00e0 un d\u00e9veloppement partag\u00e9.<\/p>\n<p>[\/vc_column_text][\/vc_column_inner][vc_column_inner width=&#8221;1\/4&#8243;][vc_column_text el_class=&#8221;puces-carriere&#8221;]<\/p>\n<div id=\"hover-internat\" class=\"carriere-hover\">\n<h4>Une entreprise tourn\u00e9e vers l\u2019international<\/h4>\n<\/div>\n<p style=\"text-align: center;\">L\u2019entreprise Bontoux a d\u00e9but\u00e9 son d\u00e9veloppement international au milieu du si\u00e8cle dernier d\u2019abord aux Etats-Unis puis vers l\u2019Asie et le Pacifique. Elle poursuit son ouverture dans tous les domaines; sourcing, production et distribution vers des march\u00e9s \u00e9mergents avec comme objectif de partager ses connaissances aupr\u00e8s de partenaires qui souhaitent s\u2019engager dans la dur\u00e9e et la qualit\u00e9.<\/p>\n<p>[\/vc_column_text][\/vc_column_inner][\/vc_row_inner][vc_empty_space height=&#8221;60px&#8221;][\/vc_column][\/vc_row][vc_row padding_top=&#8221;0&#8243; padding_bottom=&#8221;0&#8243; background_image=&#8221;0&#8243; el_class=&#8221;section-height-auto&#8221;][vc_column][vc_raw_html el_class=&#8221;anchor&#8221;]JTNDYSUyMGlkJTNEJTIyam9icyUyMiUzRSUzQyUyRmElM0U=[\/vc_raw_html][\/vc_column][\/vc_row][vc_row background_image=&#8221;0&#8243; background_position=&#8221;left center&#8221; el_class=&#8221;section-height-auto&#8221;][vc_column][vc_row_inner][vc_column_inner]<h3  style='line-height:1;font-weight:400;letter-spacing:0px;text-transform:uppercase;color:#43367f;' class='titre-section fittext text-center clearfix' data-max-font-size='0'>Vous souhaitez nous rejoindre ?<\/h3>[\/vc_column_inner][\/vc_row_inner][vc_empty_space][vc_row_inner][vc_column_inner width=&#8221;5\/12&#8243;][vc_column_text]<\/p>\n<h4 class=\"darkgreen\">Bontoux recrute !<\/h4>\n<p>Nous recherchons actuellement:<\/p>\n<p>&nbsp;<\/p>\n<table style=\"width: 100%; height: 163px;\">\n<thead>\n<tr style=\"height: 24px;\">\n<th style=\"width: 64.6953%; height: 24px;\">Type de poste<\/th>\n<th style=\"width: 32.4373%; height: 24px;\">Fiche de poste<\/th>\n<\/tr>\n<\/thead>\n<tbody>\n<tr style=\"height: 24px;\">\n<td style=\"width: 64.6953%; height: 24px;\">H\/F Conducteur d&#8217;installation<\/td>\n<td style=\"width: 32.4373%; height: 24px;\"><a href=\"https:\/\/bontoux.com\/site2021\/wp-content\/uploads\/2025\/07\/2025-07-Document-RH-Offre-demploi-CONDUCTEUR-DINSTALLATION.pdf\">Cliquez<\/a><\/td>\n<\/tr>\n<tr style=\"height: 19px;\">\n<td style=\"width: 64.6953%; height: 19px;\">H\/F Operateur de production<\/td>\n<td style=\"width: 32.4373%; height: 19px;\"><a href=\"https:\/\/careers.flatchr.io\/vacancy\/1zj8md6ylobpyz70-operateur-de-production\/\">Cliquez<\/a><\/td>\n<\/tr>\n<tr style=\"height: 24px;\">\n<td style=\"width: 64.6953%; height: 24px;\">H\/F Technicien Conducteur d&#8217;installation<\/td>\n<td style=\"width: 32.4373%; height: 24px;\"><a href=\"https:\/\/bontoux.com\/site2021\/wp-content\/uploads\/2025\/08\/2025-08-Document-RH-Offre-demploi-CONDUCTEUR-DINSTALLATION-NIV-BAC-2.pdf\">Cliquez<\/a><\/td>\n<\/tr>\n<tr style=\"height: 24px;\">\n<td style=\"width: 64.6953%; height: 24px;\">H\/F Technicien de production<\/td>\n<td style=\"width: 32.4373%; height: 24px;\"><a href=\"https:\/\/careers.flatchr.io\/vacancy\/renkkd8x0kzd3xyg-technicien-de-production-h-f\/\">Cliquez<\/a><\/td>\n<\/tr>\n<tr style=\"height: 24px;\">\n<td style=\"width: 64.6953%; height: 24px;\">H\/F Charg\u00e9 d&#8217;affaires r\u00e8glementaire<\/td>\n<td style=\"width: 32.4373%; height: 24px;\"><a href=\"https:\/\/careers.flatchr.io\/fr\/company\/bontoux\/vacancy\/g8owlpgyvajn63o1-charge-daffaires-reglementaires-h-f\/\">Cliquez<\/a><\/td>\n<\/tr>\n<tr>\n<td style=\"width: 64.6953%;\">H\/F Ing\u00e9nieur de projet technique<\/td>\n<td style=\"width: 32.4373%;\"><a href=\"https:\/\/careers.flatchr.io\/vacancy\/bmqj09z0e8adxorl-charge-de-projet-technique\/\">Cliquez<\/a><\/td>\n<\/tr>\n<\/tbody>\n<\/table>\n<p>[\/vc_column_text][vc_empty_space][\/vc_column_inner][vc_column_inner width=&#8221;2\/12&#8243;][vc_empty_space height=&#8221;1px&#8221;][\/vc_column_inner][vc_column_inner width=&#8221;5\/12&#8243;][vc_column_text]<\/p>\n<h4 class=\"darkgreen\">D\u00e9posez votre candidature<\/h4>\n<p>Envoyez vos CV et lettre de motivation \u00e0 l&#8217;adresse :<\/p>\n<p><a href=\"mailto:jobs@bontoux.com\">jobs@bontoux.com<\/a>[\/vc_column_text][\/vc_column_inner][\/vc_row_inner][\/vc_column][\/vc_row][vc_row padding_top=&#8221;0&#8243; padding_bottom=&#8221;0&#8243; background_image=&#8221;0&#8243; el_class=&#8221;section-height-auto&#8221;][vc_column][vc_raw_html el_class=&#8221;anchor&#8221;]JTNDYSUyMGlkJTNEJTIyZW5nYWdlbWVudHNSSCUyMiUzRSUzQyUyRmElM0U=[\/vc_raw_html][\/vc_column][\/vc_row][vc_row background_color=&#8221;#43367f&#8221; el_class=&#8221;section-valeurs&#8221;][vc_column][vc_row_inner][vc_column_inner width=&#8221;1\/6&#8243;][vc_empty_space height=&#8221;1px&#8221;][\/vc_column_inner][vc_column_inner width=&#8221;2\/3&#8243;]<h3  style='line-height:1;font-weight:400;letter-spacing:0px;text-transform:uppercase;color:#43367f;' class='titre-section textes_blancs fittext text-center clearfix' data-max-font-size='0'>Nos engagements RH<\/h3>[vc_column_text el_class=&#8221;textes_blancs&#8221;]<\/p>\n<p style=\"text-align: center;\">Travailler chez Bontoux, c\u2019est \u00e9voluer dans une entreprise qui cultive et prend soin de l\u2019humain, du bien-\u00eatre pour que l\u2019engagement des collaborateurs s\u2019inscrive dans la dur\u00e9e.<\/p>\n<p>[\/vc_column_text][\/vc_column_inner][vc_column_inner width=&#8221;1\/6&#8243;][vc_empty_space height=&#8221;1px&#8221;][\/vc_column_inner][\/vc_row_inner][vc_empty_space height=&#8221;60px&#8221;][vc_tta_tabs shape=&#8221;square&#8221; color=&#8221;white&#8221; spacing=&#8221;&#8221; alignment=&#8221;center&#8221; active_section=&#8221;0&#8243; no_fill_content_area=&#8221;true&#8221; el_class=&#8221;textes_blancs&#8221;][vc_tta_section title=&#8221;Le respect et le partage&#8221; tab_id=&#8221;onglet1&#8243;][vc_column_text]<\/p>\n<p style=\"text-align: center;\"><span style=\"font-weight: bolder;\">L\u2019HUMAIN<\/span> est au c\u0153ur de nos pr\u00e9occupations. Les valeurs de respect et de partage qui nous animent nous permettent de produire et donner le meilleur de nous-m\u00eames; ce sont ces valeurs que nous d\u00e9fendons quotidiennement en faisant preuve de bienveillance envers les uns et les autres, nos clients et nos partenaires.<\/p>\n<p>[\/vc_column_text][\/vc_tta_section][vc_tta_section title=&#8221;L&#8217;Excellence&#8221; tab_id=&#8221;onglet2&#8243;][vc_column_text]<\/p>\n<p style=\"text-align: center;\">Plus qu\u2019un simple producteur, notre valeur ajout\u00e9e r\u00e9side dans <span class=\"bold\">L&#8217;EXPERTISE<\/span> et le savoir-faire de nos collaborateurs, la modernit\u00e9 de notre outil industriel et un acquis en perp\u00e9tuelle \u00e9volution depuis plus de 100 ans.<br \/>\nNous cultivons cette expertise en donnant \u00e0 chacun les moyens de se former tout au long de sa carri\u00e8re professionnelle et de s\u2019\u00e9panouir dans son m\u00e9tier mais aussi en accompagnant nos collaborateurs pour qu\u2019ils puissent exprimer et d\u00e9velopper leurs talents.<\/p>\n<p>[\/vc_column_text][\/vc_tta_section][vc_tta_section title=&#8221;La Passion du m\u00e9tier&#8221; tab_id=&#8221;onglet3&#8243;][vc_column_text]<\/p>\n<p style=\"text-align: center;\"><span class=\"bold\">LA PASSION<\/span> des mati\u00e8res premi\u00e8res aromatiques nous anime chaque jour, de la terre au v\u00e9g\u00e9tal, de la relation avec nos producteurs \u00e0 la r\u00e9colte de la plante en passant par les techniques de distillation, production, d\u2019analyse, de recherche et d\u00e9veloppement et par le r\u00e9glementaire. Notre vocation: donner du sens \u00e0 notre action et produire les naturels de demain.<\/p>\n<p>[\/vc_column_text][\/vc_tta_section][\/vc_tta_tabs][\/vc_column][\/vc_row][vc_row padding_top=&#8221;0px&#8221; background_color=&#8221;#43367f&#8221; background_image=&#8221;0&#8243; el_class=&#8221;section-valeurs section-index&#8221;][vc_column][vc_row_inner][vc_column_inner width=&#8221;1\/6&#8243;][vc_empty_space height=&#8221;1px&#8221;][\/vc_column_inner][vc_column_inner width=&#8221;2\/3&#8243;]<h3  style='line-height:1;font-weight:400;letter-spacing:0px;text-transform:uppercase;color:#43367f;' class='titre-section textes_blancs fittext text-center clearfix' data-max-font-size='0'>INDEX PARIT\u00c9 HOMMES \/ FEMMES 2025<\/h3>[\/vc_column_inner][vc_column_inner width=&#8221;1\/6&#8243;][vc_empty_space height=&#8221;1px&#8221;][\/vc_column_inner][\/vc_row_inner][vc_empty_space height=&#8221;20px&#8221;]<h4  style='line-height:1;font-weight:500;letter-spacing:0px;text-transform:uppercase;color:#ffffff;font-size:3em;' class='fittext text-center clearfix' data-max-font-size='50'>99\/100<\/h4>[vc_empty_space height=&#8221;20px&#8221;][vc_row_inner][vc_column_inner width=&#8221;1\/4&#8243;]<div class='wolf-single-image text-center hover-none default'><span class='image-item'><img src='https:\/\/bontoux.com\/site2021\/wp-content\/uploads\/2022\/03\/Bon_Picto_web2022__BALANCE.png' alt=''  style='max-width:75px;margin-bottom:30px;' class=''><\/span><\/div><h5  style='line-height:1;font-weight:700;letter-spacing:0px;text-transform:uppercase;color:#ffffff;' class='fittext text-center clearfix' data-max-font-size='14'>39\/40 points<\/h5>[vc_column_text inline_style=&#8221;color:white !important;&#8221;]<\/p>\n<p style=\"text-align: center;\">Indicateur \u00e9cart de r\u00e9mun\u00e9ration<\/p>\n<p>[\/vc_column_text][\/vc_column_inner][vc_column_inner width=&#8221;1\/4&#8243;]<div class='wolf-single-image text-center hover-none default'><span class='image-item'><img src='https:\/\/bontoux.com\/site2021\/wp-content\/uploads\/2022\/03\/Bon_Picto_web2022__RAISE.png' alt=''  style='max-width:75px;margin-bottom:30px;' class=''><\/span><\/div><h5  style='line-height:1;font-weight:700;letter-spacing:0px;text-transform:uppercase;color:#ffffff;' class='fittext text-center clearfix' data-max-font-size='14'>35\/35 points<\/h5>[vc_column_text inline_style=&#8221;color:white !important;&#8221;]<\/p>\n<p style=\"text-align: center;\">Indicateur \u00e9carts d&#8217;augmentations individuelles<\/p>\n<p>[\/vc_column_text][\/vc_column_inner][vc_column_inner width=&#8221;1\/4&#8243;]<div class='wolf-single-image text-center hover-none default'><span class='image-item'><img src='https:\/\/bontoux.com\/site2021\/wp-content\/uploads\/2022\/03\/Bon_Picto_web2022__RAISE_POURCENT.png' alt=''  style='max-width:75px;margin-bottom:30px;' class=''><\/span><\/div><h5  style='line-height:1;font-weight:700;letter-spacing:0px;text-transform:uppercase;color:#ffffff;' class='fittext text-center clearfix' data-max-font-size='14'>15\/15 points<\/h5>[vc_column_text inline_style=&#8221;color:white !important;&#8221;]<\/p>\n<p style=\"text-align: center;\">Indicateur pourcentage de salari\u00e9s augment\u00e9s au retour d&#8217;un cong\u00e9 maternit\u00e9<\/p>\n<p>[\/vc_column_text][\/vc_column_inner][vc_column_inner width=&#8221;1\/4&#8243;]<div class='wolf-single-image text-center hover-none default'><span class='image-item'><img src='https:\/\/bontoux.com\/site2021\/wp-content\/uploads\/2022\/03\/Bon_Picto_web2022__GROUPE.png' alt=''  style='max-width:75px;margin-bottom:30px;' class=''><\/span><\/div><h5  style='line-height:1;font-weight:700;letter-spacing:0px;text-transform:uppercase;color:#ffffff;' class='fittext text-center clearfix' data-max-font-size='14'>10\/10 points<\/h5>[vc_column_text inline_style=&#8221;color:white !important;&#8221;]<\/p>\n<p style=\"text-align: center;\">Indicateur nombre de salari\u00e9s du sexe sous-repr\u00e9sent\u00e9 parmi les 10 plus hautes r\u00e9mun\u00e9rations<\/p>\n<p>[\/vc_column_text][\/vc_column_inner][\/vc_row_inner][\/vc_column][\/vc_row]<\/p>\n","protected":false},"excerpt":{"rendered":"<p>[vc_row content_type=&#8221;large&#8221; padding_top=&#8221;40&#8243; padding_bottom=&#8221;10&#8243; background_color=&#8221;#ffffff&#8221; background_image=&#8221;0&#8243; el_class=&#8221;section-galerie&#8221;][vc_column el_class=&#8221;contenu-gallerie&#8221;][vc_column_text][\/vc_column_text][vc_row_inner][vc_column_inner el_class=&#8221;bloc-bontoux&#8221;][vc_empty_space height=&#8221;10px&#8221;][vc_column_text]Les femmes et les hommes de Bontoux sont anim\u00e9s par la m\u00eame fiert\u00e9 de participer tous les jours \u00e0 la cr\u00e9ation&#8230;<\/p>\n<p><a rel=\"bookmark\" class=\"more-link wolf-button border-button-accent-hover\" href=\"https:\/\/bontoux.com\/site2021\/en\/carriere\/\">Continuer la lecture \u2192<\/a><\/p>\n","protected":false},"author":1,"featured_media":0,"parent":0,"menu_order":0,"comment_status":"closed","ping_status":"closed","template":"","meta":[],"_links":{"self":[{"href":"https:\/\/bontoux.com\/site2021\/wp-json\/wp\/v2\/pages\/2563"}],"collection":[{"href":"https:\/\/bontoux.com\/site2021\/wp-json\/wp\/v2\/pages"}],"about":[{"href":"https:\/\/bontoux.com\/site2021\/wp-json\/wp\/v2\/types\/page"}],"author":[{"embeddable":true,"href":"https:\/\/bontoux.com\/site2021\/wp-json\/wp\/v2\/users\/1"}],"replies":[{"embeddable":true,"href":"https:\/\/bontoux.com\/site2021\/wp-json\/wp\/v2\/comments?post=2563"}],"version-history":[{"count":313,"href":"https:\/\/bontoux.com\/site2021\/wp-json\/wp\/v2\/pages\/2563\/revisions"}],"predecessor-version":[{"id":7219,"href":"https:\/\/bontoux.com\/site2021\/wp-json\/wp\/v2\/pages\/2563\/revisions\/7219"}],"wp:attachment":[{"href":"https:\/\/bontoux.com\/site2021\/wp-json\/wp\/v2\/media?parent=2563"}],"curies":[{"name":"wp","href":"https:\/\/api.w.org\/{rel}","templated":true}]}}