{"id":2400,"date":"2018-02-16T14:44:41","date_gmt":"2018-02-16T13:44:41","guid":{"rendered":"https:\/\/bontoux.com\/site2021\/?page_id=2400"},"modified":"2022-09-06T11:58:42","modified_gmt":"2022-09-06T09:58:42","slug":"herboristerie","status":"publish","type":"page","link":"https:\/\/bontoux.com\/site2021\/fr\/notre-offre\/herboristerie\/","title":{"rendered":"Herboristerie"},"content":{"rendered":"<p>[vc_row content_type=&#8221;full&#8221; padding_top=&#8221;0&#8243; padding_bottom=&#8221;0&#8243;][vc_column][rev_slider_vc alias=&#8221;herbo_intro&#8221;][\/vc_column][\/vc_row][vc_row padding_bottom=&#8221;0px&#8221; background_color=&#8221;#ffffff&#8221; background_image=&#8221;0&#8243; el_class=&#8221;section-citation&#8221;][vc_column]<h3  style='line-height:1;font-weight:400;letter-spacing:0px;text-transform:uppercase;' class='titre-section fittext text-center clearfix' data-max-font-size='0'>Un m\u00e9tier toujours au coeur de notre savoir-faire<\/h3>[vc_column_text]<\/p>\n<p style=\"text-align: center; font-family: abril-titling; font-style: italic; font-size: 1.2em; line-height: 1.3em;\">Dans un contexte g\u00e9n\u00e9ral de retour au naturel, l\u2019activit\u00e9 herboristerie compl\u00e8te notre m\u00e9tier de producteur de mati\u00e8res premi\u00e8res aromatiques et nous a permis de construire un lien plus fort avec le terroir et tous les partenaires locaux et internationaux qui nous accompagnent dans la production du v\u00e9g\u00e9tal.<\/p>\n<p>[\/vc_column_text][vc_empty_space][\/vc_column][\/vc_row][vc_row background_image=&#8221;3960&#8243; el_class=&#8221;section-bloc-bontoux&#8221;][vc_column][vc_row_inner][vc_column_inner width=&#8221;2\/3&#8243;][vc_empty_space height=&#8221;1px&#8221;][\/vc_column_inner][vc_column_inner el_class=&#8221;bloc-bontoux&#8221; width=&#8221;1\/3&#8243;][vc_empty_space height=&#8221;40px&#8221;][vc_column_text]<\/p>\n<p style=\"text-align: center;\"><span class=\"texte-bontoux taille3\">D\u00e9couvrez notre atelier !<\/span><\/p>\n<p style=\"text-align: center;\"><span style=\"font-weight: bold;\">Nous venons d\u2019investir dans une nouvelle ligne de m\u00e9langeur et de d\u00e9f\u00e9riseur.<br \/>\n<\/span>Soucieux d\u2019approvisionnements de qualit\u00e9 et durables, notre \u00e9quipe reste \u00e0 l\u2019\u00e9coute de vos besoins et aux exigences de la r\u00e9glementation. La qualit\u00e9 de nos produits est notre leitmotiv et nous avons le support de notre maison m\u00e8re pour assurer une qualit\u00e9 organoleptique exceptionnelle.<\/p>\n<p>[\/vc_column_text][vc_empty_space height=&#8221;80px&#8221;][\/vc_column_inner][\/vc_row_inner][\/vc_column][\/vc_row][vc_row padding_top=&#8221;0&#8243; padding_bottom=&#8221;0&#8243; background_color=&#8221;#ffffff&#8221; background_image=&#8221;0&#8243;][vc_column width=&#8221;2\/3&#8243;]<div class='wolf-single-image text-center hover-none default'><span class='image-item'><img src='https:\/\/bontoux.com\/site2021\/wp-content\/uploads\/2017\/01\/bon_perso_img_nos_metiers_production.png' alt=''  class='personnage-gauche'><\/span><\/div>[\/vc_column][vc_column width=&#8221;1\/3&#8243; el_class=&#8221;center centrage-hauteur&#8221;]<h4  style='line-height:1;font-weight:0;letter-spacing:0px;text-transform:none;' class='texte-bontoux taille2 fittext text-center clearfix' data-max-font-size='0'>Tous nos produits<\/h4>[vc_column_text el_class=&#8221;paragraphe&#8221;]<\/p>\n<p style=\"text-align: center;\">Plus de 130 plantes issues de l\u2019agriculture conventionnelles et plus de 70 issues de l\u2019agriculture biologique.<\/p>\n<p>[\/vc_column_text]<span class='button-container'><a  class='bouton-section wolf-button medium square icon_after border-button-accent-hover' href='https:\/\/fr.calameo.com\/read\/006340191de1e7b98a545' target='_blank'>Acc\u00e9dez \u00e0 la liste compl\u00e8te<\/a><\/span>[vc_empty_space height=&#8221;80px&#8221;][\/vc_column][\/vc_row][vc_row background_color=&#8221;#ffffff&#8221; background_image=&#8221;3580&#8243; background_position=&#8221;left center&#8221;][vc_column][vc_empty_space height=&#8221;20px&#8221;][vc_row_inner][vc_column_inner width=&#8221;1\/3&#8243;][vc_empty_space height=&#8221;1px&#8221;][\/vc_column_inner][vc_column_inner el_class=&#8221;bloc-bontoux special&#8221; width=&#8221;1\/3&#8243;][vc_empty_space height=&#8221;20px&#8221;][vc_column_text]<img loading=\"lazy\" class=\"aligncenter wp-image-1825\" src=\"https:\/\/bontoux.com\/site2021\/wp-content\/uploads\/2018\/05\/bon_gab_macaron_HERBALISM_900x900.png\" alt=\"\" width=\"180\" height=\"180\" \/>[\/vc_column_text][vc_empty_space height=&#8221;20px&#8221;]<h4  style='line-height:1;font-weight:0;letter-spacing:0px;text-transform:none;' class='texte-bontoux taille2 fittext text-center clearfix' data-max-font-size='0'>D\u00e9couvrez notre nouvelle r\u00e9f\u00e9rence<\/h4>[vc_empty_space height=&#8221;20px&#8221;]<span class='button-container'><a  class='bouton-section wolf-button medium square icon_after border-button-accent-hover' href='https:\/\/bontoux.com\/site2021\/wp-content\/uploads\/2018\/05\/FICHE-PRODUIT-HERBO-BOUQUET-LAVANDE.pdf' target='_self'>Voir la fiche<\/a><\/span>[vc_empty_space height=&#8221;20px&#8221;][\/vc_column_inner][vc_column_inner width=&#8221;1\/3&#8243;][\/vc_column_inner][\/vc_row_inner][\/vc_column][\/vc_row][vc_row background_color=&#8221;#ffffff&#8221; background_image=&#8221;6730&#8243; background_position=&#8221;left center&#8221;][vc_column][vc_empty_space height=&#8221;20px&#8221;][vc_row_inner][vc_column_inner el_class=&#8221;bloc-bontoux&#8221; width=&#8221;1\/3&#8243;][vc_empty_space height=&#8221;20px&#8221;]<h4  style='line-height:1;font-weight:400;letter-spacing:0px;text-transform:none;color:#43367f;' class='texte-bontoux taille2 fittext text-center clearfix' data-max-font-size='0'>Nos Certifications Herboristerie<\/h4>[vc_column_text el_class=&#8221;gallery-label&#8221;]<a href=\"https:\/\/certifie.bureauveritas.fr\/recherche.php?certificat=certifies\" target=\"_blank\" rel=\"noopener noreferrer\"><img loading=\"lazy\" class=\"alignnone wp-image-4909 size-medium\" src=\"https:\/\/bontoux.com\/site2021\/wp-content\/uploads\/2018\/05\/BV_Certification_ISO9001_web-300x152.jpg\" alt=\"\" width=\"300\" height=\"152\" srcset=\"https:\/\/bontoux.com\/site2021\/wp-content\/uploads\/2018\/05\/BV_Certification_ISO9001_web-300x152.jpg 300w, https:\/\/bontoux.com\/site2021\/wp-content\/uploads\/2018\/05\/BV_Certification_ISO9001_web-600x305.jpg 600w, https:\/\/bontoux.com\/site2021\/wp-content\/uploads\/2018\/05\/BV_Certification_ISO9001_web.jpg 603w\" sizes=\"(max-width: 300px) 100vw, 300px\" \/><\/a>\u00a0\u00a0<a href=\"https:\/\/certifie.bureauveritas.fr\/recherche.php?certificat=certifies\" target=\"_blank\" rel=\"noopener noreferrer\"><img loading=\"lazy\" class=\"alignnone wp-image-6206 size-medium\" src=\"https:\/\/bontoux.com\/site2021\/wp-content\/uploads\/2020\/06\/BV_Certification_FSSC22000-WEB-300x150.jpg\" alt=\"\" width=\"300\" height=\"150\" srcset=\"https:\/\/bontoux.com\/site2021\/wp-content\/uploads\/2020\/06\/BV_Certification_FSSC22000-WEB-300x150.jpg 300w, https:\/\/bontoux.com\/site2021\/wp-content\/uploads\/2020\/06\/BV_Certification_FSSC22000-WEB-768x383.jpg 768w, https:\/\/bontoux.com\/site2021\/wp-content\/uploads\/2020\/06\/BV_Certification_FSSC22000-WEB-1024x511.jpg 1024w, https:\/\/bontoux.com\/site2021\/wp-content\/uploads\/2020\/06\/BV_Certification_FSSC22000-WEB-740x370.jpg 740w, https:\/\/bontoux.com\/site2021\/wp-content\/uploads\/2020\/06\/BV_Certification_FSSC22000-WEB-960x480.jpg 960w, https:\/\/bontoux.com\/site2021\/wp-content\/uploads\/2020\/06\/BV_Certification_FSSC22000-WEB.jpg 1724w\" sizes=\"(max-width: 300px) 100vw, 300px\" \/><\/a><br \/>\n<img loading=\"lazy\" class=\"alignnone wp-image-6581 \" src=\"https:\/\/bontoux.com\/site2021\/wp-content\/uploads\/2022\/02\/Eurofeuille_pantone376_liseret-300x200.jpg\" alt=\"\" width=\"305\" height=\"203\" srcset=\"https:\/\/bontoux.com\/site2021\/wp-content\/uploads\/2022\/02\/Eurofeuille_pantone376_liseret-300x200.jpg 300w, https:\/\/bontoux.com\/site2021\/wp-content\/uploads\/2022\/02\/Eurofeuille_pantone376_liseret.jpg 500w\" sizes=\"(max-width: 305px) 100vw, 305px\" \/>\u00a0\u00a0\u00a0\u00a0\u00a0\u00a0<a href=\"https:\/\/express.star-k.org\/viewer\/LOCViewer.aspx?id=X6UUWYAA&amp;target=inline\" target=\"_blank\" rel=\"noopener noreferrer\"><img loading=\"lazy\" class=\"alignnone wp-image-1438 size-medium\" src=\"https:\/\/bontoux.com\/site2021\/wp-content\/uploads\/2017\/07\/bon_gab_label_kstar_400x400-300x300.png\" alt=\"\" width=\"300\" height=\"300\" srcset=\"https:\/\/bontoux.com\/site2021\/wp-content\/uploads\/2017\/07\/bon_gab_label_kstar_400x400-300x300.png 300w, https:\/\/bontoux.com\/site2021\/wp-content\/uploads\/2017\/07\/bon_gab_label_kstar_400x400-150x150.png 150w, https:\/\/bontoux.com\/site2021\/wp-content\/uploads\/2017\/07\/bon_gab_label_kstar_400x400-370x370.png 370w, https:\/\/bontoux.com\/site2021\/wp-content\/uploads\/2017\/07\/bon_gab_label_kstar_400x400-360x360.png 360w, https:\/\/bontoux.com\/site2021\/wp-content\/uploads\/2017\/07\/bon_gab_label_kstar_400x400-80x80.png 80w, https:\/\/bontoux.com\/site2021\/wp-content\/uploads\/2017\/07\/bon_gab_label_kstar_400x400.png 400w\" sizes=\"(max-width: 300px) 100vw, 300px\" \/><\/a><br \/>\n<img loading=\"lazy\" class=\"alignnone wp-image-6584 \" src=\"https:\/\/bontoux.com\/site2021\/wp-content\/uploads\/2022\/02\/Halal-Logo-CMYK-2021-OK-225x300.png\" alt=\"\" width=\"242\" height=\"323\" srcset=\"https:\/\/bontoux.com\/site2021\/wp-content\/uploads\/2022\/02\/Halal-Logo-CMYK-2021-OK-225x300.png 225w, https:\/\/bontoux.com\/site2021\/wp-content\/uploads\/2022\/02\/Halal-Logo-CMYK-2021-OK-278x370.png 278w, https:\/\/bontoux.com\/site2021\/wp-content\/uploads\/2022\/02\/Halal-Logo-CMYK-2021-OK.png 600w\" sizes=\"(max-width: 242px) 100vw, 242px\" \/>\u00a0\u00a0\u00a0\u00a0\u00a0\u00a0<img loading=\"lazy\" class=\"alignnone wp-image-1459 size-medium\" src=\"https:\/\/bontoux.com\/site2021\/wp-content\/uploads\/2017\/07\/bon_gab_label_usda_400x400-300x300.png\" alt=\"\" width=\"300\" height=\"300\" srcset=\"https:\/\/bontoux.com\/site2021\/wp-content\/uploads\/2017\/07\/bon_gab_label_usda_400x400-300x300.png 300w, https:\/\/bontoux.com\/site2021\/wp-content\/uploads\/2017\/07\/bon_gab_label_usda_400x400-150x150.png 150w, https:\/\/bontoux.com\/site2021\/wp-content\/uploads\/2017\/07\/bon_gab_label_usda_400x400-370x370.png 370w, https:\/\/bontoux.com\/site2021\/wp-content\/uploads\/2017\/07\/bon_gab_label_usda_400x400-360x360.png 360w, https:\/\/bontoux.com\/site2021\/wp-content\/uploads\/2017\/07\/bon_gab_label_usda_400x400-80x80.png 80w, https:\/\/bontoux.com\/site2021\/wp-content\/uploads\/2017\/07\/bon_gab_label_usda_400x400.png 400w\" sizes=\"(max-width: 300px) 100vw, 300px\" \/>[\/vc_column_text][vc_empty_space height=&#8221;10px&#8221;][\/vc_column_inner][vc_column_inner width=&#8221;1\/3&#8243;][vc_empty_space height=&#8221;1px&#8221;][\/vc_column_inner][vc_column_inner width=&#8221;1\/3&#8243;][\/vc_column_inner][\/vc_row_inner][\/vc_column][\/vc_row]<\/p>\n","protected":false},"excerpt":{"rendered":"<p>[vc_row content_type=&#8221;full&#8221; padding_top=&#8221;0&#8243; padding_bottom=&#8221;0&#8243;][vc_column][rev_slider_vc alias=&#8221;herbo_intro&#8221;][\/vc_column][\/vc_row][vc_row padding_bottom=&#8221;0px&#8221; background_color=&#8221;#ffffff&#8221; background_image=&#8221;0&#8243; el_class=&#8221;section-citation&#8221;][vc_column][vc_column_text] Dans un contexte g\u00e9n\u00e9ral de retour au naturel, l\u2019activit\u00e9 herboristerie compl\u00e8te notre m\u00e9tier de producteur de mati\u00e8res premi\u00e8res aromatiques et nous&#8230;<\/p>\n<p><a rel=\"bookmark\" class=\"more-link wolf-button border-button-accent-hover\" href=\"https:\/\/bontoux.com\/site2021\/fr\/notre-offre\/herboristerie\/\">Continuer la lecture \u2192<\/a><\/p>\n","protected":false},"author":1,"featured_media":0,"parent":115,"menu_order":0,"comment_status":"closed","ping_status":"closed","template":"","meta":[],"_links":{"self":[{"href":"https:\/\/bontoux.com\/site2021\/wp-json\/wp\/v2\/pages\/2400"}],"collection":[{"href":"https:\/\/bontoux.com\/site2021\/wp-json\/wp\/v2\/pages"}],"about":[{"href":"https:\/\/bontoux.com\/site2021\/wp-json\/wp\/v2\/types\/page"}],"author":[{"embeddable":true,"href":"https:\/\/bontoux.com\/site2021\/wp-json\/wp\/v2\/users\/1"}],"replies":[{"embeddable":true,"href":"https:\/\/bontoux.com\/site2021\/wp-json\/wp\/v2\/comments?post=2400"}],"version-history":[{"count":116,"href":"https:\/\/bontoux.com\/site2021\/wp-json\/wp\/v2\/pages\/2400\/revisions"}],"predecessor-version":[{"id":6739,"href":"https:\/\/bontoux.com\/site2021\/wp-json\/wp\/v2\/pages\/2400\/revisions\/6739"}],"up":[{"embeddable":true,"href":"https:\/\/bontoux.com\/site2021\/wp-json\/wp\/v2\/pages\/115"}],"wp:attachment":[{"href":"https:\/\/bontoux.com\/site2021\/wp-json\/wp\/v2\/media?parent=2400"}],"curies":[{"name":"wp","href":"https:\/\/api.w.org\/{rel}","templated":true}]}}