{"id":127,"date":"2017-01-31T12:31:27","date_gmt":"2017-01-31T11:31:27","guid":{"rendered":"https:\/\/bontoux.com\/site2021\/?page_id=127"},"modified":"2018-05-29T11:14:42","modified_gmt":"2018-05-29T09:14:42","slug":"production","status":"publish","type":"page","link":"https:\/\/bontoux.com\/site2021\/fr\/nos-savoir-faire\/production\/","title":{"rendered":"Production"},"content":{"rendered":"<p>[vc_row background_image=&#8221;1060&#8243; el_class=&#8221;section-entree-page&#8221;][vc_column][\/vc_column][\/vc_row][vc_row background_color=&#8221;#ffffff&#8221; background_image=&#8221;0&#8243; el_class=&#8221;nos-marches&#8221;][vc_column]<h3  style='line-height:1;font-weight:0;letter-spacing:0px;text-transform:uppercase;' class='titre-section fittext text-center clearfix' data-max-font-size='0'>nos ateliers<\/h3>[vc_row_inner][vc_column_inner width=&#8221;1\/3&#8243;][vc_column_text el_class=&#8221;puces-ateliers &#8220;]<\/p>\n<div id=\"hover7\" class=\"ateliers-hover\"><\/div>\n<p style=\"text-align: center;\"><img loading=\"lazy\" class=\"aligncenter wp-image-103\" src=\"https:\/\/bontoux.com\/site2021\/wp-content\/uploads\/2017\/10\/bon_gab_picto_distilation_violet_300x300.png\" width=\"90\" height=\"90\" \/><span class=\"titre_h4_violet\">DISTILLATION<\/span><\/p>\n<p style=\"text-align: center;\">Un savoir-faire ancestral autour de la pr\u00e9paration du v\u00e9g\u00e9tal, vapeur directe et hydro distillation.<\/p>\n<p>[\/vc_column_text][vc_empty_space height=&#8221;40px&#8221;][\/vc_column_inner][vc_column_inner width=&#8221;1\/3&#8243;][vc_column_text el_class=&#8221;puces-ateliers&#8221;]<\/p>\n<div id=\"hover8\" class=\"ateliers-hover\"><\/div>\n<p style=\"text-align: center;\"><img loading=\"lazy\" class=\"aligncenter wp-image-103\" src=\"https:\/\/bontoux.com\/site2021\/wp-content\/uploads\/2017\/10\/bon_gab_picto_extraction_violet_300x300.png\" width=\"90\" height=\"90\" \/><span class=\"titre_h4_violet\">EXTRACTION<\/span><\/p>\n<p style=\"text-align: center;\">Capturer au mieux l\u2019essence des mati\u00e8res premi\u00e8res gr\u00e2ce \u00e0 des techniques innovantes.<\/p>\n<p>[\/vc_column_text][vc_empty_space height=&#8221;40px&#8221;][\/vc_column_inner][vc_column_inner width=&#8221;1\/3&#8243;][vc_column_text el_class=&#8221;puces-ateliers&#8221;]<\/p>\n<div id=\"hover10\" class=\"ateliers-hover\"><\/div>\n<p style=\"text-align: center;\"><img loading=\"lazy\" class=\"aligncenter wp-image-103\" src=\"https:\/\/bontoux.com\/site2021\/wp-content\/uploads\/2017\/10\/bon_gab_picto_purification_violet_300x300.png\" width=\"90\" height=\"90\" \/><span class=\"titre_h4_violet\">PURIFICATION FRACTIONNEMENT<\/span><\/p>\n<p style=\"text-align: center;\">Sonder le c\u0153ur des essences et des extraits pour sublimer les effets recherch\u00e9s.<\/p>\n<p>[\/vc_column_text][vc_empty_space height=&#8221;40px&#8221;][\/vc_column_inner][\/vc_row_inner][vc_row_inner][vc_column_inner][\/vc_column_inner][\/vc_row_inner][vc_row_inner][vc_column_inner width=&#8221;2\/12&#8243;][\/vc_column_inner][vc_column_inner width=&#8221;4\/12&#8243;][vc_column_text el_class=&#8221;puces-ateliers&#8221;]<\/p>\n<div id=\"hover6\" class=\"ateliers-hover\"><\/div>\n<p style=\"text-align: center;\"><img loading=\"lazy\" class=\"aligncenter wp-image-103\" src=\"https:\/\/bontoux.com\/site2021\/wp-content\/uploads\/2017\/10\/bon_gab_picto_conditionnement_violet_300x300.png\" width=\"90\" height=\"90\" \/><span class=\"titre_h4_violet\">ASSEMBLAGE\/<br \/>\nCONDITIONNEMENT<\/span><\/p>\n<p style=\"text-align: center;\">S\u00e9lectionner les lots pour r\u00e9pondre harmonieusement aux sp\u00e9cifications de nos clients.<\/p>\n<p>[\/vc_column_text][vc_empty_space height=&#8221;40px&#8221;][\/vc_column_inner][vc_column_inner width=&#8221;4\/12&#8243;][vc_column_text el_class=&#8221;puces-ateliers&#8221;]<\/p>\n<div id=\"hover9\" class=\"ateliers-hover\"><\/div>\n<p style=\"text-align: center;\"><img loading=\"lazy\" class=\"aligncenter wp-image-103\" src=\"https:\/\/bontoux.com\/site2021\/wp-content\/uploads\/2017\/10\/bon_gab_picto_maintenance_violet_300x300.png\" width=\"90\" height=\"90\" \/><span class=\"titre_h4_violet\">MAINTENANCE<\/span><\/p>\n<p style=\"text-align: center;\">Des passionn\u00e9s d\u00e9di\u00e9s \u00e0 la r\u00e9paration et l\u2019am\u00e9lioration de nos \u00e9quipements.<\/p>\n<p>[\/vc_column_text][vc_empty_space height=&#8221;60px&#8221;][\/vc_column_inner][vc_column_inner width=&#8221;2\/12&#8243;][\/vc_column_inner][\/vc_row_inner][\/vc_column][\/vc_row][vc_row content_type=&#8221;large&#8221; anchor=&#8221;processus&#8221; background_color=&#8221;#43367f&#8221; background_image=&#8221;0&#8243; background_position=&#8221;left bottom&#8221; background_size=&#8221;default&#8221; el_class=&#8221;section-height-auto&#8221;][vc_column]<h3  style='line-height:1;font-weight:400;letter-spacing:0px;text-transform:uppercase;color:#ffffff;' class='titre-section fittext text-center clearfix' data-max-font-size='0'>Nos productions<\/h3>[vc_row_inner][vc_column_inner]<div class='wolf-single-image text-center hover-none default'><span class='image-item'><img src='https:\/\/bontoux.com\/site2021\/wp-content\/uploads\/2018\/03\/bon_schema_2018.png' alt=''  class=''><\/span><\/div>[\/vc_column_inner][\/vc_row_inner][\/vc_column][\/vc_row][vc_row background_image=&#8221;1416&#8243; el_class=&#8221;section-bloc-bontoux&#8221;][vc_column][vc_row_inner][vc_column_inner el_class=&#8221;bloc-bontoux&#8221; width=&#8221;1\/3&#8243;][vc_empty_space height=&#8221;40px&#8221;]<h5  style='line-height:1;font-weight:400;letter-spacing:0px;text-transform:uppercase;color:#43367f;' class='titre-section fittext text-center clearfix' data-max-font-size='20'>NOTRE OUTIL INDUSTRIEL<\/h5>[vc_column_text]<\/p>\n<div class=\"\"><span class=\"\" lang=\"FR\">Outil industriel de pointe et polyvalent.<\/span><\/div>\n<div class=\"\"><span class=\"\" lang=\"FR\">5 ateliers,\u00a0<\/span><span class=\"\" lang=\"FR\">9 000 tonnes\u00a0de mati\u00e8res premi\u00e8res v\u00e9g\u00e9tales extraites par an.<\/span><\/div>\n<div class=\"\"><span class=\"\" lang=\"FR\">Ces diff\u00e9rents proc\u00e9d\u00e9s sont tous r\u00e9alis\u00e9s sur le site de Saint Auban sur l\u2019Ouv\u00e8ze\u00a0; et dans notre filiale de production \u00e0 Madagascar, aussi bien pour la distillation que pour l\u2019extraction<\/span><\/div>\n<p>[\/vc_column_text][vc_empty_space height=&#8221;40px&#8221;][\/vc_column_inner][vc_column_inner width=&#8221;2\/3&#8243;][vc_empty_space height=&#8221;1px&#8221;][\/vc_column_inner][\/vc_row_inner][\/vc_column][\/vc_row]<\/p>\n","protected":false},"excerpt":{"rendered":"<p>[vc_row background_image=&#8221;1060&#8243; el_class=&#8221;section-entree-page&#8221;][vc_column][\/vc_column][\/vc_row][vc_row background_color=&#8221;#ffffff&#8221; background_image=&#8221;0&#8243; el_class=&#8221;nos-marches&#8221;][vc_column][vc_row_inner][vc_column_inner width=&#8221;1\/3&#8243;][vc_column_text el_class=&#8221;puces-ateliers &#8220;] DISTILLATION Un savoir-faire ancestral autour de la pr\u00e9paration du v\u00e9g\u00e9tal, vapeur directe et hydro distillation. [\/vc_column_text][vc_empty_space height=&#8221;40px&#8221;][\/vc_column_inner][vc_column_inner width=&#8221;1\/3&#8243;][vc_column_text el_class=&#8221;puces-ateliers&#8221;] EXTRACTION Capturer&#8230;<\/p>\n<p><a rel=\"bookmark\" class=\"more-link wolf-button border-button-accent-hover\" href=\"https:\/\/bontoux.com\/site2021\/fr\/nos-savoir-faire\/production\/\">Continuer la lecture \u2192<\/a><\/p>\n","protected":false},"author":3,"featured_media":0,"parent":109,"menu_order":0,"comment_status":"closed","ping_status":"closed","template":"","meta":[],"_links":{"self":[{"href":"https:\/\/bontoux.com\/site2021\/wp-json\/wp\/v2\/pages\/127"}],"collection":[{"href":"https:\/\/bontoux.com\/site2021\/wp-json\/wp\/v2\/pages"}],"about":[{"href":"https:\/\/bontoux.com\/site2021\/wp-json\/wp\/v2\/types\/page"}],"author":[{"embeddable":true,"href":"https:\/\/bontoux.com\/site2021\/wp-json\/wp\/v2\/users\/3"}],"replies":[{"embeddable":true,"href":"https:\/\/bontoux.com\/site2021\/wp-json\/wp\/v2\/comments?post=127"}],"version-history":[{"count":93,"href":"https:\/\/bontoux.com\/site2021\/wp-json\/wp\/v2\/pages\/127\/revisions"}],"predecessor-version":[{"id":4981,"href":"https:\/\/bontoux.com\/site2021\/wp-json\/wp\/v2\/pages\/127\/revisions\/4981"}],"up":[{"embeddable":true,"href":"https:\/\/bontoux.com\/site2021\/wp-json\/wp\/v2\/pages\/109"}],"wp:attachment":[{"href":"https:\/\/bontoux.com\/site2021\/wp-json\/wp\/v2\/media?parent=127"}],"curies":[{"name":"wp","href":"https:\/\/api.w.org\/{rel}","templated":true}]}}