{"id":125,"date":"2017-01-31T12:30:46","date_gmt":"2017-01-31T11:30:46","guid":{"rendered":"https:\/\/bontoux.com\/site2021\/?page_id=125"},"modified":"2021-02-16T00:51:17","modified_gmt":"2021-02-15T23:51:17","slug":"sourcing","status":"publish","type":"page","link":"https:\/\/bontoux.com\/site2021\/fr\/nos-savoir-faire\/sourcing\/","title":{"rendered":"Sourcing"},"content":{"rendered":"<p>[vc_row content_type=&#8221;full&#8221; padding_top=&#8221;0&#8243; padding_bottom=&#8221;0&#8243;][vc_column][rev_slider_vc alias=&#8221;sourcing_intro&#8221;][\/vc_column][\/vc_row][vc_row background_image=&#8221;3649&#8243; background_position=&#8221;right center&#8221; el_class=&#8221;section-bloc-bontoux recalage_sourcing1&#8243;][vc_column][vc_row_inner][vc_column_inner el_class=&#8221;bloc-bontoux&#8221; width=&#8221;1\/3&#8243;][vc_empty_space height=&#8221;40px&#8221;][vc_column_text]<span class=\"bold\">Depuis plus de 100 ans, Bontoux a d\u00e9velopp\u00e9 des relations humaines bas\u00e9es sur la proximit\u00e9 et l\u2019authenticit\u00e9 avec des producteurs du monde entier.<\/span><br \/>\nDepuis toujours producteurs, nous avons \u00e0 c\u0153ur de partager nos connaissances autour du v\u00e9g\u00e9tal et des diff\u00e9rentes techniques de distillation et de production en tissant une relation directe avec les planteurs, cultivateurs, agriculteurs et tous ceux qui travaillent au quotidien la terre et le v\u00e9g\u00e9tal.[\/vc_column_text][vc_empty_space height=&#8221;80px&#8221;][\/vc_column_inner][vc_column_inner width=&#8221;2\/3&#8243;][vc_empty_space height=&#8221;1px&#8221;][\/vc_column_inner][\/vc_row_inner][\/vc_column][\/vc_row][vc_row content_type=&#8221;full&#8221; background_color=&#8221;#ffffff&#8221; background_image=&#8221;0&#8243; el_class=&#8221;section_diapo_fond&#8221;][vc_column][rev_slider_vc alias=&#8221;citrus_partner&#8221; el_class=&#8221;slider_cycle_citrus&#8221;][vc_row_inner content_placement=&#8221;middle&#8221; el_class=&#8221;section_sur_slider&#8221;][vc_column_inner el_class=&#8221;bloc-bontoux citrus2&#8243; width=&#8221;1\/3&#8243;][vc_empty_space height=&#8221;10px&#8221;]<div class='wolf-single-image text-center hover-none default'><span class='image-item'><img src='https:\/\/bontoux.com\/site2021\/wp-content\/uploads\/2020\/04\/bon_citrus_mini_picto.png' alt=''  class=''><\/span><\/div>[vc_empty_space height=&#8221;10px&#8221;][vc_column_text]<\/p>\n<h3 style=\"text-align: center; line-height: 1.3em;\"><b>Notre partenariat exclusif \u00e0 la source<\/b><\/h3>\n<p>[\/vc_column_text][vc_empty_space height=&#8221;10px&#8221;][vc_column_text]<\/p>\n<p style=\"text-align: center;\">Partenariat exclusif pour\u00a0la <strong>bergamote biologique<\/strong>\u00a0en Calabre avec\u00a0<strong>l\u2019entreprise familiale Patea Azienda Agricola.<\/strong><\/p>\n<p>Ce partenariat exclusif nous offre la possibilit\u00e9 d\u2019unir nos comp\u00e9tences et savoir-faire respectifs et compl\u00e9mentaires, depuis la culture de ce bel agrume jusqu\u2019\u00e0 la valorisation en huile essentielle, en respectant les r\u00e9glementations en vigueur pour une utilisation en alimentaire et\/ou en parfumerie.<\/p>\n<p style=\"text-align: center;\"><strong>Nous nous sommes engag\u00e9s sur des bergamotiers cultiv\u00e9s en agriculture biologique, et nos produits sont certifi\u00e9s par ECOCERT\u00ae.<\/strong><\/p>\n<p>[\/vc_column_text][vc_empty_space height=&#8221;20px&#8221;]<span class='button-container'><a  class='bouton-section-citrus wolf-button medium square icon_after border-button-accent-hover' href='https:\/\/www.youtube.com\/watch?v=FHnVzkTkQQE' target='_blank'>En savoir plus<\/a><\/span>[\/vc_column_inner][vc_column_inner width=&#8221;1\/3&#8243;][vc_empty_space height=&#8221;1px&#8221;][\/vc_column_inner][vc_column_inner width=&#8221;1\/3&#8243;][vc_empty_space height=&#8221;1px&#8221;][\/vc_column_inner][\/vc_row_inner][\/vc_column][\/vc_row][vc_row background_color=&#8221;#ffffff&#8221; background_image=&#8221;0&#8243; el_class=&#8221;section-height-auto&#8221;][vc_column]<h5  style='line-height:1;font-weight:400;letter-spacing:0px;text-transform:uppercase;color:#43367f;' class='titre-section fittext text-center clearfix' data-max-font-size='20'>Une \u00e9quipe experte et d\u00e9di\u00e9e...<\/h5>[vc_row_inner el_class=&#8221;bloc_data_4col&#8221;][vc_column_inner width=&#8221;1\/4&#8243;][vc_empty_space height=&#8221;1px&#8221;][\/vc_column_inner][vc_column_inner width=&#8221;1\/4&#8243;][vc_column_text]<img loading=\"lazy\" class=\"wp-image-1325 size-medium alignleft\" style=\"padding-bottom: 50px;\" src=\"https:\/\/bontoux.com\/site2021\/wp-content\/uploads\/2018\/04\/BON_SOURCING_PICTO_PERSO.png\" alt=\"\" width=\"60\" height=\"60\" \/><span class=\"counter_sourcing\">2<\/span><br \/>\n<span class=\"legende_data_sourcing\">experts achats<br \/>\n+ 1 assistante<\/span>[\/vc_column_text][\/vc_column_inner][vc_column_inner width=&#8221;1\/4&#8243;][vc_column_text]<img loading=\"lazy\" class=\"wp-image-1325 size-medium alignleft\" style=\"padding-bottom: 50px;\" src=\"https:\/\/bontoux.com\/site2021\/wp-content\/uploads\/2018\/04\/BON_SOURCING_PICTO_INGEN.png\" alt=\"\" width=\"60\" height=\"60\" \/><span class=\"counter_sourcing\">2<\/span><br \/>\n<span class=\"legende_data_sourcing\">experts agronome en support<\/span>[\/vc_column_text][\/vc_column_inner][vc_column_inner width=&#8221;1\/4&#8243;][vc_empty_space height=&#8221;1px&#8221;][\/vc_column_inner][\/vc_row_inner][vc_separator margin_top=&#8221;40px&#8221; margin_bottom=&#8221;15px&#8221; color=&#8221;rgba(0,0,0,0.1)&#8221; css=&#8221;.vc_custom_1522248794128{margin-bottom: 10px !important;}&#8221;][vc_row_inner][vc_column_inner width=&#8221;1\/12&#8243;][vc_empty_space height=&#8221;1px&#8221;][\/vc_column_inner][vc_column_inner width=&#8221;1\/6&#8243;][vc_column_text]<\/p>\n<p style=\"text-align: center; line-height: 1.3em;\"><img loading=\"lazy\" class=\"aligncenter wp-image-3555\" style=\"padding-bottom: 15px;\" src=\"https:\/\/bontoux.com\/site2021\/wp-content\/uploads\/2018\/03\/BON_SOURCING_PICTO_SELECTION.png\" alt=\"\" width=\"90\" height=\"90\" \/>S\u00e9lection pointue des meilleures mati\u00e8res premi\u00e8res<\/p>\n<p>[\/vc_column_text][\/vc_column_inner][vc_column_inner width=&#8221;1\/6&#8243;][vc_column_text]<\/p>\n<p style=\"text-align: center; line-height: 1.3em;\"><img loading=\"lazy\" class=\"aligncenter wp-image-3555\" style=\"padding-bottom: 15px;\" src=\"https:\/\/bontoux.com\/site2021\/wp-content\/uploads\/2018\/03\/BON_SOURCING_PICTO_CONNAISSANCE.png\" alt=\"\" width=\"90\" height=\"90\" \/>Connaissance approfondie du v\u00e9g\u00e9tal et des terroirs<\/p>\n<p>[\/vc_column_text][\/vc_column_inner][vc_column_inner width=&#8221;1\/6&#8243;][vc_column_text]<\/p>\n<p style=\"text-align: center; line-height: 1.3em;\"><img loading=\"lazy\" class=\"aligncenter wp-image-3555\" style=\"padding-bottom: 15px;\" src=\"https:\/\/bontoux.com\/site2021\/wp-content\/uploads\/2018\/03\/BON_SOURCING_PICTO_PROXIMITE.png\" alt=\"\" width=\"90\" height=\"90\" \/>Lien direct, authentique et de proximit\u00e9 avec les producteurs \u00e0 la source<\/p>\n<p>[\/vc_column_text][\/vc_column_inner][vc_column_inner width=&#8221;1\/6&#8243;][vc_column_text]<\/p>\n<p style=\"text-align: center; line-height: 1.3em;\"><img loading=\"lazy\" class=\"aligncenter wp-image-3555\" style=\"padding-bottom: 15px;\" src=\"https:\/\/bontoux.com\/site2021\/wp-content\/uploads\/2018\/03\/BON_SOURCING_PICTO_DEVDUR.png\" alt=\"\" width=\"90\" height=\"90\" \/>D\u00e9veloppement de fili\u00e8res BIO<\/p>\n<p>[\/vc_column_text][\/vc_column_inner][vc_column_inner width=&#8221;1\/6&#8243;][vc_column_text]<\/p>\n<p style=\"text-align: center; line-height: 1.3em;\"><img loading=\"lazy\" class=\"aligncenter wp-image-3555\" style=\"padding-bottom: 15px;\" src=\"https:\/\/bontoux.com\/site2021\/wp-content\/uploads\/2018\/03\/BON_SOURCING_PICTO_MENTORING.png\" alt=\"\" width=\"90\" height=\"90\" \/>Mentoring, accompagnement et d\u00e9veloppement des producteurs<\/p>\n<p>[\/vc_column_text][\/vc_column_inner][vc_column_inner width=&#8221;1\/12&#8243;][vc_empty_space height=&#8221;1px&#8221;][\/vc_column_inner][\/vc_row_inner][\/vc_column][\/vc_row][vc_row background_image=&#8221;4476&#8243; background_position=&#8221;left center&#8221; el_class=&#8221;section-bloc-bontoux&#8221;][vc_column][vc_row_inner][vc_column_inner width=&#8221;2\/3&#8243;][vc_empty_space height=&#8221;1px&#8221;][\/vc_column_inner][vc_column_inner el_class=&#8221;bloc-bontoux&#8221; width=&#8221;1\/3&#8243;][vc_empty_space height=&#8221;40px&#8221;][vc_column_text]<\/p>\n<p style=\"text-align: center; font-family: 'Abril-titling'; font-style: italic; color: #43367f; font-size: 18pt; line-height: 22pt;\">Nous poursuivons plus que jamais nos efforts et engagements pour un sourcing \u00e9quitable et p\u00e9renne avec des producteurs engag\u00e9s qui partagent nos valeurs.<\/p>\n<p>[\/vc_column_text][vc_empty_space height=&#8221;80px&#8221;][\/vc_column_inner][\/vc_row_inner][\/vc_column][\/vc_row][vc_row background_color=&#8221;#ffffff&#8221; background_image=&#8221;5665&#8243;][vc_column][vc_empty_space height=&#8221;20px&#8221;][vc_row_inner][vc_column_inner width=&#8221;1\/3&#8243;][vc_empty_space height=&#8221;1px&#8221;][\/vc_column_inner][vc_column_inner el_class=&#8221;bloc-bontoux vanille&#8221; width=&#8221;1\/3&#8243;][vc_empty_space height=&#8221;20px&#8221;][vc_column_text]<img loading=\"lazy\" class=\"aligncenter wp-image-5660 size-thumbnail\" src=\"https:\/\/bontoux.com\/site2021\/wp-content\/uploads\/2019\/07\/bon_macaron_vanille_700x700_FR-1-150x150.png\" alt=\"\" width=\"150\" height=\"150\" srcset=\"https:\/\/bontoux.com\/site2021\/wp-content\/uploads\/2019\/07\/bon_macaron_vanille_700x700_FR-1-150x150.png 150w, https:\/\/bontoux.com\/site2021\/wp-content\/uploads\/2019\/07\/bon_macaron_vanille_700x700_FR-1-300x300.png 300w, https:\/\/bontoux.com\/site2021\/wp-content\/uploads\/2019\/07\/bon_macaron_vanille_700x700_FR-1-370x370.png 370w, https:\/\/bontoux.com\/site2021\/wp-content\/uploads\/2019\/07\/bon_macaron_vanille_700x700_FR-1.png 700w, https:\/\/bontoux.com\/site2021\/wp-content\/uploads\/2019\/07\/bon_macaron_vanille_700x700_FR-1-360x360.png 360w, https:\/\/bontoux.com\/site2021\/wp-content\/uploads\/2019\/07\/bon_macaron_vanille_700x700_FR-1-80x80.png 80w\" sizes=\"(max-width: 150px) 100vw, 150px\" \/>[\/vc_column_text][vc_empty_space height=&#8221;20px&#8221;][vc_column_text]<\/p>\n<h4 style=\"text-align: center;\">D\u00e9couvrez<br \/>\nnotre expertise vanille<\/h4>\n<p>[\/vc_column_text][vc_empty_space height=&#8221;20px&#8221;]<span class='button-container'><a  class='bouton-section-vanille wolf-button medium square icon_after border-button-accent-hover' href='\/site2021\/fr\/notre-offre\/nos-produits\/vanille\/' target='_self'>En savoir plus<\/a><\/span>[vc_empty_space height=&#8221;20px&#8221;][\/vc_column_inner][vc_column_inner width=&#8221;1\/3&#8243;][\/vc_column_inner][\/vc_row_inner][\/vc_column][\/vc_row]<\/p>\n","protected":false},"excerpt":{"rendered":"<p>[vc_row content_type=&#8221;full&#8221; padding_top=&#8221;0&#8243; padding_bottom=&#8221;0&#8243;][vc_column][rev_slider_vc alias=&#8221;sourcing_intro&#8221;][\/vc_column][\/vc_row][vc_row background_image=&#8221;3649&#8243; background_position=&#8221;right center&#8221; el_class=&#8221;section-bloc-bontoux recalage_sourcing1&#8243;][vc_column][vc_row_inner][vc_column_inner el_class=&#8221;bloc-bontoux&#8221; width=&#8221;1\/3&#8243;][vc_empty_space height=&#8221;40px&#8221;][vc_column_text]Depuis plus de 100 ans, Bontoux a d\u00e9velopp\u00e9 des relations humaines bas\u00e9es sur la proximit\u00e9 et l\u2019authenticit\u00e9 avec&#8230;<\/p>\n<p><a rel=\"bookmark\" class=\"more-link wolf-button border-button-accent-hover\" href=\"https:\/\/bontoux.com\/site2021\/fr\/nos-savoir-faire\/sourcing\/\">Continuer la lecture \u2192<\/a><\/p>\n","protected":false},"author":3,"featured_media":0,"parent":109,"menu_order":0,"comment_status":"closed","ping_status":"closed","template":"","meta":[],"_links":{"self":[{"href":"https:\/\/bontoux.com\/site2021\/wp-json\/wp\/v2\/pages\/125"}],"collection":[{"href":"https:\/\/bontoux.com\/site2021\/wp-json\/wp\/v2\/pages"}],"about":[{"href":"https:\/\/bontoux.com\/site2021\/wp-json\/wp\/v2\/types\/page"}],"author":[{"embeddable":true,"href":"https:\/\/bontoux.com\/site2021\/wp-json\/wp\/v2\/users\/3"}],"replies":[{"embeddable":true,"href":"https:\/\/bontoux.com\/site2021\/wp-json\/wp\/v2\/comments?post=125"}],"version-history":[{"count":131,"href":"https:\/\/bontoux.com\/site2021\/wp-json\/wp\/v2\/pages\/125\/revisions"}],"predecessor-version":[{"id":6382,"href":"https:\/\/bontoux.com\/site2021\/wp-json\/wp\/v2\/pages\/125\/revisions\/6382"}],"up":[{"embeddable":true,"href":"https:\/\/bontoux.com\/site2021\/wp-json\/wp\/v2\/pages\/109"}],"wp:attachment":[{"href":"https:\/\/bontoux.com\/site2021\/wp-json\/wp\/v2\/media?parent=125"}],"curies":[{"name":"wp","href":"https:\/\/api.w.org\/{rel}","templated":true}]}}