{"id":115,"date":"2017-01-31T12:24:42","date_gmt":"2017-01-31T11:24:42","guid":{"rendered":"https:\/\/bontoux.com\/site2021\/?page_id=115"},"modified":"2021-02-16T00:55:59","modified_gmt":"2021-02-15T23:55:59","slug":"notre-offre","status":"publish","type":"page","link":"https:\/\/bontoux.com\/site2021\/fr\/notre-offre\/","title":{"rendered":"Notre offre"},"content":{"rendered":"<p>[vc_row content_type=&#8221;full&#8221; padding_top=&#8221;0&#8243; padding_bottom=&#8221;0&#8243;][vc_column][rev_slider_vc alias=&#8221;OFFRE_INTRO&#8221;][\/vc_column][\/vc_row][vc_row background_color=&#8221;#ffffff&#8221; background_image=&#8221;6047&#8243;][vc_column][vc_empty_space height=&#8221;20px&#8221;][vc_row_inner][vc_column_inner width=&#8221;1\/3&#8243;][vc_empty_space height=&#8221;1px&#8221;][\/vc_column_inner][vc_column_inner el_class=&#8221;bloc-bontoux citrus&#8221; width=&#8221;1\/3&#8243;][vc_empty_space height=&#8221;20px&#8221;][vc_column_text]<img loading=\"lazy\" class=\"aligncenter wp-image-5660 size-thumbnail\" src=\"https:\/\/bontoux.com\/site2021\/wp-content\/uploads\/2020\/04\/bon_macaron_citrus_700x700_FR.png\" alt=\"\" width=\"150\" height=\"150\" \/>[\/vc_column_text][vc_empty_space height=&#8221;20px&#8221;][vc_column_text]<\/p>\n<h4 style=\"text-align: center;\">D\u00e9couvrez<br \/>\nnotre expertise citrus<\/h4>\n<p>[\/vc_column_text][vc_empty_space height=&#8221;20px&#8221;]<span class='button-container'><a  class='bouton-section-citrus wolf-button medium square icon_after border-button-accent-hover' href='\/site2021\/fr\/notre-offre\/nos-produits\/citrus\/' target='_self'>En savoir plus<\/a><\/span>[vc_empty_space height=&#8221;20px&#8221;][\/vc_column_inner][vc_column_inner width=&#8221;1\/3&#8243;][\/vc_column_inner][\/vc_row_inner][\/vc_column][\/vc_row][vc_row background_image=&#8221;6026&#8243; el_class=&#8221;team_orga_commerciale fullheight&#8221;][vc_column][vc_row_inner][vc_column_inner el_class=&#8221;bloc-bontoux&#8221; width=&#8221;1\/3&#8243;][vc_empty_space height=&#8221;80px&#8221;]<h3  style='line-height:1;font-weight:0;letter-spacing:0px;text-transform:none;color:#43367f;' class='titre-section fittext text-center clearfix' data-max-font-size='0'>NOTRE ORGANISATION COMMERCIALE<\/h3>[vc_column_text]Nos sites de commercialisation et de distribution sont r\u00e9partis partout sur le globe. Vous recherchez des senteurs pour vos inspirations, nos \u00e9quipes sont l\u00e0\u00a0![\/vc_column_text][vc_empty_space height=&#8221;40px&#8221;]<span class='button-container'><a  class='bouton-section wolf-button medium square icon_after border-button-accent-hover' href='https:\/\/bontoux.com\/site2021\/le-groupe-bontoux\/notre-organisation-commerciale\/' target='_self'>en savoir plus<\/a><\/span>[vc_empty_space height=&#8221;80px&#8221;][\/vc_column_inner][vc_column_inner width=&#8221;2\/3&#8243;][vc_empty_space height=&#8221;1px&#8221;][\/vc_column_inner][\/vc_row_inner][\/vc_column][\/vc_row][vc_row background_color=&#8221;#ffffff&#8221; background_image=&#8221;1583&#8243; background_position=&#8221;left center&#8221; el_class=&#8221;section-bloc-bontoux section-trust&#8221;][vc_column][vc_empty_space height=&#8221;40px&#8221;][vc_row_inner][vc_column_inner width=&#8221;2\/3&#8243;][vc_empty_space height=&#8221;1px&#8221;][\/vc_column_inner][vc_column_inner el_class=&#8221;bloc-bontoux special&#8221; width=&#8221;1\/3&#8243;][vc_column_text el_class=&#8221;picto-bontoux&#8221;]<img loading=\"lazy\" class=\"aligncenter wp-image-355\" src=\"https:\/\/bontoux.com\/site2021\/wp-content\/uploads\/2017\/01\/bon_pictos_petite_fleur_fonce-300x300.png\" width=\"50\" height=\"50\" \/>[\/vc_column_text]<h4  style='line-height:1;font-weight:0;letter-spacing:0px;text-transform:none;' class='texte-bontoux taille2 fittext text-center clearfix' data-max-font-size='0'>Notre offre<\/h4>[vc_column_text]Nous sommes aujourd\u2019hui un fournisseur international reconnu de mati\u00e8res premi\u00e8res aromatiques et nous \u0153uvrons pour des industries diverses telles que la parfumerie, l\u2019agro-alimentaire, la pharmaceutique, la chimie, la cosm\u00e9tique et l\u2019aromath\u00e9rapie.[\/vc_column_text][vc_empty_space height=&#8221;40px&#8221;]<span class='button-container'><a  class='bouton-section wolf-button medium square icon_after border-button-accent-hover' href='https:\/\/bontoux.com\/site2021\/fr\/notre-offre\/nos-produits\/' target='_self'>D\u00e9couvrez nos produits<\/a><\/span>[vc_empty_space height=&#8221;20px&#8221;][\/vc_column_inner][\/vc_row_inner][\/vc_column][\/vc_row][vc_row padding_top=&#8221;0&#8243; padding_bottom=&#8221;0&#8243; background_image=&#8221;0&#8243; el_class=&#8221;section-height-auto&#8221;][vc_column][vc_raw_html el_class=&#8221;anchor&#8221;]JTNDYSUyMGlkJTNEJTIyZ3VlZGFudF9saWVuJTIyJTNFJTNDJTJGYSUzRQ==[\/vc_raw_html][\/vc_column][\/vc_row][vc_row background_image=&#8221;6115&#8243; el_class=&#8221;section_lien_guedant&#8221;][vc_column][vc_row_inner][vc_column_inner el_class=&#8221;bloc_lien_guedant&#8221; width=&#8221;1\/3&#8243;][vc_empty_space height=&#8221;40px&#8221;]<div class='wolf-single-image text-center hover-none default'><span class='image-item'><img src='https:\/\/bontoux.com\/site2021\/wp-content\/uploads\/2019\/10\/GUEDANT-A-COMPANY_FD_BLANC_HD-300x300.jpg' alt=''  class=''><\/span><\/div>[vc_empty_space height=&#8221;10px&#8221;][vc_column_text el_class=&#8221;paragraphe&#8221;]Dans le cadre du d\u00e9veloppement de son activit\u00e9 ingr\u00e9dients pour ar\u00f4mes alimentaires, le groupe Bontoux a int\u00e9gr\u00e9 la soci\u00e9t\u00e9 Guedant depuis Juin 2018.\u00a0Guedant est un acteur majeur sp\u00e9cialis\u00e9 dans la production d&#8217;extraits aromatiques naturels pour les formulations aromatisantes ainsi que pour les spiritueux et les boissons.[\/vc_column_text]<span class='button-container'><a  class='bouton-section wolf-button medium square icon_after border-button-accent-hover' href='https:\/\/bontoux.com\/site2021\/fr\/notre-offre\/guedant\/' target='_self'>EN SAVOIR PLUS<\/a><\/span>[vc_empty_space height=&#8221;40px&#8221;][\/vc_column_inner][vc_column_inner width=&#8221;2\/3&#8243;][vc_empty_space height=&#8221;1px&#8221;][\/vc_column_inner][\/vc_row_inner][\/vc_column][\/vc_row][vc_row background_color=&#8221;#ffffff&#8221; background_image=&#8221;44&#8243; background_position=&#8221;left bottom&#8221; background_size=&#8221;default&#8221; el_class=&#8221;personnagev4&#8243;][vc_column][vc_row_inner][vc_column_inner width=&#8221;2\/3&#8243;][vc_empty_space height=&#8221;1px&#8221;][\/vc_column_inner][vc_column_inner el_class=&#8221;contenu-texte&#8221; width=&#8221;1\/3&#8243;][vc_empty_space height=&#8221;40px&#8221;]<h4  style='line-height:1;font-weight:0;letter-spacing:0px;text-transform:none;' class='texte-bontoux taille2 fittext text-center clearfix' data-max-font-size='0'>Herboristerie<\/h4>[vc_column_text el_class=&#8221;paragraphe&#8221;]<\/p>\n<p style=\"text-align: center;\">Dans un contexte g\u00e9n\u00e9ral de retour au naturel, l\u2019activit\u00e9 herboristerie compl\u00e8te notre m\u00e9tier de producteur de mati\u00e8res premi\u00e8res aromatiques et nous a permis de construire un lien plus fort avec le terroir et tous les partenaires locaux et internationaux qui nous accompagnent dans la production du v\u00e9g\u00e9tal. Nous proposons plus de 130 plantes issues de l\u2019agriculture conventionnelles et plus de 70 issues de l\u2019agriculture biologique.<\/p>\n<p>[\/vc_column_text]<span class='button-container'><a  class='bouton-section wolf-button medium square icon_after border-button-accent-hover' href='https:\/\/bontoux.com\/site2021\/fr\/notre-offre\/herboristerie\/' target='_blank'>En savoir plus<\/a><\/span>[\/vc_column_inner][\/vc_row_inner][\/vc_column][\/vc_row][vc_row background_image=&#8221;2280&#8243; el_class=&#8221;section-bloc-bontoux recalage_offre1&#8243;][vc_column][vc_row_inner][vc_column_inner el_class=&#8221;bloc-bontoux&#8221; width=&#8221;1\/3&#8243;][vc_empty_space height=&#8221;40px&#8221;]<h5  style='line-height:1;font-weight:400;letter-spacing:0px;text-transform:uppercase;color:#43367f;' class='titre-section fittext text-center clearfix' data-max-font-size='20'>TRAVAIL \u00c0 FA\u00c7ON<\/h5>[vc_column_text el_class=&#8221;paragraphe&#8221;]Forts de notre m\u00e9tier de producteur et distributeur de mati\u00e8res premi\u00e8res aromatiques, nous mettons \u00e0 disposition des comp\u00e9tences de transformateur de produits naturels.[\/vc_column_text][vc_empty_space height=&#8221;10px&#8221;]<span class='button-container'><a  class='bouton-section wolf-button medium square icon_after border-button-accent-hover' href='https:\/\/bontoux.com\/site2021\/fr\/notre-offre\/travail-a-facon\/' target='_blank'>EN SAVOIR PLUS<\/a><\/span>[vc_empty_space height=&#8221;40px&#8221;][\/vc_column_inner][vc_column_inner width=&#8221;2\/3&#8243;][vc_empty_space height=&#8221;1px&#8221;][\/vc_column_inner][\/vc_row_inner][\/vc_column][\/vc_row]<\/p>\n","protected":false},"excerpt":{"rendered":"<p>[vc_row content_type=&#8221;full&#8221; padding_top=&#8221;0&#8243; padding_bottom=&#8221;0&#8243;][vc_column][rev_slider_vc alias=&#8221;OFFRE_INTRO&#8221;][\/vc_column][\/vc_row][vc_row background_color=&#8221;#ffffff&#8221; background_image=&#8221;6047&#8243;][vc_column][vc_empty_space height=&#8221;20px&#8221;][vc_row_inner][vc_column_inner width=&#8221;1\/3&#8243;][vc_empty_space height=&#8221;1px&#8221;][\/vc_column_inner][vc_column_inner el_class=&#8221;bloc-bontoux citrus&#8221; width=&#8221;1\/3&#8243;][vc_empty_space height=&#8221;20px&#8221;][vc_column_text][\/vc_column_text][vc_empty_space height=&#8221;20px&#8221;][vc_column_text] D\u00e9couvrez notre expertise citrus [\/vc_column_text][vc_empty_space height=&#8221;20px&#8221;][vc_empty_space height=&#8221;20px&#8221;][\/vc_column_inner][vc_column_inner width=&#8221;1\/3&#8243;][\/vc_column_inner][\/vc_row_inner][\/vc_column][\/vc_row][vc_row background_image=&#8221;6026&#8243; el_class=&#8221;team_orga_commerciale fullheight&#8221;][vc_column][vc_row_inner][vc_column_inner el_class=&#8221;bloc-bontoux&#8221; width=&#8221;1\/3&#8243;][vc_empty_space height=&#8221;80px&#8221;][vc_column_text]Nos sites&#8230;<\/p>\n<p><a rel=\"bookmark\" class=\"more-link wolf-button border-button-accent-hover\" href=\"https:\/\/bontoux.com\/site2021\/fr\/notre-offre\/\">Continuer la lecture \u2192<\/a><\/p>\n","protected":false},"author":3,"featured_media":0,"parent":0,"menu_order":0,"comment_status":"closed","ping_status":"closed","template":"","meta":[],"_links":{"self":[{"href":"https:\/\/bontoux.com\/site2021\/wp-json\/wp\/v2\/pages\/115"}],"collection":[{"href":"https:\/\/bontoux.com\/site2021\/wp-json\/wp\/v2\/pages"}],"about":[{"href":"https:\/\/bontoux.com\/site2021\/wp-json\/wp\/v2\/types\/page"}],"author":[{"embeddable":true,"href":"https:\/\/bontoux.com\/site2021\/wp-json\/wp\/v2\/users\/3"}],"replies":[{"embeddable":true,"href":"https:\/\/bontoux.com\/site2021\/wp-json\/wp\/v2\/comments?post=115"}],"version-history":[{"count":169,"href":"https:\/\/bontoux.com\/site2021\/wp-json\/wp\/v2\/pages\/115\/revisions"}],"predecessor-version":[{"id":6384,"href":"https:\/\/bontoux.com\/site2021\/wp-json\/wp\/v2\/pages\/115\/revisions\/6384"}],"wp:attachment":[{"href":"https:\/\/bontoux.com\/site2021\/wp-json\/wp\/v2\/media?parent=115"}],"curies":[{"name":"wp","href":"https:\/\/api.w.org\/{rel}","templated":true}]}}