{"id":109,"date":"2017-01-31T12:21:03","date_gmt":"2017-01-31T11:21:03","guid":{"rendered":"https:\/\/bontoux.com\/site2021\/?page_id=109"},"modified":"2024-09-30T11:47:20","modified_gmt":"2024-09-30T09:47:20","slug":"nos-savoir-faire","status":"publish","type":"page","link":"https:\/\/bontoux.com\/site2021\/fr\/nos-savoir-faire\/","title":{"rendered":"Nos savoir-faire"},"content":{"rendered":"<p>[vc_row content_type=&#8221;full&#8221; padding_top=&#8221;0&#8243; padding_bottom=&#8221;0&#8243;][vc_column][rev_slider_vc alias=&#8221;savoir_faire_intro&#8221;][\/vc_column][\/vc_row][vc_row background_color=&#8221;#43367f&#8221; background_image=&#8221;0&#8243; overlay=&#8221;yes&#8221; overlay_image=&#8221;0&#8243; overlay_opacity=&#8221;40&#8243; el_class=&#8221;section-height-auto trait-fin&#8221;][vc_column][vc_row_inner][vc_column_inner width=&#8221;1\/12&#8243;][\/vc_column_inner][vc_column_inner width=&#8221;10\/12&#8243;]<h3  style='line-height:1;font-weight:400;letter-spacing:0px;text-transform:uppercase;color:#43367f;' class='titre-section-blanc fittext text-center clearfix' data-max-font-size='0'>nos expertises<\/h3>[vc_column_text el_class=&#8221;citation&#8221;]<\/p>\n<p style=\"text-align: center;\">Depuis plus de 120 ans, Bontoux est \u00e0 la source des ingr\u00e9dients naturels aromatiques. De la botanique au lien qui relie le terroir aux hommes, de la m\u00e9moire olfactive \u00e0 nos savoir-faire industriels sans cesse r\u00e9invent\u00e9s et perfectionn\u00e9s, nous continuons \u00e0 ausculter, sonder et d\u00e9voiler la quintessence de la nature.<\/p>\n<p>[\/vc_column_text][vc_empty_space][\/vc_column_inner][vc_column_inner width=&#8221;1\/12&#8243;][\/vc_column_inner][\/vc_row_inner][vc_row_inner][vc_column_inner width=&#8221;1\/12&#8243;][\/vc_column_inner][vc_column_inner width=&#8221;2\/12&#8243;]<div class='wolf-single-image text-center hover-none default'><span class='image-item'><img src='https:\/\/bontoux.com\/site2021\/wp-content\/uploads\/2018\/03\/BON_SAVOIRF_PICTO_SOURCING-1.png' alt=''  class='picto-medium'><\/span><\/div>[vc_empty_space height=&#8221;15px&#8221;]<h5  style='line-height:1;font-weight:700;letter-spacing:0px;text-transform:uppercase;' class='titre-blanc fittext text-center clearfix' data-max-font-size='72'>SOURCING<\/h5>[\/vc_column_inner][vc_column_inner width=&#8221;2\/12&#8243;]<div class='wolf-single-image text-center hover-none default'><span class='image-item'><img src='https:\/\/bontoux.com\/site2021\/wp-content\/uploads\/2018\/03\/BON_SAVOIRF_PICTO_PRODUCTION-1.png' alt=''  class='picto-medium'><\/span><\/div>[vc_empty_space height=&#8221;15px&#8221;]<h5  style='line-height:1;font-weight:700;letter-spacing:0px;text-transform:uppercase;' class='titre-blanc fittext text-center clearfix' data-max-font-size='72'>PRODUCTION<\/h5>[\/vc_column_inner][vc_column_inner width=&#8221;2\/12&#8243;]<div class='wolf-single-image text-center hover-none default'><span class='image-item'><img src='https:\/\/bontoux.com\/site2021\/wp-content\/uploads\/2018\/03\/BON_SAVOIRF_PICTO_RND-1.png' alt=''  class='picto-medium'><\/span><\/div>[vc_empty_space height=&#8221;15px&#8221;]<h5  style='line-height:1;font-weight:700;letter-spacing:0px;text-transform:uppercase;' class='titre-blanc fittext text-center clearfix' data-max-font-size='72'>R&amp;D<\/h5>[\/vc_column_inner][vc_column_inner width=&#8221;2\/12&#8243;]<div class='wolf-single-image text-center hover-none default'><span class='image-item'><img src='https:\/\/bontoux.com\/site2021\/wp-content\/uploads\/2018\/03\/BON_SAVOIRF_PICTO_REGLEM-1.png' alt=''  class='picto-medium'><\/span><\/div>[vc_empty_space height=&#8221;15px&#8221;]<h5  style='line-height:1;font-weight:700;letter-spacing:0px;text-transform:uppercase;' class='titre-blanc fittext text-center clearfix' data-max-font-size='72'>REGLEMENTAIRE<\/h5>[\/vc_column_inner][vc_column_inner width=&#8221;2\/12&#8243;]<div class='wolf-single-image text-center hover-none default'><span class='image-item'><img src='https:\/\/bontoux.com\/site2021\/wp-content\/uploads\/2018\/03\/BON_SAVOIRF_PICTO_ANALYSE-1.png' alt=''  class='picto-medium'><\/span><\/div>[vc_empty_space height=&#8221;15px&#8221;]<h5  style='line-height:1;font-weight:700;letter-spacing:0px;text-transform:uppercase;' class='titre-blanc fittext text-center clearfix' data-max-font-size='72'>ANALYSE<\/h5>[\/vc_column_inner][vc_column_inner width=&#8221;1\/12&#8243;][\/vc_column_inner][\/vc_row_inner][vc_empty_space][vc_tta_accordion shape=&#8221;square&#8221; color=&#8221;white&#8221; c_align=&#8221;center&#8221; c_icon=&#8221;&#8221; active_section=&#8221;6&#8243; no_fill=&#8221;true&#8221; collapsible_all=&#8221;true&#8221; el_class=&#8221;accordeon_schema&#8221; el_id=&#8221;schema&#8221;][vc_tta_section title=&#8221;En savoir plus sur notre expertise&#8221; tab_id=&#8221;onglet_schema&#8221;]<div class='wolf-single-image text-center hover-none default'><span class='image-item'><img src='https:\/\/bontoux.com\/site2021\/wp-content\/uploads\/2018\/03\/bon_schema_2018.png' alt=''  class=''><\/span><\/div>[\/vc_tta_section][\/vc_tta_accordion][\/vc_column][\/vc_row][vc_row background_image=&#8221;1541&#8243; el_class=&#8221;section-bloc-bontoux&#8221;][vc_column][vc_row_inner][vc_column_inner el_class=&#8221;bloc-bontoux&#8221; width=&#8221;1\/3&#8243;][vc_empty_space height=&#8221;40px&#8221;]<h5  style='line-height:1;font-weight:400;letter-spacing:0px;text-transform:uppercase;color:#43367f;' class='titre-section fittext text-center clearfix' data-max-font-size='20'>SOURCING<\/h5>[vc_column_text]Nous puisons nos mati\u00e8res premi\u00e8res naturelles dans nos terroirs de production et avons \u00e0 c\u0153ur de tisser une relation directe et personnalis\u00e9e avec les producteurs du monde entier pour vous proposer le meilleur des naturels.[\/vc_column_text][vc_empty_space height=&#8221;10px&#8221;]<span class='button-container'><a  class='bouton-section wolf-button medium square icon_after border-button-accent-hover' href='https:\/\/bontoux.com\/site2021\/fr\/nos-savoir-faire\/sourcing\/' target='_self'>EN SAVOIR PLUS<\/a><\/span>[vc_empty_space height=&#8221;80px&#8221;][\/vc_column_inner][vc_column_inner width=&#8221;2\/3&#8243;][vc_empty_space height=&#8221;1px&#8221;][\/vc_column_inner][\/vc_row_inner][\/vc_column][\/vc_row][vc_row padding_top=&#8221;0&#8243; padding_bottom=&#8221;0&#8243; background_image=&#8221;0&#8243; el_class=&#8221;section-height-auto&#8221;][vc_column][vc_raw_html el_class=&#8221;anchor&#8221;]JTNDYSUyMGlkJTNEJTIycm5kJTIyJTNFJTNDJTJGYSUzRQ==[\/vc_raw_html][\/vc_column][\/vc_row][vc_row background_image=&#8221;1543&#8243; el_class=&#8221;section-bloc-bontoux&#8221;][vc_column][vc_row_inner][vc_column_inner width=&#8221;2\/3&#8243;][vc_empty_space height=&#8221;1px&#8221;][\/vc_column_inner][vc_column_inner el_class=&#8221;bloc-bontoux&#8221; width=&#8221;1\/3&#8243;][vc_empty_space height=&#8221;40px&#8221;]<h5  style='line-height:1;font-weight:400;letter-spacing:0px;text-transform:uppercase;color:#43367f;' class='titre-section fittext text-center clearfix' data-max-font-size='20'>R&amp;D<\/h5>[vc_column_text]Notre laboratoire ma\u00eetrise toutes les techniques \u00e0 l\u2019\u00e9chelle laboratoire \u00e0 l\u2019identique de ce qui est r\u00e9alis\u00e9 dans l\u2019ensemble de nos ateliers de production et est \u00e9galement dot\u00e9 d\u2019outils innovants.[\/vc_column_text][vc_empty_space height=&#8221;40px&#8221;][\/vc_column_inner][\/vc_row_inner][\/vc_column][\/vc_row][vc_row background_color=&#8221;#43367f&#8221; background_image=&#8221;0&#8243; background_position=&#8221;center top&#8221; el_class=&#8221;section-bloc-bontoux section-height-auto&#8221;][vc_column][vc_row_inner][vc_column_inner width=&#8221;6\/12&#8243;]<h3  style='line-height:1;font-weight:400;letter-spacing:0px;text-transform:uppercase;color:#43367f;' class='titre-section-blanc-gauche fittext text-center clearfix' data-max-font-size='0'>LA R&amp;D EN CHIFFRES<\/h3>[vc_column_text el_class=&#8221;text-blanc&#8221;]Constitu\u00e9 d\u2019une \u00e9quipe de 7 personnes, le service recherche et d\u00e9veloppement est dot\u00e9 d\u2019un laboratoire moderne et polyvalent, travaillant sur diff\u00e9rents axes de R&amp;D en fort lien avec la production\u00a0: mise au point de nouveaux produits et proc\u00e9d\u00e9s, \u00e9tudes de dimensionnement et transposition \u00e0 \u00e9chelle industrielle, \u00e9valuations de mati\u00e8res premi\u00e8res\u2026[\/vc_column_text][vc_empty_space height=&#8221;40px&#8221;][\/vc_column_inner][vc_column_inner width=&#8221;1\/4&#8243;][vc_column_text el_class=&#8221;bloc_data&#8221;]<img loading=\"lazy\" class=\"wp-image-1325 size-medium alignleft\" src=\"https:\/\/bontoux.com\/site2021\/wp-content\/uploads\/2017\/11\/Bon_Picto_TRY-14.png\" alt=\"\" width=\"60\" height=\"60\" \/><span class=\"counter\">4<\/span><br \/>\n<span class=\"legende_data\">ing\u00e9nieurs chercheurs ou docteurs<\/span>[\/vc_column_text][vc_empty_space height=&#8221;5px&#8221;][vc_column_text el_class=&#8221;bloc_data&#8221;]<img loading=\"lazy\" class=\"wp-image-1325 size-medium alignleft\" src=\"https:\/\/bontoux.com\/site2021\/wp-content\/uploads\/2017\/10\/Bon_Picto_TRY_Vecto-05.png\" alt=\"\" width=\"60\" height=\"60\" \/><span class=\"counter\">5<\/span><br \/>\n<span class=\"legende_data\">publications scientifiques<\/span>[\/vc_column_text][vc_empty_space height=&#8221;5px&#8221;][\/vc_column_inner][vc_column_inner width=&#8221;1\/4&#8243;][vc_column_text el_class=&#8221;bloc_data&#8221;]<img loading=\"lazy\" class=\"wp-image-1325 size-medium alignleft\" src=\"https:\/\/bontoux.com\/site2021\/wp-content\/uploads\/2017\/11\/Bon_Picto_TRY-16.png\" alt=\"\" width=\"60\" height=\"60\" \/><span class=\"counter\">1<\/span><br \/>\n<span class=\"legende_data\">projet R&amp;D labellis\u00e9 p\u00f4le de comp\u00e9titivit\u00e9 PASS<\/span>[\/vc_column_text][vc_empty_space height=&#8221;5px&#8221;][vc_column_text el_class=&#8221;bloc_data&#8221;]<img loading=\"lazy\" class=\"wp-image-1325 size-medium alignleft\" src=\"https:\/\/bontoux.com\/site2021\/wp-content\/uploads\/2017\/10\/Bon_Picto_TRY_Vecto-11.png\" alt=\"\" width=\"60\" height=\"60\" \/><span class=\"counter\">1<\/span><br \/>\n<span class=\"legende_data\">th\u00e8se CIFRE<\/span>[\/vc_column_text][\/vc_column_inner][\/vc_row_inner][\/vc_column][\/vc_row][vc_row padding_top=&#8221;0&#8243; padding_bottom=&#8221;0&#8243; background_image=&#8221;0&#8243; el_class=&#8221;section-height-auto&#8221;][vc_column][vc_raw_html el_class=&#8221;anchor&#8221;]JTNDYSUyMGlkJTNEJTIycmVnbGVtZW50YWlyZSUyMiUzRSUzQyUyRmElM0U=[\/vc_raw_html][\/vc_column][\/vc_row][vc_row background_image=&#8221;1693&#8243; el_class=&#8221;section-bloc-bontoux section-height-auto&#8221;][vc_column][vc_row_inner][vc_column_inner el_class=&#8221;bloc-bontoux&#8221; width=&#8221;1\/3&#8243;][vc_empty_space height=&#8221;40px&#8221;]<h5  style='line-height:1;font-weight:400;letter-spacing:0px;text-transform:uppercase;color:#43367f;' class='titre-section fittext text-center clearfix' data-max-font-size='20'>R\u00c9GLEMENTAIRE - QUALIT\u00c9<\/h5>[vc_column_text]Notre d\u00e9marche qualit\u00e9 et notre volont\u00e9 d\u2019\u00e9laborer un produit apportant satisfaction totale au client sont au c\u0153ur de nos pr\u00e9occupations.<\/p>\n<p>Notre souci d\u2019am\u00e9lioration continue a pour but l\u2019optimisation constante de notre organisation au service de tous nos partenaires et des parties prenantes.[\/vc_column_text][vc_column_text el_class=&#8221;gallery-label&#8221;]<a href=\"https:\/\/certifie.bureauveritas.fr\/recherche.php?certificat=certifies\" target=\"_blank\" rel=\"noopener noreferrer\"><img loading=\"lazy\" class=\"alignnone wp-image-4909 size-medium\" src=\"https:\/\/bontoux.com\/site2021\/wp-content\/uploads\/2018\/05\/BV_Certification_ISO9001_web-300x152.jpg\" alt=\"\" width=\"300\" height=\"152\" srcset=\"https:\/\/bontoux.com\/site2021\/wp-content\/uploads\/2018\/05\/BV_Certification_ISO9001_web-300x152.jpg 300w, https:\/\/bontoux.com\/site2021\/wp-content\/uploads\/2018\/05\/BV_Certification_ISO9001_web-600x305.jpg 600w, https:\/\/bontoux.com\/site2021\/wp-content\/uploads\/2018\/05\/BV_Certification_ISO9001_web.jpg 603w\" sizes=\"(max-width: 300px) 100vw, 300px\" \/><\/a>\u00a0\u00a0<a href=\"https:\/\/certifie.bureauveritas.fr\/recherche.php?certificat=certifies\" target=\"_blank\" rel=\"noopener noreferrer\"><img loading=\"lazy\" class=\"alignnone wp-image-6206 size-medium\" src=\"https:\/\/bontoux.com\/site2021\/wp-content\/uploads\/2020\/06\/BV_Certification_FSSC22000-WEB-300x150.jpg\" alt=\"\" width=\"300\" height=\"150\" srcset=\"https:\/\/bontoux.com\/site2021\/wp-content\/uploads\/2020\/06\/BV_Certification_FSSC22000-WEB-300x150.jpg 300w, https:\/\/bontoux.com\/site2021\/wp-content\/uploads\/2020\/06\/BV_Certification_FSSC22000-WEB-768x383.jpg 768w, https:\/\/bontoux.com\/site2021\/wp-content\/uploads\/2020\/06\/BV_Certification_FSSC22000-WEB-1024x511.jpg 1024w, https:\/\/bontoux.com\/site2021\/wp-content\/uploads\/2020\/06\/BV_Certification_FSSC22000-WEB-740x370.jpg 740w, https:\/\/bontoux.com\/site2021\/wp-content\/uploads\/2020\/06\/BV_Certification_FSSC22000-WEB-960x480.jpg 960w, https:\/\/bontoux.com\/site2021\/wp-content\/uploads\/2020\/06\/BV_Certification_FSSC22000-WEB.jpg 1724w\" sizes=\"(max-width: 300px) 100vw, 300px\" \/><\/a><img loading=\"lazy\" class=\"alignnone wp-image-6806\" src=\"https:\/\/bontoux.com\/site2021\/wp-content\/uploads\/2022\/09\/BV_Certification_ISO14001-1024x533.jpg\" alt=\"ISO 14001\" width=\"301\" height=\"156\" srcset=\"https:\/\/bontoux.com\/site2021\/wp-content\/uploads\/2022\/09\/BV_Certification_ISO14001-1024x533.jpg 1024w, https:\/\/bontoux.com\/site2021\/wp-content\/uploads\/2022\/09\/BV_Certification_ISO14001-300x156.jpg 300w, https:\/\/bontoux.com\/site2021\/wp-content\/uploads\/2022\/09\/BV_Certification_ISO14001-768x400.jpg 768w, https:\/\/bontoux.com\/site2021\/wp-content\/uploads\/2022\/09\/BV_Certification_ISO14001-1536x799.jpg 1536w, https:\/\/bontoux.com\/site2021\/wp-content\/uploads\/2022\/09\/BV_Certification_ISO14001-711x370.jpg 711w, https:\/\/bontoux.com\/site2021\/wp-content\/uploads\/2022\/09\/BV_Certification_ISO14001.jpg 1726w\" sizes=\"(max-width: 301px) 100vw, 301px\" \/><br \/>\n<img loading=\"lazy\" class=\"alignnone wp-image-6581 \" src=\"https:\/\/bontoux.com\/site2021\/wp-content\/uploads\/2022\/02\/Eurofeuille_pantone376_liseret-300x200.jpg\" alt=\"\" width=\"305\" height=\"203\" srcset=\"https:\/\/bontoux.com\/site2021\/wp-content\/uploads\/2022\/02\/Eurofeuille_pantone376_liseret-300x200.jpg 300w, https:\/\/bontoux.com\/site2021\/wp-content\/uploads\/2022\/02\/Eurofeuille_pantone376_liseret.jpg 500w\" sizes=\"(max-width: 305px) 100vw, 305px\" \/>\u00a0\u00a0\u00a0\u00a0\u00a0\u00a0<a href=\"https:\/\/express.star-k.org\/viewer\/LOCViewer.aspx?id=X6UUWYAA&amp;target=inline\" target=\"_blank\" rel=\"noopener noreferrer\"><img loading=\"lazy\" class=\"alignnone wp-image-1438 \" src=\"https:\/\/bontoux.com\/site2021\/wp-content\/uploads\/2017\/07\/bon_gab_label_kstar_400x400-300x300.png\" alt=\"\" width=\"300\" height=\"300\" srcset=\"https:\/\/bontoux.com\/site2021\/wp-content\/uploads\/2017\/07\/bon_gab_label_kstar_400x400-300x300.png 300w, https:\/\/bontoux.com\/site2021\/wp-content\/uploads\/2017\/07\/bon_gab_label_kstar_400x400-150x150.png 150w, https:\/\/bontoux.com\/site2021\/wp-content\/uploads\/2017\/07\/bon_gab_label_kstar_400x400-370x370.png 370w, https:\/\/bontoux.com\/site2021\/wp-content\/uploads\/2017\/07\/bon_gab_label_kstar_400x400-360x360.png 360w, https:\/\/bontoux.com\/site2021\/wp-content\/uploads\/2017\/07\/bon_gab_label_kstar_400x400-80x80.png 80w, https:\/\/bontoux.com\/site2021\/wp-content\/uploads\/2017\/07\/bon_gab_label_kstar_400x400.png 400w\" sizes=\"(max-width: 300px) 100vw, 300px\" \/><\/a><br \/>\n<img loading=\"lazy\" class=\"alignnone wp-image-7096 \" src=\"https:\/\/bontoux.com\/site2021\/wp-content\/uploads\/2024\/09\/HQC-Label-contour-1024x1024.png\" alt=\"\" width=\"300\" height=\"300\" srcset=\"https:\/\/bontoux.com\/site2021\/wp-content\/uploads\/2024\/09\/HQC-Label-contour-1024x1024.png 1024w, https:\/\/bontoux.com\/site2021\/wp-content\/uploads\/2024\/09\/HQC-Label-contour-300x300.png 300w, https:\/\/bontoux.com\/site2021\/wp-content\/uploads\/2024\/09\/HQC-Label-contour-150x150.png 150w, https:\/\/bontoux.com\/site2021\/wp-content\/uploads\/2024\/09\/HQC-Label-contour-768x768.png 768w, https:\/\/bontoux.com\/site2021\/wp-content\/uploads\/2024\/09\/HQC-Label-contour-1536x1536.png 1536w, https:\/\/bontoux.com\/site2021\/wp-content\/uploads\/2024\/09\/HQC-Label-contour-2048x2048.png 2048w, https:\/\/bontoux.com\/site2021\/wp-content\/uploads\/2024\/09\/HQC-Label-contour-370x370.png 370w, https:\/\/bontoux.com\/site2021\/wp-content\/uploads\/2024\/09\/HQC-Label-contour-360x360.png 360w, https:\/\/bontoux.com\/site2021\/wp-content\/uploads\/2024\/09\/HQC-Label-contour-960x960.png 960w, https:\/\/bontoux.com\/site2021\/wp-content\/uploads\/2024\/09\/HQC-Label-contour-80x80.png 80w\" sizes=\"(max-width: 300px) 100vw, 300px\" \/>\u00a0\u00a0\u00a0\u00a0\u00a0\u00a0<img loading=\"lazy\" class=\"alignnone wp-image-1459 size-medium\" src=\"https:\/\/bontoux.com\/site2021\/wp-content\/uploads\/2017\/07\/bon_gab_label_usda_400x400-300x300.png\" alt=\"\" width=\"300\" height=\"300\" srcset=\"https:\/\/bontoux.com\/site2021\/wp-content\/uploads\/2017\/07\/bon_gab_label_usda_400x400-300x300.png 300w, https:\/\/bontoux.com\/site2021\/wp-content\/uploads\/2017\/07\/bon_gab_label_usda_400x400-150x150.png 150w, https:\/\/bontoux.com\/site2021\/wp-content\/uploads\/2017\/07\/bon_gab_label_usda_400x400-370x370.png 370w, https:\/\/bontoux.com\/site2021\/wp-content\/uploads\/2017\/07\/bon_gab_label_usda_400x400-360x360.png 360w, https:\/\/bontoux.com\/site2021\/wp-content\/uploads\/2017\/07\/bon_gab_label_usda_400x400-80x80.png 80w, https:\/\/bontoux.com\/site2021\/wp-content\/uploads\/2017\/07\/bon_gab_label_usda_400x400.png 400w\" sizes=\"(max-width: 300px) 100vw, 300px\" \/>[\/vc_column_text][vc_column_text]<span style=\"font-size: small;\">Membre : IFEAT, SFP, ISO, EUROPEAN PHARMACOPEIA, CRIEPPAM, FONDS DOTATION SPLP, CIHEF, AFNOR<\/span>[\/vc_column_text][vc_empty_space height=&#8221;10px&#8221;][\/vc_column_inner][vc_column_inner width=&#8221;2\/3&#8243;][vc_empty_space height=&#8221;1px&#8221;][\/vc_column_inner][\/vc_row_inner][\/vc_column][\/vc_row][vc_row padding_top=&#8221;0&#8243; padding_bottom=&#8221;0&#8243; background_image=&#8221;0&#8243; el_class=&#8221;section-height-auto&#8221;][vc_column][vc_raw_html el_class=&#8221;anchor&#8221;]JTNDYSUyMGlkJTNEJTIyYW5hbHlzZSUyMiUzRSUzQyUyRmElM0U=[\/vc_raw_html][\/vc_column][\/vc_row][vc_row anchor=&#8221;analyse&#8221; background_image=&#8221;4381&#8243; el_class=&#8221;section-bloc-bontoux section-height-auto&#8221;][vc_column][vc_row_inner][vc_column_inner width=&#8221;2\/3&#8243;][vc_empty_space height=&#8221;1px&#8221;][\/vc_column_inner][vc_column_inner el_class=&#8221;bloc-bontoux&#8221; width=&#8221;1\/3&#8243;][vc_empty_space height=&#8221;40px&#8221;]<h5  style='line-height:1;font-weight:400;letter-spacing:0px;text-transform:uppercase;color:#43367f;' class='titre-section fittext text-center clearfix' data-max-font-size='20'>ANALYSE<\/h5>[vc_column_text]Notre laboratoire d\u2019analyses est dot\u00e9 des meilleurs \u00e9quipements analytiques disponibles pour permettre un suivi fiable et rigoureux des op\u00e9rations de production.<br \/>\nLe laboratoire dispose de nombreux appareils de mesures physico chimique et poss\u00e8de un parc chromatographique tr\u00e8s complet permettant d\u2019analyser les contaminants et contr\u00f4ler la naturalit\u00e9 et l\u2019authenticit\u00e9 des produits.[\/vc_column_text][vc_empty_space height=&#8221;40px&#8221;][\/vc_column_inner][\/vc_row_inner][\/vc_column][\/vc_row][vc_row background_color=&#8221;#43367f&#8221; background_image=&#8221;0&#8243; background_position=&#8221;center top&#8221; el_class=&#8221;section-bloc-bontoux section-height-auto&#8221;][vc_column][vc_row_inner][vc_column_inner width=&#8221;6\/12&#8243;]<h4  style='line-height:1;font-weight:400;letter-spacing:0px;text-transform:uppercase;color:#ffffff;' class='titre-section-blanc-gauche fittext text-center clearfix' data-max-font-size='0'>L'ANALYSE EN CHIFFRES<\/h4>[vc_column_text el_class=&#8221;text-blanc&#8221;]Notre laboratoire assure la tra\u00e7abilit\u00e9 et la qualit\u00e9 de l\u2019ensemble de nos mati\u00e8res premi\u00e8res achet\u00e9es, fabriqu\u00e9es ou import\u00e9es sur site. Il analyse et valide tous les ingr\u00e9dients naturels aromatiques destin\u00e9s aux clients en conformit\u00e9 avec l\u2019ensemble des contraintes r\u00e9glementaires et environnementales.[\/vc_column_text][vc_empty_space height=&#8221;40px&#8221;][\/vc_column_inner][vc_column_inner width=&#8221;1\/4&#8243;][vc_column_text el_class=&#8221;bloc_data&#8221;]<img loading=\"lazy\" class=\"wp-image-1325 size-medium alignleft\" src=\"https:\/\/bontoux.com\/site2021\/wp-content\/uploads\/2017\/10\/Bon_Picto_TRY_Vecto-10.png\" alt=\"\" width=\"60\" height=\"60\" \/><span class=\"counter\">5<\/span><br \/>\n<span class=\"legende_data\">personnes<\/span>[\/vc_column_text][vc_empty_space height=&#8221;5px&#8221;][vc_column_text el_class=&#8221;bloc_data&#8221;]<img loading=\"lazy\" class=\"wp-image-1325 size-medium alignleft\" src=\"https:\/\/bontoux.com\/site2021\/wp-content\/uploads\/2018\/04\/Bon_Picto_LABO.png\" alt=\"\" width=\"60\" height=\"60\" \/><span class=\"counter\">250<\/span><br \/>\n<span class=\"legende_data\">m\u00b2 de surface de laboratoire<\/span>[\/vc_column_text][vc_empty_space height=&#8221;5px&#8221;][\/vc_column_inner][vc_column_inner width=&#8221;1\/4&#8243;][vc_column_text el_class=&#8221;bloc_data&#8221;]<img loading=\"lazy\" class=\"wp-image-1325 size-medium alignleft\" src=\"https:\/\/bontoux.com\/site2021\/wp-content\/uploads\/2017\/10\/Bon_Picto_TRY_Vecto-03.png\" alt=\"\" width=\"60\" height=\"60\" \/><span class=\"counter\">2650<\/span><br \/>\n<span class=\"legende_data\">analyses r\u00e9alis\u00e9es par mois<br \/>\n(toutes techniques confondues)<\/span>[\/vc_column_text][vc_empty_space height=&#8221;5px&#8221;][vc_column_text el_class=&#8221;bloc_data&#8221;]<img loading=\"lazy\" class=\"wp-image-1325 size-medium alignleft\" src=\"https:\/\/bontoux.com\/site2021\/wp-content\/uploads\/2017\/11\/BON_PARFUME_FONC_BLANC.png\" alt=\"\" width=\"60\" height=\"60\" \/><span class=\"counter\">20<\/span><br \/>\n<span class=\"legende_data\">techniques d&#8217;analyses diff\u00e9rentes<\/span>[\/vc_column_text][vc_empty_space height=&#8221;5px&#8221;][\/vc_column_inner][\/vc_row_inner][\/vc_column][\/vc_row][vc_row background_color=&#8221;#43367f&#8221; background_image=&#8221;1836&#8243; el_class=&#8221;section-citation&#8221;][vc_column]<h4  style='line-height:1;font-weight:0;letter-spacing:0px;text-transform:none;' class='texte-bontoux taille3 fittext text-center clearfix' data-max-font-size='0'>Breathe Nature<\/h4>[vc_column_text el_class=&#8221;citation&#8221;]Nous concevons nos produits dans un respect inconditionnel du rythme naturel<br \/>\ndes saisons, des ressources, de la faune et de la flore.[\/vc_column_text]<span class='button-container'><a  class='bouton-section blanc wolf-button medium square icon_after border-button-accent-hover' href='https:\/\/bontoux.com\/site2021\/fr\/demarche-rse\/' target='_self'>NOS ENGAGEMENTS<\/a><\/span>[\/vc_column][\/vc_row]<\/p>\n","protected":false},"excerpt":{"rendered":"<p>[vc_row content_type=&#8221;full&#8221; padding_top=&#8221;0&#8243; padding_bottom=&#8221;0&#8243;][vc_column][rev_slider_vc alias=&#8221;savoir_faire_intro&#8221;][\/vc_column][\/vc_row][vc_row background_color=&#8221;#43367f&#8221; background_image=&#8221;0&#8243; overlay=&#8221;yes&#8221; overlay_image=&#8221;0&#8243; overlay_opacity=&#8221;40&#8243; el_class=&#8221;section-height-auto trait-fin&#8221;][vc_column][vc_row_inner][vc_column_inner width=&#8221;1\/12&#8243;][\/vc_column_inner][vc_column_inner width=&#8221;10\/12&#8243;][vc_column_text el_class=&#8221;citation&#8221;] Depuis plus de 120 ans, Bontoux est \u00e0 la source des ingr\u00e9dients naturels aromatiques. De&#8230;<\/p>\n<p><a rel=\"bookmark\" class=\"more-link wolf-button border-button-accent-hover\" href=\"https:\/\/bontoux.com\/site2021\/fr\/nos-savoir-faire\/\">Continuer la lecture \u2192<\/a><\/p>\n","protected":false},"author":3,"featured_media":0,"parent":0,"menu_order":0,"comment_status":"closed","ping_status":"closed","template":"","meta":[],"_links":{"self":[{"href":"https:\/\/bontoux.com\/site2021\/wp-json\/wp\/v2\/pages\/109"}],"collection":[{"href":"https:\/\/bontoux.com\/site2021\/wp-json\/wp\/v2\/pages"}],"about":[{"href":"https:\/\/bontoux.com\/site2021\/wp-json\/wp\/v2\/types\/page"}],"author":[{"embeddable":true,"href":"https:\/\/bontoux.com\/site2021\/wp-json\/wp\/v2\/users\/3"}],"replies":[{"embeddable":true,"href":"https:\/\/bontoux.com\/site2021\/wp-json\/wp\/v2\/comments?post=109"}],"version-history":[{"count":319,"href":"https:\/\/bontoux.com\/site2021\/wp-json\/wp\/v2\/pages\/109\/revisions"}],"predecessor-version":[{"id":7097,"href":"https:\/\/bontoux.com\/site2021\/wp-json\/wp\/v2\/pages\/109\/revisions\/7097"}],"wp:attachment":[{"href":"https:\/\/bontoux.com\/site2021\/wp-json\/wp\/v2\/media?parent=109"}],"curies":[{"name":"wp","href":"https:\/\/api.w.org\/{rel}","templated":true}]}}